{"id":1203,"date":"2012-12-16T11:46:41","date_gmt":"2012-12-16T10:46:41","guid":{"rendered":"http:\/\/truckle.in-chemnitz.de\/wordpress\/?page_id=1203"},"modified":"2018-01-31T20:58:51","modified_gmt":"2018-01-31T19:58:51","slug":"istanbul-2012","status":"publish","type":"page","link":"https:\/\/truckle.in-chemnitz.de\/wordpress\/radtouren\/istanbul-2012\/","title":{"rendered":"Istanbul 2012"},"content":{"rendered":"<p>Wir fuhren im Juni\/Juli 2012 vom heimischen Erzgebirge nach Istanbul. Unterwegs hielten wir unsere Erlebnisse in einem Blog fest:<\/p>\n<ol>\n<li><a href=\"http:\/\/truckle.in-chemnitz.de\/wordpress\/istanbul-2012-prolog\/\" title=\"Auerbach\/Dorfchemnitz - Louny\">Prolog<\/a><\/li>\n<li><a href=\"http:\/\/truckle.in-chemnitz.de\/wordpress\/istanbul-2012-2-tag-kilometerfresser-2\/\" title=\"Louny \u2013 Gol\u010duv Jen\u00edkov\">Kilometerfresser<\/a><\/li>\n<li><a href=\"http:\/\/truckle.in-chemnitz.de\/wordpress\/istanbul-2012-3-tag-gegen-den-wind\/\" title=\"Gol\u010duv Jen\u00edkov - Doln\u00ed V\u011bstonice\">Gegen den Wind<\/a><\/li>\n<li><a href=\"http:\/\/truckle.in-chemnitz.de\/wordpress\/istanbul-2012-4-tag-a-smooth-rains-gonna-fall\/\" title=\"Doln\u00ed V\u011bstonice \u2013 Nitra\">Im Stra\u00dfenkampf\/Wir gegen alle<\/a><\/li>\n<li><a href=\"http:\/\/truckle.in-chemnitz.de\/wordpress\/istanbul-2012-5-tag-vom-winde-geweht\/\" title=\"Nitra \u2013 Gy\u00f6ngy\u00f6spata\">Vom Winde geweht<\/a><\/li>\n<li><a href=\"http:\/\/truckle.in-chemnitz.de\/wordpress\/istanbul-2012-6-tag-durch-die-puszta\/\" title=\"Gy\u00f6ngy\u00f6spata \u2013 Debrecen\">Durch die Puszta<\/a>\n<li><a href=\"http:\/\/truckle.in-chemnitz.de\/wordpress\/istanbul-2012-7-tag\/\" title=\"Debrecen \u2013 S\u00e2ncraiu\">Ein ger\u00fcttelt Ma\u00df Rum\u00e4nien<\/a><\/li>\n<li><a href=\"http:\/\/truckle.in-chemnitz.de\/wordpress\/istanbul-2013-8-tag-2\/\" title=\"Sancraiu \u2013 Pasul Bucium\">Alter Schwede<\/a><\/li>\n<li><a href=\"http:\/\/truckle.in-chemnitz.de\/wordpress\/istanbul-2012-9-tag-ohne-schweis-kein-gepacktransport\/\" title=\"Pasul Bucium - Lacul Oasa Mica\">Ohne Schwei\u00df kein Gep\u00e4cktransport<\/a><\/li>\n<li><a href=\"http:\/\/truckle.in-chemnitz.de\/wordpress\/istanbul-2012-10-tag-durch-die-wolken\/\" title=\"Lacul Oasa Mica - Polovragi\">Durch die Wolken<\/a><\/li>\n<li><a href=\"http:\/\/truckle.in-chemnitz.de\/wordpress\/istanbul-2012-11-tag-hitzeschlacht-in-der-wallachei\/\" title=\"Polovragi \u2013 Bechet\">Hitzeschlacht in der Wallachei<\/a><\/li>\n<li><a href=\"http:\/\/truckle.in-chemnitz.de\/wordpress\/istanbul-2012-12-tag-heute-ruhetag\/\" title=\"Bechet\">Ruhetag<\/a><\/li>\n<li><a href=\"http:\/\/truckle.in-chemnitz.de\/wordpress\/istanbul-2012-13-tag-bulgarien\/\" title=\"Bechet - Lovech\">Bulgarien<\/a><\/li>\n<li><a href=\"http:\/\/truckle.in-chemnitz.de\/wordpress\/istanbul-2012-14-tag-uber-den-balkan\/\" title=\"Lovech - Banja\">\u00dcber den Balkan<\/a><\/li>\n<li><a href=\"http:\/\/truckle.in-chemnitz.de\/wordpress\/istanbul-2012-15-tag-sonderbare-wege\/\" title=\"Banja \u2013 Gorna Krepost\">Sonderbare Wege<\/a><\/li>\n<li><a href=\"http:\/\/truckle.in-chemnitz.de\/wordpress\/istanbul-2012-16-tag-griechisches-intermezzo\/\" title=\"Gorna Krepost - Dikea\">Griechisches Intermezzo<\/a><\/li>\n<li><a href=\"http:\/\/truckle.in-chemnitz.de\/wordpress\/istanbul-2012-17-tag-trat-nei-mer-fahrn-in-de-turkei\/\" title=\"Dikea - Kirklareli\">Trat nei, mer fahrn in de T\u00fcrkei<\/a><\/li>\n<li><a href=\"http:\/\/truckle.in-chemnitz.de\/wordpress\/istanbul-2012-18-tag-langsam-ausrollen\/\" title=\"Kirklareli - Subasi\">Langsam ausrollen<\/a><\/li>\n<li><a href=\"http:\/\/truckle.in-chemnitz.de\/wordpress\/istanbul-2012-19-tag-mer-sei-do\/\" title=\"Subasi - Istanbul\">Mer sei do<\/a><\/li>\n<li><a href=\"http:\/\/truckle.in-chemnitz.de\/wordpress\/istanbul-2012-20-tag-kultur\/\" title=\"Istanbul\">Kultur<\/a><\/li>\n<li><a href=\"http:\/\/truckle.in-chemnitz.de\/wordpress\/istanbul-2012-22-tag-heimreise\/\" title=\"Istanbul - Erzgebirge\">Heimreise<\/a><\/li>\n<\/ol>\n","protected":false},"excerpt":{"rendered":"<p>Wir fuhren im Juni\/Juli 2012 vom heimischen Erzgebirge nach Istanbul. Unterwegs hielten wir unsere Erlebnisse in einem Blog fest: Prolog Kilometerfresser Gegen den Wind Im Stra\u00dfenkampf\/Wir gegen alle Vom Winde geweht Durch die Puszta Ein ger\u00fcttelt Ma\u00df Rum\u00e4nien Alter Schwede Ohne Schwei\u00df kein Gep\u00e4cktransport Durch die Wolken Hitzeschlacht in der Wallachei Ruhetag Bulgarien \u00dcber den &hellip; <a href=\"https:\/\/truckle.in-chemnitz.de\/wordpress\/radtouren\/istanbul-2012\/\" class=\"more-link\"><span class=\"screen-reader-text\">Istanbul 2012<\/span> weiterlesen <span class=\"meta-nav\">&rarr;<\/span><\/a><\/p>\n","protected":false},"author":1,"featured_media":0,"parent":152,"menu_order":20121,"comment_status":"open","ping_status":"open","template":"","meta":{"footnotes":""},"class_list":["post-1203","page","type-page","status-publish","hentry"],"_links":{"self":[{"href":"https:\/\/truckle.in-chemnitz.de\/wordpress\/wp-json\/wp\/v2\/pages\/1203","targetHints":{"allow":["GET"]}}],"collection":[{"href":"https:\/\/truckle.in-chemnitz.de\/wordpress\/wp-json\/wp\/v2\/pages"}],"about":[{"href":"https:\/\/truckle.in-chemnitz.de\/wordpress\/wp-json\/wp\/v2\/types\/page"}],"author":[{"embeddable":true,"href":"https:\/\/truckle.in-chemnitz.de\/wordpress\/wp-json\/wp\/v2\/users\/1"}],"replies":[{"embeddable":true,"href":"https:\/\/truckle.in-chemnitz.de\/wordpress\/wp-json\/wp\/v2\/comments?post=1203"}],"version-history":[{"count":4,"href":"https:\/\/truckle.in-chemnitz.de\/wordpress\/wp-json\/wp\/v2\/pages\/1203\/revisions"}],"predecessor-version":[{"id":1230,"href":"https:\/\/truckle.in-chemnitz.de\/wordpress\/wp-json\/wp\/v2\/pages\/1203\/revisions\/1230"}],"up":[{"embeddable":true,"href":"https:\/\/truckle.in-chemnitz.de\/wordpress\/wp-json\/wp\/v2\/pages\/152"}],"wp:attachment":[{"href":"https:\/\/truckle.in-chemnitz.de\/wordpress\/wp-json\/wp\/v2\/media?parent=1203"}],"curies":[{"name":"wp","href":"https:\/\/api.w.org\/{rel}","templated":true}]}}