{"id":1235,"date":"2012-12-21T23:18:49","date_gmt":"2012-12-21T22:18:49","guid":{"rendered":"http:\/\/truckle.in-chemnitz.de\/wordpress\/?page_id=1235"},"modified":"2012-12-26T23:17:28","modified_gmt":"2012-12-26T22:17:28","slug":"alpen-2009-01-isar-bis-freising","status":"publish","type":"page","link":"https:\/\/truckle.in-chemnitz.de\/wordpress\/radtouren\/alpen-2009\/alpen-2009-01-isar-bis-freising\/","title":{"rendered":"Alpen 2009 &#8211; 01 &#8211; Isar bis Freising"},"content":{"rendered":"<p>Plattling bis Freising &#8211; 127km<\/p>\n<p>Da ich diesmal nur allein unterwegs sein sollte und die Zeit knapp bemessen war, radelte ich nicht direkt im heimischen Erzgebirge los. So fuhr ich also mit dem Auto nach Plattling, direkt an der M\u00fcndung der Isar in die Donau gelegen. Dort stellte ich die Benzinkutsche auf den Parkplatz am Bahnhof, baute das Vorderrad wieder ein, wechselte noch schnell die Bremsgummis und schwang mich gegen 13:15 Uhr in den Sattel.<\/p>\n<p><figure id=\"attachment_1236\" aria-describedby=\"caption-attachment-1236\" style=\"width: 600px\" class=\"wp-caption aligncenter\"><a href=\"http:\/\/truckle.in-chemnitz.de\/wordpress\/wp-content\/uploads\/2012\/12\/imgp4387.jpg\"><img loading=\"lazy\" decoding=\"async\" src=\"http:\/\/truckle.in-chemnitz.de\/wordpress\/wp-content\/uploads\/2012\/12\/imgp4387-600x450.jpg\" alt=\"Isar bei Plattling\" width=\"600\" height=\"450\" class=\"size-large wp-image-1236\" srcset=\"https:\/\/truckle.in-chemnitz.de\/wordpress\/wp-content\/uploads\/2012\/12\/imgp4387-600x450.jpg 600w, https:\/\/truckle.in-chemnitz.de\/wordpress\/wp-content\/uploads\/2012\/12\/imgp4387-270x202.jpg 270w, https:\/\/truckle.in-chemnitz.de\/wordpress\/wp-content\/uploads\/2012\/12\/imgp4387-624x468.jpg 624w, https:\/\/truckle.in-chemnitz.de\/wordpress\/wp-content\/uploads\/2012\/12\/imgp4387.jpg 2048w\" sizes=\"auto, (max-width: 600px) 100vw, 600px\" \/><\/a><figcaption id=\"caption-attachment-1236\" class=\"wp-caption-text\">Isar bei Plattling<\/figcaption><\/figure><br \/>\n<figure id=\"attachment_1237\" aria-describedby=\"caption-attachment-1237\" style=\"width: 600px\" class=\"wp-caption aligncenter\"><a href=\"http:\/\/truckle.in-chemnitz.de\/wordpress\/wp-content\/uploads\/2012\/12\/imgp4388.jpg\"><img loading=\"lazy\" decoding=\"async\" src=\"http:\/\/truckle.in-chemnitz.de\/wordpress\/wp-content\/uploads\/2012\/12\/imgp4388-600x450.jpg\" alt=\"Isar\" width=\"600\" height=\"450\" class=\"size-large wp-image-1237\" srcset=\"https:\/\/truckle.in-chemnitz.de\/wordpress\/wp-content\/uploads\/2012\/12\/imgp4388-600x450.jpg 600w, https:\/\/truckle.in-chemnitz.de\/wordpress\/wp-content\/uploads\/2012\/12\/imgp4388-270x202.jpg 270w, https:\/\/truckle.in-chemnitz.de\/wordpress\/wp-content\/uploads\/2012\/12\/imgp4388-624x468.jpg 624w, https:\/\/truckle.in-chemnitz.de\/wordpress\/wp-content\/uploads\/2012\/12\/imgp4388.jpg 2048w\" sizes=\"auto, (max-width: 600px) 100vw, 600px\" \/><\/a><figcaption id=\"caption-attachment-1237\" class=\"wp-caption-text\">Isar<\/figcaption><\/figure><\/p>\n<p>\u00d6stlich von Plattling bog ich direkt auf den Isar-Radweg ein. Gut ausgebaute, meist geschotterte, Wege f\u00fchren durch sch\u00f6ne Flu\u00dfauen und Erlenw\u00e4lder unmerklich ansteigend flu\u00dfaufw\u00e4rts. Viele G\u00e4nse, Enten und andere Wasserv\u00f6gel tummeln sich zwischen den tief herabh\u00e4ngenden Zweigen am Ufer. Der Radweg ist nicht zu verfehlen, die Beschilderung einwandfrei.<\/p>\n<figure id=\"attachment_1238\" aria-describedby=\"caption-attachment-1238\" style=\"width: 600px\" class=\"wp-caption aligncenter\"><a href=\"http:\/\/truckle.in-chemnitz.de\/wordpress\/wp-content\/uploads\/2012\/12\/imgp4389.jpg\"><img loading=\"lazy\" decoding=\"async\" src=\"http:\/\/truckle.in-chemnitz.de\/wordpress\/wp-content\/uploads\/2012\/12\/imgp4389-600x450.jpg\" alt=\"Feiner Radweg\" width=\"600\" height=\"450\" class=\"size-large wp-image-1238\" srcset=\"https:\/\/truckle.in-chemnitz.de\/wordpress\/wp-content\/uploads\/2012\/12\/imgp4389-600x450.jpg 600w, https:\/\/truckle.in-chemnitz.de\/wordpress\/wp-content\/uploads\/2012\/12\/imgp4389-270x202.jpg 270w, https:\/\/truckle.in-chemnitz.de\/wordpress\/wp-content\/uploads\/2012\/12\/imgp4389-624x468.jpg 624w, https:\/\/truckle.in-chemnitz.de\/wordpress\/wp-content\/uploads\/2012\/12\/imgp4389.jpg 2048w\" sizes=\"auto, (max-width: 600px) 100vw, 600px\" \/><\/a><figcaption id=\"caption-attachment-1238\" class=\"wp-caption-text\">Feiner Radweg<\/figcaption><\/figure>\n<p>In Landshut war eine Br\u00fccke gesperrt und deshalb der Radweg auf der anderen Seite der Isar nicht zu erreichen. Ich habe die Stadtdurchfahrt genutzt, um Proviant aufzuf\u00fcllen.<\/p>\n<p>S\u00fcdlich von Landshut musste ich eine Weile unmittelbar neben der Bundesstra\u00dfe entlang radeln, landschaftlich wenig reizvoll und laut. An einer Tankstelle bei Eching habe ich dann erstmal aufgetankt &#8212; Luft in die Reifen, Kuchen und Milch in meinen Magen. Ab hier fuhr ich auch wieder auf wesentlich sch\u00f6neren Wegen nahe der Isar.<\/p>\n<p>Eine weitere Sperrung des Radwegs war \u00fcberhaupt kein Problem &#8212; die Umleitung bis Moosburg war hervorragend beschildert.<\/p>\n<figure id=\"attachment_1239\" aria-describedby=\"caption-attachment-1239\" style=\"width: 600px\" class=\"wp-caption aligncenter\"><a href=\"http:\/\/truckle.in-chemnitz.de\/wordpress\/wp-content\/uploads\/2012\/12\/imgp4390.jpg\"><img loading=\"lazy\" decoding=\"async\" src=\"http:\/\/truckle.in-chemnitz.de\/wordpress\/wp-content\/uploads\/2012\/12\/imgp4390-600x450.jpg\" alt=\"Br\u00fccke bei Moosburg\" width=\"600\" height=\"450\" class=\"size-large wp-image-1239\" srcset=\"https:\/\/truckle.in-chemnitz.de\/wordpress\/wp-content\/uploads\/2012\/12\/imgp4390-600x450.jpg 600w, https:\/\/truckle.in-chemnitz.de\/wordpress\/wp-content\/uploads\/2012\/12\/imgp4390-270x202.jpg 270w, https:\/\/truckle.in-chemnitz.de\/wordpress\/wp-content\/uploads\/2012\/12\/imgp4390-624x468.jpg 624w, https:\/\/truckle.in-chemnitz.de\/wordpress\/wp-content\/uploads\/2012\/12\/imgp4390.jpg 2048w\" sizes=\"auto, (max-width: 600px) 100vw, 600px\" \/><\/a><figcaption id=\"caption-attachment-1239\" class=\"wp-caption-text\">Br\u00fccke bei Moosburg<\/figcaption><\/figure>\n<p>Nach 110km erreichte ich Freising. Es war bereits 19:15 Uhr, also h\u00f6chste Zeit, eine Unterkunft zu suchen. Das erwies sich als ziemlich schwierig. Nachdem ich die Vororte auf der Suche nach einer Pension abgeklappert hatte, ohne f\u00fcndig zu werden, wurde es schon dunkel. Es war dann schon 20:30 und stockfinster, als ich im Hotel &#8222;Zur Gred&#8220; abgestiegen bin.<\/p>\n<p>Nach einem durchaus guten Abendessen direkt in der Hotelkneipe, drei Hefeweizen und einem vom Wirt spendierten Julischka (kroatischer Zitronenlik\u00f6r), bin ich nochmal los zu einem Bummel durch die Stadt. Es fand gerade das Freisinger Volksfest statt, mit gro\u00dfem Festzelt voller alkoholisierter Leute in Pseudo-Tracht, die zu drittklassiger Musik auf Tischen und B\u00e4nken tanzten. Nicht so mein Ding &#8212; also zur\u00fcck und ins Bett.<\/p>\n<p><a href=\"http:\/\/truckle.in-chemnitz.de\/gps\/GPSDATA-20090905s_s-osm.html\">Karte<\/a><\/p>\n<figure id=\"attachment_1426\" aria-describedby=\"caption-attachment-1426\" style=\"width: 600px\" class=\"wp-caption aligncenter\"><a href=\"http:\/\/truckle.in-chemnitz.de\/wordpress\/wp-content\/uploads\/2012\/12\/GPSDATA-20090905s-profile.png\"><img loading=\"lazy\" decoding=\"async\" src=\"http:\/\/truckle.in-chemnitz.de\/wordpress\/wp-content\/uploads\/2012\/12\/GPSDATA-20090905s-profile-600x253.png\" alt=\"Profil\" width=\"600\" height=\"253\" class=\"size-large wp-image-1426\" srcset=\"https:\/\/truckle.in-chemnitz.de\/wordpress\/wp-content\/uploads\/2012\/12\/GPSDATA-20090905s-profile-600x253.png 600w, https:\/\/truckle.in-chemnitz.de\/wordpress\/wp-content\/uploads\/2012\/12\/GPSDATA-20090905s-profile-270x114.png 270w, https:\/\/truckle.in-chemnitz.de\/wordpress\/wp-content\/uploads\/2012\/12\/GPSDATA-20090905s-profile-624x263.png 624w, https:\/\/truckle.in-chemnitz.de\/wordpress\/wp-content\/uploads\/2012\/12\/GPSDATA-20090905s-profile.png 900w\" sizes=\"auto, (max-width: 600px) 100vw, 600px\" \/><\/a><figcaption id=\"caption-attachment-1426\" class=\"wp-caption-text\">Profil<\/figcaption><\/figure>\n<div style=\"text-align: right\"><a href=\"http:\/\/truckle.in-chemnitz.de\/wordpress\/radtouren\/alpen-2009\/alpen-2009-02-aachensee\/\" title=\"Alpen 2009 \u2013 02 \u2013 Aachensee\">Weiter<\/a><\/div>\n","protected":false},"excerpt":{"rendered":"<p>Plattling bis Freising &#8211; 127km Da ich diesmal nur allein unterwegs sein sollte und die Zeit knapp bemessen war, radelte ich nicht direkt im heimischen Erzgebirge los. So fuhr ich also mit dem Auto nach Plattling, direkt an der M\u00fcndung der Isar in die Donau gelegen. Dort stellte ich die Benzinkutsche auf den Parkplatz am &hellip; <a href=\"https:\/\/truckle.in-chemnitz.de\/wordpress\/radtouren\/alpen-2009\/alpen-2009-01-isar-bis-freising\/\" class=\"more-link\"><span class=\"screen-reader-text\">Alpen 2009 &#8211; 01 &#8211; Isar bis Freising<\/span> weiterlesen <span class=\"meta-nav\">&rarr;<\/span><\/a><\/p>\n","protected":false},"author":1,"featured_media":0,"parent":1245,"menu_order":0,"comment_status":"open","ping_status":"open","template":"","meta":{"footnotes":""},"class_list":["post-1235","page","type-page","status-publish","hentry"],"_links":{"self":[{"href":"https:\/\/truckle.in-chemnitz.de\/wordpress\/wp-json\/wp\/v2\/pages\/1235","targetHints":{"allow":["GET"]}}],"collection":[{"href":"https:\/\/truckle.in-chemnitz.de\/wordpress\/wp-json\/wp\/v2\/pages"}],"about":[{"href":"https:\/\/truckle.in-chemnitz.de\/wordpress\/wp-json\/wp\/v2\/types\/page"}],"author":[{"embeddable":true,"href":"https:\/\/truckle.in-chemnitz.de\/wordpress\/wp-json\/wp\/v2\/users\/1"}],"replies":[{"embeddable":true,"href":"https:\/\/truckle.in-chemnitz.de\/wordpress\/wp-json\/wp\/v2\/comments?post=1235"}],"version-history":[{"count":11,"href":"https:\/\/truckle.in-chemnitz.de\/wordpress\/wp-json\/wp\/v2\/pages\/1235\/revisions"}],"predecessor-version":[{"id":1428,"href":"https:\/\/truckle.in-chemnitz.de\/wordpress\/wp-json\/wp\/v2\/pages\/1235\/revisions\/1428"}],"up":[{"embeddable":true,"href":"https:\/\/truckle.in-chemnitz.de\/wordpress\/wp-json\/wp\/v2\/pages\/1245"}],"wp:attachment":[{"href":"https:\/\/truckle.in-chemnitz.de\/wordpress\/wp-json\/wp\/v2\/media?parent=1235"}],"curies":[{"name":"wp","href":"https:\/\/api.w.org\/{rel}","templated":true}]}}