{"id":1316,"date":"2012-12-22T18:13:23","date_gmt":"2012-12-22T17:13:23","guid":{"rendered":"http:\/\/truckle.in-chemnitz.de\/wordpress\/?page_id=1316"},"modified":"2012-12-26T23:23:22","modified_gmt":"2012-12-26T22:23:22","slug":"alpen-2009-04-klammljochl","status":"publish","type":"page","link":"https:\/\/truckle.in-chemnitz.de\/wordpress\/radtouren\/alpen-2009\/alpen-2009-04-klammljochl\/","title":{"rendered":"Alpen 2009 &#8211; 04 &#8211; Klammlj\u00f6chl"},"content":{"rendered":"<p>Terenten bis St. Jakob in Defereggen &#8211; 76km, gesamt 513km<\/p>\n<p>Ein sp\u00e4tes Fr\u00fchst\u00fcck sorgte f\u00fcr einen sp\u00e4ten Start, erst kurz nach Neun. Es ging durch Terenten hindurch weiter bergauf, ab dem Ortsausgang aber meist bergab. Einen Abzweig bei Greinwalden h\u00e4tte ich fast verpasst und legte eine Vollbremsung hin, um nicht zu viel Berg wieder hochackern zu m\u00fcssen. Im Ort habe ich nach dem Weg gefragt und fand so auch das unscheinbare Str\u00e4\u00dfchen, das mich hinab nach St. Georgen im Ahrntal brachte.<\/p>\n<p><figure id=\"attachment_1320\" aria-describedby=\"caption-attachment-1320\" style=\"width: 600px\" class=\"wp-caption aligncenter\"><a href=\"http:\/\/truckle.in-chemnitz.de\/wordpress\/wp-content\/uploads\/2012\/12\/imgp4450.jpg\"><img loading=\"lazy\" decoding=\"async\" src=\"http:\/\/truckle.in-chemnitz.de\/wordpress\/wp-content\/uploads\/2012\/12\/imgp4450-600x450.jpg\" alt=\"Sonnenstra\u00dfe bei Terenten\" width=\"600\" height=\"450\" class=\"size-large wp-image-1320\" srcset=\"https:\/\/truckle.in-chemnitz.de\/wordpress\/wp-content\/uploads\/2012\/12\/imgp4450-600x450.jpg 600w, https:\/\/truckle.in-chemnitz.de\/wordpress\/wp-content\/uploads\/2012\/12\/imgp4450-270x202.jpg 270w, https:\/\/truckle.in-chemnitz.de\/wordpress\/wp-content\/uploads\/2012\/12\/imgp4450-624x468.jpg 624w, https:\/\/truckle.in-chemnitz.de\/wordpress\/wp-content\/uploads\/2012\/12\/imgp4450.jpg 2048w\" sizes=\"auto, (max-width: 600px) 100vw, 600px\" \/><\/a><figcaption id=\"caption-attachment-1320\" class=\"wp-caption-text\">Sonnenstra\u00dfe bei Terenten<\/figcaption><\/figure><br \/>\n<figure id=\"attachment_1321\" aria-describedby=\"caption-attachment-1321\" style=\"width: 600px\" class=\"wp-caption aligncenter\"><a href=\"http:\/\/truckle.in-chemnitz.de\/wordpress\/wp-content\/uploads\/2012\/12\/imgp4451.jpg\"><img loading=\"lazy\" decoding=\"async\" src=\"http:\/\/truckle.in-chemnitz.de\/wordpress\/wp-content\/uploads\/2012\/12\/imgp4451-600x450.jpg\" alt=\"Pustertal von oben\" width=\"600\" height=\"450\" class=\"size-large wp-image-1321\" srcset=\"https:\/\/truckle.in-chemnitz.de\/wordpress\/wp-content\/uploads\/2012\/12\/imgp4451-600x450.jpg 600w, https:\/\/truckle.in-chemnitz.de\/wordpress\/wp-content\/uploads\/2012\/12\/imgp4451-270x202.jpg 270w, https:\/\/truckle.in-chemnitz.de\/wordpress\/wp-content\/uploads\/2012\/12\/imgp4451-624x468.jpg 624w, https:\/\/truckle.in-chemnitz.de\/wordpress\/wp-content\/uploads\/2012\/12\/imgp4451.jpg 2048w\" sizes=\"auto, (max-width: 600px) 100vw, 600px\" \/><\/a><figcaption id=\"caption-attachment-1321\" class=\"wp-caption-text\">Pustertal von oben<\/figcaption><\/figure><\/p>\n<p>Ab dort f\u00fchrt ein gut beschilderter Radweg auf Nebenstra\u00dfen talaufw\u00e4rts bis Sand in Taufers. In Grain kaufte ich mir noch etwas Backwerk als Wegzehrung. Dann ging es zur Sache &#8212; ab Sand geht die Stra\u00dfe links der Reinbachf\u00e4lle geh\u00f6rig bergauf. In meiner Karte stand was von 21% Steigung. Ich denke aber nicht, dass es wirklich so arg war, an der Stra\u00dfe selbst war einmal 17% beschildert und dort mu\u00dfte ich auch ein kurzes St\u00fcck schieben. Den Rest bew\u00e4ltigte ich im schweren Wiegetritt.<\/p>\n<figure id=\"attachment_1322\" aria-describedby=\"caption-attachment-1322\" style=\"width: 600px\" class=\"wp-caption aligncenter\"><a href=\"http:\/\/truckle.in-chemnitz.de\/wordpress\/wp-content\/uploads\/2012\/12\/imgp4452.jpg\"><img loading=\"lazy\" decoding=\"async\" src=\"http:\/\/truckle.in-chemnitz.de\/wordpress\/wp-content\/uploads\/2012\/12\/imgp4452-600x450.jpg\" alt=\"Burg in Sand in Taufers\" width=\"600\" height=\"450\" class=\"size-large wp-image-1322\" srcset=\"https:\/\/truckle.in-chemnitz.de\/wordpress\/wp-content\/uploads\/2012\/12\/imgp4452-600x450.jpg 600w, https:\/\/truckle.in-chemnitz.de\/wordpress\/wp-content\/uploads\/2012\/12\/imgp4452-270x202.jpg 270w, https:\/\/truckle.in-chemnitz.de\/wordpress\/wp-content\/uploads\/2012\/12\/imgp4452-624x468.jpg 624w, https:\/\/truckle.in-chemnitz.de\/wordpress\/wp-content\/uploads\/2012\/12\/imgp4452.jpg 2048w\" sizes=\"auto, (max-width: 600px) 100vw, 600px\" \/><\/a><figcaption id=\"caption-attachment-1322\" class=\"wp-caption-text\">Burg in Sand in Taufers<\/figcaption><\/figure>\n<p>Die Reinbachf\u00e4lle selbst liegen weiter rechts im Wald, ich bekam sie leider nicht zu Gesicht. Aber auch so ist die Strecke landschaftlich sch\u00f6n und f\u00fchrt immer am wild sch\u00e4umenden Fluss hinauf. Weiter oben geht es \u00fcber Serpentinen rechts am Hang hoch und dann durch mehrere Galerien. Bei der letzten davon wurde gebaut, die Ampelregelung sorgte f\u00fcr eine willkommene Pause.<\/p>\n<figure id=\"attachment_1323\" aria-describedby=\"caption-attachment-1323\" style=\"width: 600px\" class=\"wp-caption aligncenter\"><a href=\"http:\/\/truckle.in-chemnitz.de\/wordpress\/wp-content\/uploads\/2012\/12\/imgp4455.jpg\"><img loading=\"lazy\" decoding=\"async\" src=\"http:\/\/truckle.in-chemnitz.de\/wordpress\/wp-content\/uploads\/2012\/12\/imgp4455-600x450.jpg\" alt=\"Hochgall von Rein in Taufers aus gesehen\" width=\"600\" height=\"450\" class=\"size-large wp-image-1323\" srcset=\"https:\/\/truckle.in-chemnitz.de\/wordpress\/wp-content\/uploads\/2012\/12\/imgp4455-600x450.jpg 600w, https:\/\/truckle.in-chemnitz.de\/wordpress\/wp-content\/uploads\/2012\/12\/imgp4455-270x202.jpg 270w, https:\/\/truckle.in-chemnitz.de\/wordpress\/wp-content\/uploads\/2012\/12\/imgp4455-624x468.jpg 624w, https:\/\/truckle.in-chemnitz.de\/wordpress\/wp-content\/uploads\/2012\/12\/imgp4455.jpg 2048w\" sizes=\"auto, (max-width: 600px) 100vw, 600px\" \/><\/a><figcaption id=\"caption-attachment-1323\" class=\"wp-caption-text\">Hochgall von Rein in Taufers aus gesehen<\/figcaption><\/figure>\n<p>Bei Rein in Taufers erreicht man ein Hochtal mit wunderbarer Aussicht auf den schneebedeckten <a href=\"http:\/\/www.hochgall.com\/reinintaufers\/hochgall\/index.php\" target=\"_blank\">Hochgall<\/a> am Ende des Bacher Tals. Ich fuhr im Ort einige Serpentinen an der linken Talseite hoch und bog oben in das Kuttental ein. Die Schotterpiste dort ist f\u00fcr Autos gesperrt, aber mit dem Tourenrad prima zu fahren. Flache und steilere St\u00fccke wechseln sich ab. So erreichte ich gegen Mittag die Kuttenalm und st\u00e4rkte mich erstmal mit einer Portion Spaghetti und zwei Hefeweizen.<\/p>\n<p><figure id=\"attachment_1324\" aria-describedby=\"caption-attachment-1324\" style=\"width: 600px\" class=\"wp-caption aligncenter\"><a href=\"http:\/\/truckle.in-chemnitz.de\/wordpress\/wp-content\/uploads\/2012\/12\/imgp4456.jpg\"><img loading=\"lazy\" decoding=\"async\" src=\"http:\/\/truckle.in-chemnitz.de\/wordpress\/wp-content\/uploads\/2012\/12\/imgp4456-600x450.jpg\" alt=\"Kuttental\" width=\"600\" height=\"450\" class=\"size-large wp-image-1324\" srcset=\"https:\/\/truckle.in-chemnitz.de\/wordpress\/wp-content\/uploads\/2012\/12\/imgp4456-600x450.jpg 600w, https:\/\/truckle.in-chemnitz.de\/wordpress\/wp-content\/uploads\/2012\/12\/imgp4456-270x202.jpg 270w, https:\/\/truckle.in-chemnitz.de\/wordpress\/wp-content\/uploads\/2012\/12\/imgp4456-624x468.jpg 624w, https:\/\/truckle.in-chemnitz.de\/wordpress\/wp-content\/uploads\/2012\/12\/imgp4456.jpg 2048w\" sizes=\"auto, (max-width: 600px) 100vw, 600px\" \/><\/a><figcaption id=\"caption-attachment-1324\" class=\"wp-caption-text\">Kuttental<\/figcaption><\/figure><br \/>\n<figure id=\"attachment_1325\" aria-describedby=\"caption-attachment-1325\" style=\"width: 450px\" class=\"wp-caption aligncenter\"><a href=\"http:\/\/truckle.in-chemnitz.de\/wordpress\/wp-content\/uploads\/2012\/12\/imgp4458.jpg\"><img loading=\"lazy\" decoding=\"async\" src=\"http:\/\/truckle.in-chemnitz.de\/wordpress\/wp-content\/uploads\/2012\/12\/imgp4458-450x600.jpg\" alt=\"Blick vom Klammlsee zur\u00fcck Richtung Kuttental\" width=\"450\" height=\"600\" class=\"size-large wp-image-1325\" srcset=\"https:\/\/truckle.in-chemnitz.de\/wordpress\/wp-content\/uploads\/2012\/12\/imgp4458-450x600.jpg 450w, https:\/\/truckle.in-chemnitz.de\/wordpress\/wp-content\/uploads\/2012\/12\/imgp4458-202x270.jpg 202w, https:\/\/truckle.in-chemnitz.de\/wordpress\/wp-content\/uploads\/2012\/12\/imgp4458-624x832.jpg 624w, https:\/\/truckle.in-chemnitz.de\/wordpress\/wp-content\/uploads\/2012\/12\/imgp4458.jpg 1536w\" sizes=\"auto, (max-width: 450px) 100vw, 450px\" \/><\/a><figcaption id=\"caption-attachment-1325\" class=\"wp-caption-text\">Blick vom Klammlsee zur\u00fcck Richtung Kuttental<\/figcaption><\/figure><\/p>\n<p>Der Weg geht weiter auf Schotter hoch zum Klammlj\u00f6chl auf 2288m H\u00f6he. Jetzt r\u00e4chte sich die gestrige Gewalttour, ich mu\u00dfte reichlich 50% der Strecke schieben, obwohl das eigentlich fahrbar ist. V\u00f6llig ausgepowert kam ich oben auf der Passh\u00f6he an, die von einer Rinderherde besetzt war. Ein Schlagbaum und altes Grenzhaus erinnern daran, dass hier die Grenze zwischen \u00d6sterreich und Italien verl\u00e4uft. Auf der \u00f6sterreichischen Seite f\u00fchrt ein gut fahrbarer Weg hinab nach Osttirol. Also &#8212; Helm auf, nochmal Bremse kontrolliert und ab zur Schu\u00dffahrt.<\/p>\n<p><figure id=\"attachment_1326\" aria-describedby=\"caption-attachment-1326\" style=\"width: 600px\" class=\"wp-caption aligncenter\"><a href=\"http:\/\/truckle.in-chemnitz.de\/wordpress\/wp-content\/uploads\/2012\/12\/imgp4459.jpg\"><img loading=\"lazy\" decoding=\"async\" src=\"http:\/\/truckle.in-chemnitz.de\/wordpress\/wp-content\/uploads\/2012\/12\/imgp4459-600x450.jpg\" alt=\"Klammlsee\" width=\"600\" height=\"450\" class=\"size-large wp-image-1326\" srcset=\"https:\/\/truckle.in-chemnitz.de\/wordpress\/wp-content\/uploads\/2012\/12\/imgp4459-600x450.jpg 600w, https:\/\/truckle.in-chemnitz.de\/wordpress\/wp-content\/uploads\/2012\/12\/imgp4459-270x202.jpg 270w, https:\/\/truckle.in-chemnitz.de\/wordpress\/wp-content\/uploads\/2012\/12\/imgp4459-624x468.jpg 624w, https:\/\/truckle.in-chemnitz.de\/wordpress\/wp-content\/uploads\/2012\/12\/imgp4459.jpg 2048w\" sizes=\"auto, (max-width: 600px) 100vw, 600px\" \/><\/a><figcaption id=\"caption-attachment-1326\" class=\"wp-caption-text\">Klammlsee<\/figcaption><\/figure><br \/>\n<figure id=\"attachment_1327\" aria-describedby=\"caption-attachment-1327\" style=\"width: 600px\" class=\"wp-caption aligncenter\"><a href=\"http:\/\/truckle.in-chemnitz.de\/wordpress\/wp-content\/uploads\/2012\/12\/imgp4462.jpg\"><img loading=\"lazy\" decoding=\"async\" src=\"http:\/\/truckle.in-chemnitz.de\/wordpress\/wp-content\/uploads\/2012\/12\/imgp4462-600x450.jpg\" alt=\"Blick vom Klammljoch nach Osttirol\" width=\"600\" height=\"450\" class=\"size-large wp-image-1327\" srcset=\"https:\/\/truckle.in-chemnitz.de\/wordpress\/wp-content\/uploads\/2012\/12\/imgp4462-600x450.jpg 600w, https:\/\/truckle.in-chemnitz.de\/wordpress\/wp-content\/uploads\/2012\/12\/imgp4462-270x202.jpg 270w, https:\/\/truckle.in-chemnitz.de\/wordpress\/wp-content\/uploads\/2012\/12\/imgp4462-624x468.jpg 624w, https:\/\/truckle.in-chemnitz.de\/wordpress\/wp-content\/uploads\/2012\/12\/imgp4462.jpg 2048w\" sizes=\"auto, (max-width: 600px) 100vw, 600px\" \/><\/a><figcaption id=\"caption-attachment-1327\" class=\"wp-caption-text\">Blick vom Klammljoch nach Osttirol<\/figcaption><\/figure><\/p>\n<p>Ich war von der Gegend total begeistert, fuhr ich doch quasi allein durch ein wildes einsames Hochtal, begrenzt von maejest\u00e4tischen Bergen. Das Gebiet ist weder touristisch noch sonst irgendwie erschlossen. Nach ein paar Kilometern kam ich an die Jagdhausalm, die nicht umsonst auch &#8222;Klein-Tibet&#8220; genannt wird.<\/p>\n<p><figure id=\"attachment_1328\" aria-describedby=\"caption-attachment-1328\" style=\"width: 600px\" class=\"wp-caption aligncenter\"><a href=\"http:\/\/truckle.in-chemnitz.de\/wordpress\/wp-content\/uploads\/2012\/12\/imgp4463.jpg\"><img loading=\"lazy\" decoding=\"async\" src=\"http:\/\/truckle.in-chemnitz.de\/wordpress\/wp-content\/uploads\/2012\/12\/imgp4463-600x450.jpg\" alt=\"einsame Wildnis\" width=\"600\" height=\"450\" class=\"size-large wp-image-1328\" srcset=\"https:\/\/truckle.in-chemnitz.de\/wordpress\/wp-content\/uploads\/2012\/12\/imgp4463-600x450.jpg 600w, https:\/\/truckle.in-chemnitz.de\/wordpress\/wp-content\/uploads\/2012\/12\/imgp4463-270x202.jpg 270w, https:\/\/truckle.in-chemnitz.de\/wordpress\/wp-content\/uploads\/2012\/12\/imgp4463-624x468.jpg 624w, https:\/\/truckle.in-chemnitz.de\/wordpress\/wp-content\/uploads\/2012\/12\/imgp4463.jpg 2048w\" sizes=\"auto, (max-width: 600px) 100vw, 600px\" \/><\/a><figcaption id=\"caption-attachment-1328\" class=\"wp-caption-text\">einsame Wildnis<\/figcaption><\/figure><br \/>\n<figure id=\"attachment_1330\" aria-describedby=\"caption-attachment-1330\" style=\"width: 600px\" class=\"wp-caption aligncenter\"><a href=\"http:\/\/truckle.in-chemnitz.de\/wordpress\/wp-content\/uploads\/2012\/12\/imgp4464.jpg\"><img loading=\"lazy\" decoding=\"async\" src=\"http:\/\/truckle.in-chemnitz.de\/wordpress\/wp-content\/uploads\/2012\/12\/imgp4464-600x450.jpg\" alt=\"weg zur Jagdhausalm\" width=\"600\" height=\"450\" class=\"size-large wp-image-1330\" srcset=\"https:\/\/truckle.in-chemnitz.de\/wordpress\/wp-content\/uploads\/2012\/12\/imgp4464-600x450.jpg 600w, https:\/\/truckle.in-chemnitz.de\/wordpress\/wp-content\/uploads\/2012\/12\/imgp4464-270x202.jpg 270w, https:\/\/truckle.in-chemnitz.de\/wordpress\/wp-content\/uploads\/2012\/12\/imgp4464-624x468.jpg 624w, https:\/\/truckle.in-chemnitz.de\/wordpress\/wp-content\/uploads\/2012\/12\/imgp4464.jpg 2048w\" sizes=\"auto, (max-width: 600px) 100vw, 600px\" \/><\/a><figcaption id=\"caption-attachment-1330\" class=\"wp-caption-text\">weg zur Jagdhausalm<\/figcaption><\/figure><\/p>\n<p>Leider mu\u00dfte ich von den H\u00e4usern einen halben Kilometer wieder auf dem selben Weg zur\u00fcck, der Fu\u00dfweg talabw\u00e4rts war nur ein Trampelpfad und eine Viehsperre hatte einen nur ca. 50cm breiten, verwinkelten Durchla\u00df. Ich fand keine M\u00f6glichkeit, mein Rad da durchzubekommen. Daf\u00fcr hatte ich vom anderen Weg, der auf der rechten Talseite oberhalb der Alm vorbeif\u00fchrt, einen sch\u00f6nen Blick auf das Anwesen.<\/p>\n<figure id=\"attachment_1329\" aria-describedby=\"caption-attachment-1329\" style=\"width: 600px\" class=\"wp-caption aligncenter\"><a href=\"http:\/\/truckle.in-chemnitz.de\/wordpress\/wp-content\/uploads\/2012\/12\/imgp4465.jpg\"><img loading=\"lazy\" decoding=\"async\" src=\"http:\/\/truckle.in-chemnitz.de\/wordpress\/wp-content\/uploads\/2012\/12\/imgp4465-600x450.jpg\" alt=\"Klein Tibet\" width=\"600\" height=\"450\" class=\"size-large wp-image-1329\" srcset=\"https:\/\/truckle.in-chemnitz.de\/wordpress\/wp-content\/uploads\/2012\/12\/imgp4465-600x450.jpg 600w, https:\/\/truckle.in-chemnitz.de\/wordpress\/wp-content\/uploads\/2012\/12\/imgp4465-270x202.jpg 270w, https:\/\/truckle.in-chemnitz.de\/wordpress\/wp-content\/uploads\/2012\/12\/imgp4465-624x468.jpg 624w, https:\/\/truckle.in-chemnitz.de\/wordpress\/wp-content\/uploads\/2012\/12\/imgp4465.jpg 2048w\" sizes=\"auto, (max-width: 600px) 100vw, 600px\" \/><\/a><figcaption id=\"caption-attachment-1329\" class=\"wp-caption-text\">Klein Tibet<\/figcaption><\/figure>\n<p>Drei \u00fcberaus schnelle Mountainbiker \u00fcberholten mich. Ob die einen Schutzengel dabeihaben? Ein Wackler oder Ausrutscher h\u00e4tte wohl zu einem grandiosen Abflug gef\u00fchrt. Die Leute hatten ihr Ger\u00e4t aber wohl im Griff, schnell waren sie bergabw\u00e4rts meinen Blicken entschwunden. Ich lies es langsamer angehen, genoss die sch\u00f6ne Gegend. Einige kleine Gegenanstiege bremsten das Tempo ohnehin herunter. In Richtung Seebachalm war gerade Almabtrieb, ich musste mich also hinter der Kuhherde einreihen.<\/p>\n<p>In Erlshausen kommt man auf die Stra\u00dfe, die vom Stallersattel, einem anderen \u00dcbergang zwischen S\u00fcd- und Osttirol, herunterkommt. In St. Defereggen habe ich die Etappe vorzeitig beendet, ich f\u00fchlte mich v\u00f6llig ausgepumpt. Ich bin beim Sandwirt abgestiegen. Den Tip hatten mir zwei Radler gegeben, die mir kurz oberhalb der Kuttenbachalm entgegen gekommen waren. Nach dem ich meine Sachen ins Zimmer geschleppt und den Schwei\u00df abgeduscht hatte, bin ich gegen 17:00 Uhr ins Bett gefallen und erst gegen 19:30 wieder munter geworden.<\/p>\n<p><a href=\"http:\/\/truckle.in-chemnitz.de\/gps\/GPSDATA-20090908s_s-osm.html\">Karte<\/a><\/p>\n<figure id=\"attachment_1433\" aria-describedby=\"caption-attachment-1433\" style=\"width: 600px\" class=\"wp-caption aligncenter\"><a href=\"http:\/\/truckle.in-chemnitz.de\/wordpress\/wp-content\/uploads\/2012\/12\/GPSDATA-20090908s-profile.png\"><img loading=\"lazy\" decoding=\"async\" src=\"http:\/\/truckle.in-chemnitz.de\/wordpress\/wp-content\/uploads\/2012\/12\/GPSDATA-20090908s-profile-600x253.png\" alt=\"Profil\" width=\"600\" height=\"253\" class=\"size-large wp-image-1433\" srcset=\"https:\/\/truckle.in-chemnitz.de\/wordpress\/wp-content\/uploads\/2012\/12\/GPSDATA-20090908s-profile-600x253.png 600w, https:\/\/truckle.in-chemnitz.de\/wordpress\/wp-content\/uploads\/2012\/12\/GPSDATA-20090908s-profile-270x114.png 270w, https:\/\/truckle.in-chemnitz.de\/wordpress\/wp-content\/uploads\/2012\/12\/GPSDATA-20090908s-profile-624x263.png 624w, https:\/\/truckle.in-chemnitz.de\/wordpress\/wp-content\/uploads\/2012\/12\/GPSDATA-20090908s-profile.png 900w\" sizes=\"auto, (max-width: 600px) 100vw, 600px\" \/><\/a><figcaption id=\"caption-attachment-1433\" class=\"wp-caption-text\">Profil<\/figcaption><\/figure>\n<table border=\"0\">\n<tr>\n<td><a href=\"http:\/\/truckle.in-chemnitz.de\/wordpress\/radtouren\/alpen-2009\/alpen-2009-03-pfitscherjoch\/\" title=\"Alpen 2009 \u2013 03 \u2013 Pfitscherjoch\">Zur\u00fcck<\/a><\/td>\n<td style=\"text-align: right\"><a href=\"http:\/\/truckle.in-chemnitz.de\/wordpress\/radtouren\/alpen-2009\/alpen-2009-05-karnten\/\" title=\"Alpen 2009 \u2013 05 \u2013 K\u00e4rnten\">Weiter<\/a><\/td>\n<\/tr>\n<\/table>\n","protected":false},"excerpt":{"rendered":"<p>Terenten bis St. Jakob in Defereggen &#8211; 76km, gesamt 513km Ein sp\u00e4tes Fr\u00fchst\u00fcck sorgte f\u00fcr einen sp\u00e4ten Start, erst kurz nach Neun. Es ging durch Terenten hindurch weiter bergauf, ab dem Ortsausgang aber meist bergab. Einen Abzweig bei Greinwalden h\u00e4tte ich fast verpasst und legte eine Vollbremsung hin, um nicht zu viel Berg wieder hochackern &hellip; <a href=\"https:\/\/truckle.in-chemnitz.de\/wordpress\/radtouren\/alpen-2009\/alpen-2009-04-klammljochl\/\" class=\"more-link\"><span class=\"screen-reader-text\">Alpen 2009 &#8211; 04 &#8211; Klammlj\u00f6chl<\/span> weiterlesen <span class=\"meta-nav\">&rarr;<\/span><\/a><\/p>\n","protected":false},"author":1,"featured_media":0,"parent":1245,"menu_order":3,"comment_status":"open","ping_status":"open","template":"","meta":{"footnotes":""},"class_list":["post-1316","page","type-page","status-publish","hentry"],"_links":{"self":[{"href":"https:\/\/truckle.in-chemnitz.de\/wordpress\/wp-json\/wp\/v2\/pages\/1316","targetHints":{"allow":["GET"]}}],"collection":[{"href":"https:\/\/truckle.in-chemnitz.de\/wordpress\/wp-json\/wp\/v2\/pages"}],"about":[{"href":"https:\/\/truckle.in-chemnitz.de\/wordpress\/wp-json\/wp\/v2\/types\/page"}],"author":[{"embeddable":true,"href":"https:\/\/truckle.in-chemnitz.de\/wordpress\/wp-json\/wp\/v2\/users\/1"}],"replies":[{"embeddable":true,"href":"https:\/\/truckle.in-chemnitz.de\/wordpress\/wp-json\/wp\/v2\/comments?post=1316"}],"version-history":[{"count":9,"href":"https:\/\/truckle.in-chemnitz.de\/wordpress\/wp-json\/wp\/v2\/pages\/1316\/revisions"}],"predecessor-version":[{"id":1435,"href":"https:\/\/truckle.in-chemnitz.de\/wordpress\/wp-json\/wp\/v2\/pages\/1316\/revisions\/1435"}],"up":[{"embeddable":true,"href":"https:\/\/truckle.in-chemnitz.de\/wordpress\/wp-json\/wp\/v2\/pages\/1245"}],"wp:attachment":[{"href":"https:\/\/truckle.in-chemnitz.de\/wordpress\/wp-json\/wp\/v2\/media?parent=1316"}],"curies":[{"name":"wp","href":"https:\/\/api.w.org\/{rel}","templated":true}]}}