{"id":1384,"date":"2012-12-24T17:11:14","date_gmt":"2012-12-24T16:11:14","guid":{"rendered":"http:\/\/truckle.in-chemnitz.de\/wordpress\/?page_id=1384"},"modified":"2012-12-26T23:28:32","modified_gmt":"2012-12-26T22:28:32","slug":"alpen-2009-07-passau","status":"publish","type":"page","link":"https:\/\/truckle.in-chemnitz.de\/wordpress\/radtouren\/alpen-2009\/alpen-2009-07-passau\/","title":{"rendered":"Alpen 2009 &#8211; 07 &#8211; Passau"},"content":{"rendered":"<p>Bad Mitterndorf bis Passau &#8211; 180km, gesamt 982km<\/p>\n<p>Das Fr\u00fchst\u00fcck habe ich von halb Acht bis halb Neun ausgedehnt, in der Hoffnung aus Wetterbesserung. Drau\u00dfen waberten tiefliegende Wolken herum, die Sicht war nahe Null. Nach einem kleinen St\u00fcck Fernstra\u00dfe ging ein Radweg rechts ab und durch kleine Orte bis Bad Aussee. Viele kurze, teils recht steile Anstiege sorgten f\u00fcr durchgew\u00e4rmte Muskeln, was bei der nasskalten Suppe ringsum ganz angenehm war.<\/p>\n<p>Nach einer l\u00e4ngeren Abfahrt hinab nach Bad Aussee habe ich dort an der Tankstelle eine Karte im Ma\u00dfstab 1:200.000 f\u00fcr Ober\u00f6sterreich und Salzkammergut gekauft. Die Aufl\u00f6sung ist ganz brauchbar, leider waren aber keine Radwege eingezeichnet. Da ich keine bessere Strecke fand, bin ich auf der B145 bei m\u00e4\u00dfiger Steigung aber viel Verkehr Richtung Lupitsch geradelt. Dort bin ich auf der steil ansteigenden Dorfstra\u00dfe durch den Ort, um dann am oberen Ortsausgang rechts auf einen beschilderten Radweg abzubiegen. Dieser stieg bis zum Ortsende weiter steil an. Auf der Abfahrt Richtung St. Agatha habe ich einen entgegenkommenden Mountainbiker erstmal gefragt, ob ich auch den richtigen Weg erwischt h\u00e4tte. Es stellte sich heraus, dass er in Schneeberg im Erzgebirge aufgewachsen ist und die Dachsteinrunde nebst einiger Erweiterungen unter die breiten Stollenreifen genommen hat.<\/p>\n<figure id=\"attachment_1386\" aria-describedby=\"caption-attachment-1386\" style=\"width: 600px\" class=\"wp-caption aligncenter\"><a href=\"http:\/\/truckle.in-chemnitz.de\/wordpress\/wp-content\/uploads\/2012\/12\/imgp4519.jpg\"><img loading=\"lazy\" decoding=\"async\" src=\"http:\/\/truckle.in-chemnitz.de\/wordpress\/wp-content\/uploads\/2012\/12\/imgp4519-600x450.jpg\" alt=\"Keine Aussicht - mieses Wetter\" width=\"600\" height=\"450\" class=\"size-large wp-image-1386\" srcset=\"https:\/\/truckle.in-chemnitz.de\/wordpress\/wp-content\/uploads\/2012\/12\/imgp4519-600x450.jpg 600w, https:\/\/truckle.in-chemnitz.de\/wordpress\/wp-content\/uploads\/2012\/12\/imgp4519-270x202.jpg 270w, https:\/\/truckle.in-chemnitz.de\/wordpress\/wp-content\/uploads\/2012\/12\/imgp4519-624x468.jpg 624w, https:\/\/truckle.in-chemnitz.de\/wordpress\/wp-content\/uploads\/2012\/12\/imgp4519.jpg 2048w\" sizes=\"auto, (max-width: 600px) 100vw, 600px\" \/><\/a><figcaption id=\"caption-attachment-1386\" class=\"wp-caption-text\">Keine Aussicht &#8211; mieses Wetter<\/figcaption><\/figure>\n<p>Die langgezogene Abfahrt nach St. Agatha war mit Rollkies bedeckt, aber noch ganz gut zu fahren. An einem geraden St\u00fcck stand vor mir ein Jeep auf dem Weg. Hinter diesem scho\u00df ein Jagdhund hervor, dessen Beuteinstinkt wohl nicht zwischen Kaninchen und Radler-Wade unterscheiden konnte. Zum Gl\u00fcck ging&#8217;s bergrunter. Das Vieh ist bestimmt einen Kilometer mit 40..50 km\/h hinter mir hergehetzt und h\u00f6rte kein bisschen auf seinen Herrn, der laut hinter uns herrief. Schlie\u00dflich ging dem Tier wohl doch die Puste aus und er blieb zur\u00fcck.<\/p>\n<figure id=\"attachment_1388\" aria-describedby=\"caption-attachment-1388\" style=\"width: 600px\" class=\"wp-caption aligncenter\"><a href=\"http:\/\/truckle.in-chemnitz.de\/wordpress\/wp-content\/uploads\/2012\/12\/imgp4521.jpg\"><img loading=\"lazy\" decoding=\"async\" src=\"http:\/\/truckle.in-chemnitz.de\/wordpress\/wp-content\/uploads\/2012\/12\/imgp4521-600x450.jpg\" alt=\"Felsen im Nebel\" width=\"600\" height=\"450\" class=\"size-large wp-image-1388\" srcset=\"https:\/\/truckle.in-chemnitz.de\/wordpress\/wp-content\/uploads\/2012\/12\/imgp4521-600x450.jpg 600w, https:\/\/truckle.in-chemnitz.de\/wordpress\/wp-content\/uploads\/2012\/12\/imgp4521-270x202.jpg 270w, https:\/\/truckle.in-chemnitz.de\/wordpress\/wp-content\/uploads\/2012\/12\/imgp4521-624x468.jpg 624w, https:\/\/truckle.in-chemnitz.de\/wordpress\/wp-content\/uploads\/2012\/12\/imgp4521.jpg 2048w\" sizes=\"auto, (max-width: 600px) 100vw, 600px\" \/><\/a><figcaption id=\"caption-attachment-1388\" class=\"wp-caption-text\">Felsen im Nebel<\/figcaption><\/figure>\n<p>In St. Agatha habe ich die B145 \u00fcberquert, bin Richtung Goisern gefahren und traf dort auf den Traun-Radweg. Diesem folgte ich \u00fcber Bad Ischl bis Mitterwei\u00dfbach. Dort bin ich links auf die erstaunlich verkehrsarme B153 abgebogen, die sanft ansteigend hinauf zum Wei\u00dfenbacher Sattel f\u00fchrt. An beiden Talseiten erheben sich zum Teil beeindruckende Felsen, von denen B\u00e4che herunterrauschen. Leider war das ganze bei ca. 100m Sicht nur schemenhaft zu erkennen.<\/p>\n<figure id=\"attachment_1390\" aria-describedby=\"caption-attachment-1390\" style=\"width: 600px\" class=\"wp-caption aligncenter\"><a href=\"http:\/\/truckle.in-chemnitz.de\/wordpress\/wp-content\/uploads\/2012\/12\/imgp4525.jpg\"><img loading=\"lazy\" decoding=\"async\" src=\"http:\/\/truckle.in-chemnitz.de\/wordpress\/wp-content\/uploads\/2012\/12\/imgp4525-600x450.jpg\" alt=\"Traun-Radweg\" width=\"600\" height=\"450\" class=\"size-large wp-image-1390\" srcset=\"https:\/\/truckle.in-chemnitz.de\/wordpress\/wp-content\/uploads\/2012\/12\/imgp4525-600x450.jpg 600w, https:\/\/truckle.in-chemnitz.de\/wordpress\/wp-content\/uploads\/2012\/12\/imgp4525-270x202.jpg 270w, https:\/\/truckle.in-chemnitz.de\/wordpress\/wp-content\/uploads\/2012\/12\/imgp4525-624x468.jpg 624w, https:\/\/truckle.in-chemnitz.de\/wordpress\/wp-content\/uploads\/2012\/12\/imgp4525.jpg 2048w\" sizes=\"auto, (max-width: 600px) 100vw, 600px\" \/><\/a><figcaption id=\"caption-attachment-1390\" class=\"wp-caption-text\">Traun-Radweg<\/figcaption><\/figure>\n<p>Nach dem Sattel h\u00e4tte ich auf breiter, gut ausgebauter Stra\u00dfe schnell hinab nach Wei\u00dfenbach rauschen k\u00f6nnen, wurde aber zun\u00e4chst durch einen heftigen Regenschauer mit Gewitter zum Abwarten gezwungen. Gro\u00dfe alte B\u00e4ume sorgten mit ihrem dichten Bl\u00e4tterdach daf\u00fcr, dass ich nicht allzu nass wurde.<\/p>\n<figure id=\"attachment_1391\" aria-describedby=\"caption-attachment-1391\" style=\"width: 600px\" class=\"wp-caption aligncenter\"><a href=\"http:\/\/truckle.in-chemnitz.de\/wordpress\/wp-content\/uploads\/2012\/12\/imgp4528.jpg\"><img loading=\"lazy\" decoding=\"async\" src=\"http:\/\/truckle.in-chemnitz.de\/wordpress\/wp-content\/uploads\/2012\/12\/imgp4528-600x450.jpg\" alt=\"Attersee\" width=\"600\" height=\"450\" class=\"size-large wp-image-1391\" srcset=\"https:\/\/truckle.in-chemnitz.de\/wordpress\/wp-content\/uploads\/2012\/12\/imgp4528-600x450.jpg 600w, https:\/\/truckle.in-chemnitz.de\/wordpress\/wp-content\/uploads\/2012\/12\/imgp4528-270x202.jpg 270w, https:\/\/truckle.in-chemnitz.de\/wordpress\/wp-content\/uploads\/2012\/12\/imgp4528-624x468.jpg 624w, https:\/\/truckle.in-chemnitz.de\/wordpress\/wp-content\/uploads\/2012\/12\/imgp4528.jpg 2048w\" sizes=\"auto, (max-width: 600px) 100vw, 600px\" \/><\/a><figcaption id=\"caption-attachment-1391\" class=\"wp-caption-text\">Attersee<\/figcaption><\/figure>\n<p>Ab Wei\u00dfenbach bin ich auf tischebener Stra\u00dfe mit 25..30km\/h  rechts um den Attersee herumgefahren. In Seewalchen habe ich eine Pause bei Kuchen und Frucht-Buttermilch eingelegt. Weiter gings zuerst ziemlich steil, dann flach aber auf verkehrsreicher Stra\u00dfe \u00fcber Steindorf Gampern Richtung Zipf. Von Redl-Zipf folgte ich einem Radweg nach Frankenburg. Dort holte mich der n\u00e4chste heftige Regenschauer ein. Ich kam in einer Imbissbude unter. Au\u00dfer mir kehrten einige Bauarbeiter ein, deren extremer Dialekt beim besten Willen nicht zu verstehen war.<\/p>\n<p>Weiter ging&#8217;s nach Ried im Innkreis. Dort werden alle Autos nach links auf eine Umgehungsstra\u00dfe geschickt. Ich wollte durch den Ort, was aber auf Grund einer Messe und extrem hohem Verkehrsaufkommen gar nicht so einfach war. Unter dem Vordach einer Kapelle wartete ich den n\u00e4chsten Regenschauer ab. Ich habe dann einen Einheimischen nach dem Weg gefragt. Trotz seiner eigentlich ganz guten Beschreibung habe ich den Antiesen-Radweg nicht gefunden und bin erstmal auf der B143 Richtung Nordwesten raus aus dem Chaos aus viel Verkehr und Einbahnstra\u00dfen. Bei der n\u00e4chsten Gelegenheit bin ich dann aber wieder rechts weg, \u00fcber Bahn und Flu\u00df und habe so auch den gut beschilderten Antiesen-Radweg gefunden. Dieser m\u00fcndet bei Reichersberg in den Inn-Radweg ein.<\/p>\n<figure id=\"attachment_1392\" aria-describedby=\"caption-attachment-1392\" style=\"width: 600px\" class=\"wp-caption aligncenter\"><a href=\"http:\/\/truckle.in-chemnitz.de\/wordpress\/wp-content\/uploads\/2012\/12\/imgp4532.jpg\"><img loading=\"lazy\" decoding=\"async\" src=\"http:\/\/truckle.in-chemnitz.de\/wordpress\/wp-content\/uploads\/2012\/12\/imgp4532-600x450.jpg\" alt=\"Inn\" width=\"600\" height=\"450\" class=\"size-large wp-image-1392\" srcset=\"https:\/\/truckle.in-chemnitz.de\/wordpress\/wp-content\/uploads\/2012\/12\/imgp4532-600x450.jpg 600w, https:\/\/truckle.in-chemnitz.de\/wordpress\/wp-content\/uploads\/2012\/12\/imgp4532-270x202.jpg 270w, https:\/\/truckle.in-chemnitz.de\/wordpress\/wp-content\/uploads\/2012\/12\/imgp4532-624x468.jpg 624w, https:\/\/truckle.in-chemnitz.de\/wordpress\/wp-content\/uploads\/2012\/12\/imgp4532.jpg 2048w\" sizes=\"auto, (max-width: 600px) 100vw, 600px\" \/><\/a><figcaption id=\"caption-attachment-1392\" class=\"wp-caption-text\">Inn<\/figcaption><\/figure>\n<p>Zun\u00e4chst war vom Inn nicht viel zu sehen, aber vor Sch\u00e4rding kam der Weg aus dem Wald heraus. Nach einer kurzen Schiebeeinlage \u00fcber eine Br\u00fccke mit Treppe, aber extra mit Mittelbrett und Schiene f\u00fcr Fahrradreifen, ging es in den Ort hinein. Nach einer weiteren Kuchen- und Milchpause bin ich \u00fcber die Br\u00fccke r\u00fcber auf die deutsche Seite. Ein sch\u00f6n angelegter Radweg f\u00fchrt dort am Steilufer des Inn durch den Wald. Die Felsen zur linken wurden von einigen Kletterern rege benutzt. Ab Neuburg wurde die Strecke flacher und die Anzahl Jogger und Radfahrer nahm deutlich zu.<\/p>\n<p><figure id=\"attachment_1393\" aria-describedby=\"caption-attachment-1393\" style=\"width: 600px\" class=\"wp-caption aligncenter\"><a href=\"http:\/\/truckle.in-chemnitz.de\/wordpress\/wp-content\/uploads\/2012\/12\/imgp4533.jpg\"><img loading=\"lazy\" decoding=\"async\" src=\"http:\/\/truckle.in-chemnitz.de\/wordpress\/wp-content\/uploads\/2012\/12\/imgp4533-600x450.jpg\" alt=\"Sch\u00e4rding\" width=\"600\" height=\"450\" class=\"size-large wp-image-1393\" srcset=\"https:\/\/truckle.in-chemnitz.de\/wordpress\/wp-content\/uploads\/2012\/12\/imgp4533-600x450.jpg 600w, https:\/\/truckle.in-chemnitz.de\/wordpress\/wp-content\/uploads\/2012\/12\/imgp4533-270x202.jpg 270w, https:\/\/truckle.in-chemnitz.de\/wordpress\/wp-content\/uploads\/2012\/12\/imgp4533-624x468.jpg 624w, https:\/\/truckle.in-chemnitz.de\/wordpress\/wp-content\/uploads\/2012\/12\/imgp4533.jpg 2048w\" sizes=\"auto, (max-width: 600px) 100vw, 600px\" \/><\/a><figcaption id=\"caption-attachment-1393\" class=\"wp-caption-text\">Sch\u00e4rding<\/figcaption><\/figure><br \/>\n<figure id=\"attachment_1394\" aria-describedby=\"caption-attachment-1394\" style=\"width: 600px\" class=\"wp-caption aligncenter\"><a href=\"http:\/\/truckle.in-chemnitz.de\/wordpress\/wp-content\/uploads\/2012\/12\/imgp4538.jpg\"><img loading=\"lazy\" decoding=\"async\" src=\"http:\/\/truckle.in-chemnitz.de\/wordpress\/wp-content\/uploads\/2012\/12\/imgp4538-600x450.jpg\" alt=\"Inn-Radweg\" width=\"600\" height=\"450\" class=\"size-large wp-image-1394\" srcset=\"https:\/\/truckle.in-chemnitz.de\/wordpress\/wp-content\/uploads\/2012\/12\/imgp4538-600x450.jpg 600w, https:\/\/truckle.in-chemnitz.de\/wordpress\/wp-content\/uploads\/2012\/12\/imgp4538-270x202.jpg 270w, https:\/\/truckle.in-chemnitz.de\/wordpress\/wp-content\/uploads\/2012\/12\/imgp4538-624x468.jpg 624w, https:\/\/truckle.in-chemnitz.de\/wordpress\/wp-content\/uploads\/2012\/12\/imgp4538.jpg 2048w\" sizes=\"auto, (max-width: 600px) 100vw, 600px\" \/><\/a><figcaption id=\"caption-attachment-1394\" class=\"wp-caption-text\">Inn-Radweg<\/figcaption><\/figure><\/p>\n<p>Ich bin dann in einer Pension in der Innenstadt untergekommen, habe mir beim Italiener auf dem Domplatz Spaghetti Frutti di Mare und einen feinen Pinot Grigio schmecken lassen und dann im Shamrock-Pub noch zwei Absacker- bzw. Ende-der-Tour-Guiness getrunken. Der Pub war brechend voll, ganz anders als vor einigen Jahren auf unserer Moldau-Donau-Naab-Tour.<\/p>\n<p><a href=\"http:\/\/truckle.in-chemnitz.de\/gps\/GPSDATA-20090911s_s-osm.html\">Karte<\/a><\/p>\n<figure id=\"attachment_1440\" aria-describedby=\"caption-attachment-1440\" style=\"width: 600px\" class=\"wp-caption aligncenter\"><a href=\"http:\/\/truckle.in-chemnitz.de\/wordpress\/wp-content\/uploads\/2012\/12\/GPSDATA-20090911s-profile.png\"><img loading=\"lazy\" decoding=\"async\" src=\"http:\/\/truckle.in-chemnitz.de\/wordpress\/wp-content\/uploads\/2012\/12\/GPSDATA-20090911s-profile-600x253.png\" alt=\"Profil\" width=\"600\" height=\"253\" class=\"size-large wp-image-1440\" srcset=\"https:\/\/truckle.in-chemnitz.de\/wordpress\/wp-content\/uploads\/2012\/12\/GPSDATA-20090911s-profile-600x253.png 600w, https:\/\/truckle.in-chemnitz.de\/wordpress\/wp-content\/uploads\/2012\/12\/GPSDATA-20090911s-profile-270x114.png 270w, https:\/\/truckle.in-chemnitz.de\/wordpress\/wp-content\/uploads\/2012\/12\/GPSDATA-20090911s-profile-624x263.png 624w, https:\/\/truckle.in-chemnitz.de\/wordpress\/wp-content\/uploads\/2012\/12\/GPSDATA-20090911s-profile.png 900w\" sizes=\"auto, (max-width: 600px) 100vw, 600px\" \/><\/a><figcaption id=\"caption-attachment-1440\" class=\"wp-caption-text\">Profil<\/figcaption><\/figure>\n<table border=\"0\">\n<tr>\n<td><a href=\"http:\/\/truckle.in-chemnitz.de\/wordpress\/radtouren\/alpen-2009\/alpen-2009-06-solkpass\/\" title=\"Alpen 2009 \u2013 06 \u2013 S\u00f6lkpass\">Zur\u00fcck<\/a><\/td>\n<td style=\"text-align: right\"><a href=\"http:\/\/truckle.in-chemnitz.de\/wordpress\/radtouren\/alpen-2009\/alpen-2009-08-donau\/\" title=\"Alpen 2009 \u2013 08 \u2013 Donau\">Weiter<\/a><\/td>\n<\/tr>\n<\/table>\n","protected":false},"excerpt":{"rendered":"<p>Bad Mitterndorf bis Passau &#8211; 180km, gesamt 982km Das Fr\u00fchst\u00fcck habe ich von halb Acht bis halb Neun ausgedehnt, in der Hoffnung aus Wetterbesserung. Drau\u00dfen waberten tiefliegende Wolken herum, die Sicht war nahe Null. Nach einem kleinen St\u00fcck Fernstra\u00dfe ging ein Radweg rechts ab und durch kleine Orte bis Bad Aussee. Viele kurze, teils recht &hellip; <a href=\"https:\/\/truckle.in-chemnitz.de\/wordpress\/radtouren\/alpen-2009\/alpen-2009-07-passau\/\" class=\"more-link\"><span class=\"screen-reader-text\">Alpen 2009 &#8211; 07 &#8211; Passau<\/span> weiterlesen <span class=\"meta-nav\">&rarr;<\/span><\/a><\/p>\n","protected":false},"author":1,"featured_media":0,"parent":1245,"menu_order":6,"comment_status":"open","ping_status":"open","template":"","meta":{"footnotes":""},"class_list":["post-1384","page","type-page","status-publish","hentry"],"_links":{"self":[{"href":"https:\/\/truckle.in-chemnitz.de\/wordpress\/wp-json\/wp\/v2\/pages\/1384","targetHints":{"allow":["GET"]}}],"collection":[{"href":"https:\/\/truckle.in-chemnitz.de\/wordpress\/wp-json\/wp\/v2\/pages"}],"about":[{"href":"https:\/\/truckle.in-chemnitz.de\/wordpress\/wp-json\/wp\/v2\/types\/page"}],"author":[{"embeddable":true,"href":"https:\/\/truckle.in-chemnitz.de\/wordpress\/wp-json\/wp\/v2\/users\/1"}],"replies":[{"embeddable":true,"href":"https:\/\/truckle.in-chemnitz.de\/wordpress\/wp-json\/wp\/v2\/comments?post=1384"}],"version-history":[{"count":8,"href":"https:\/\/truckle.in-chemnitz.de\/wordpress\/wp-json\/wp\/v2\/pages\/1384\/revisions"}],"predecessor-version":[{"id":1441,"href":"https:\/\/truckle.in-chemnitz.de\/wordpress\/wp-json\/wp\/v2\/pages\/1384\/revisions\/1441"}],"up":[{"embeddable":true,"href":"https:\/\/truckle.in-chemnitz.de\/wordpress\/wp-json\/wp\/v2\/pages\/1245"}],"wp:attachment":[{"href":"https:\/\/truckle.in-chemnitz.de\/wordpress\/wp-json\/wp\/v2\/media?parent=1384"}],"curies":[{"name":"wp","href":"https:\/\/api.w.org\/{rel}","templated":true}]}}