{"id":1403,"date":"2012-12-24T17:49:57","date_gmt":"2012-12-24T16:49:57","guid":{"rendered":"http:\/\/truckle.in-chemnitz.de\/wordpress\/?page_id=1403"},"modified":"2012-12-26T23:30:08","modified_gmt":"2012-12-26T22:30:08","slug":"alpen-2009-08-donau","status":"publish","type":"page","link":"https:\/\/truckle.in-chemnitz.de\/wordpress\/radtouren\/alpen-2009\/alpen-2009-08-donau\/","title":{"rendered":"Alpen 2009 &#8211; 08 &#8211; Donau"},"content":{"rendered":"<p>Passau bis Plattling &#8211; 64km, gesamt 1046km<\/p>\n<p>Da ich keine Aufzeichnungen f\u00fcr diesen Tag angefertigt habe, f\u00e4llt die Beschreibung etwas kurz aus.<\/p>\n<p>Ich bin auf dem Donau-Radweg bis kurz vor die Isar-M\u00fcndung geradelt. Ein Abstecher hat mich noch direkt bis zur M\u00fcndung gebracht. Dann bin ich nach Plattling geradelt, habe mein Zeug ins Auto verfrachtet und bin nach Hause ged\u00fcst.<\/p>\n<p>Hier noch einige Bilder, entlang der Donau aufgenommen:<\/p>\n<p><figure id=\"attachment_1404\" aria-describedby=\"caption-attachment-1404\" style=\"width: 600px\" class=\"wp-caption aligncenter\"><a href=\"http:\/\/truckle.in-chemnitz.de\/wordpress\/wp-content\/uploads\/2012\/12\/imgp4542.jpg\"><img loading=\"lazy\" decoding=\"async\" src=\"http:\/\/truckle.in-chemnitz.de\/wordpress\/wp-content\/uploads\/2012\/12\/imgp4542-600x450.jpg\" alt=\"Kraftwerk an der Donau\" width=\"600\" height=\"450\" class=\"size-large wp-image-1404\" srcset=\"https:\/\/truckle.in-chemnitz.de\/wordpress\/wp-content\/uploads\/2012\/12\/imgp4542-600x450.jpg 600w, https:\/\/truckle.in-chemnitz.de\/wordpress\/wp-content\/uploads\/2012\/12\/imgp4542-270x202.jpg 270w, https:\/\/truckle.in-chemnitz.de\/wordpress\/wp-content\/uploads\/2012\/12\/imgp4542-624x468.jpg 624w, https:\/\/truckle.in-chemnitz.de\/wordpress\/wp-content\/uploads\/2012\/12\/imgp4542.jpg 2048w\" sizes=\"auto, (max-width: 600px) 100vw, 600px\" \/><\/a><figcaption id=\"caption-attachment-1404\" class=\"wp-caption-text\">Kraftwerk an der Donau<\/figcaption><\/figure><br \/>\n<figure id=\"attachment_1405\" aria-describedby=\"caption-attachment-1405\" style=\"width: 600px\" class=\"wp-caption aligncenter\"><a href=\"http:\/\/truckle.in-chemnitz.de\/wordpress\/wp-content\/uploads\/2012\/12\/imgp4547.jpg\"><img loading=\"lazy\" decoding=\"async\" src=\"http:\/\/truckle.in-chemnitz.de\/wordpress\/wp-content\/uploads\/2012\/12\/imgp4547-600x450.jpg\" alt=\"Schleuse am Kraftwerk\" width=\"600\" height=\"450\" class=\"size-large wp-image-1405\" srcset=\"https:\/\/truckle.in-chemnitz.de\/wordpress\/wp-content\/uploads\/2012\/12\/imgp4547-600x450.jpg 600w, https:\/\/truckle.in-chemnitz.de\/wordpress\/wp-content\/uploads\/2012\/12\/imgp4547-270x202.jpg 270w, https:\/\/truckle.in-chemnitz.de\/wordpress\/wp-content\/uploads\/2012\/12\/imgp4547-624x468.jpg 624w, https:\/\/truckle.in-chemnitz.de\/wordpress\/wp-content\/uploads\/2012\/12\/imgp4547.jpg 2048w\" sizes=\"auto, (max-width: 600px) 100vw, 600px\" \/><\/a><figcaption id=\"caption-attachment-1405\" class=\"wp-caption-text\">Schleuse am Kraftwerk<\/figcaption><\/figure><br \/>\n<figure id=\"attachment_1406\" aria-describedby=\"caption-attachment-1406\" style=\"width: 600px\" class=\"wp-caption aligncenter\"><a href=\"http:\/\/truckle.in-chemnitz.de\/wordpress\/wp-content\/uploads\/2012\/12\/imgp4555.jpg\"><img loading=\"lazy\" decoding=\"async\" src=\"http:\/\/truckle.in-chemnitz.de\/wordpress\/wp-content\/uploads\/2012\/12\/imgp4555-600x450.jpg\" alt=\"Kiesb\u00e4nke\" width=\"600\" height=\"450\" class=\"size-large wp-image-1406\" srcset=\"https:\/\/truckle.in-chemnitz.de\/wordpress\/wp-content\/uploads\/2012\/12\/imgp4555-600x450.jpg 600w, https:\/\/truckle.in-chemnitz.de\/wordpress\/wp-content\/uploads\/2012\/12\/imgp4555-270x202.jpg 270w, https:\/\/truckle.in-chemnitz.de\/wordpress\/wp-content\/uploads\/2012\/12\/imgp4555-624x468.jpg 624w, https:\/\/truckle.in-chemnitz.de\/wordpress\/wp-content\/uploads\/2012\/12\/imgp4555.jpg 2048w\" sizes=\"auto, (max-width: 600px) 100vw, 600px\" \/><\/a><figcaption id=\"caption-attachment-1406\" class=\"wp-caption-text\">Kiesb\u00e4nke<\/figcaption><\/figure><figure id=\"attachment_1407\" aria-describedby=\"caption-attachment-1407\" style=\"width: 600px\" class=\"wp-caption aligncenter\"><a href=\"http:\/\/truckle.in-chemnitz.de\/wordpress\/wp-content\/uploads\/2012\/12\/imgp4559.jpg\"><img loading=\"lazy\" decoding=\"async\" src=\"http:\/\/truckle.in-chemnitz.de\/wordpress\/wp-content\/uploads\/2012\/12\/imgp4559-600x450.jpg\" alt=\"Vielst\u00e4mmiger Baum\" width=\"600\" height=\"450\" class=\"size-large wp-image-1407\" srcset=\"https:\/\/truckle.in-chemnitz.de\/wordpress\/wp-content\/uploads\/2012\/12\/imgp4559-600x450.jpg 600w, https:\/\/truckle.in-chemnitz.de\/wordpress\/wp-content\/uploads\/2012\/12\/imgp4559-270x202.jpg 270w, https:\/\/truckle.in-chemnitz.de\/wordpress\/wp-content\/uploads\/2012\/12\/imgp4559-624x468.jpg 624w, https:\/\/truckle.in-chemnitz.de\/wordpress\/wp-content\/uploads\/2012\/12\/imgp4559.jpg 2048w\" sizes=\"auto, (max-width: 600px) 100vw, 600px\" \/><\/a><figcaption id=\"caption-attachment-1407\" class=\"wp-caption-text\">Vielst\u00e4mmiger Baum<\/figcaption><\/figure><br \/>\n<figure id=\"attachment_1408\" aria-describedby=\"caption-attachment-1408\" style=\"width: 600px\" class=\"wp-caption aligncenter\"><a href=\"http:\/\/truckle.in-chemnitz.de\/wordpress\/wp-content\/uploads\/2012\/12\/imgp4561.jpg\"><img loading=\"lazy\" decoding=\"async\" src=\"http:\/\/truckle.in-chemnitz.de\/wordpress\/wp-content\/uploads\/2012\/12\/imgp4561-600x450.jpg\" alt=\"Altwasser\" width=\"600\" height=\"450\" class=\"size-large wp-image-1408\" srcset=\"https:\/\/truckle.in-chemnitz.de\/wordpress\/wp-content\/uploads\/2012\/12\/imgp4561-600x450.jpg 600w, https:\/\/truckle.in-chemnitz.de\/wordpress\/wp-content\/uploads\/2012\/12\/imgp4561-270x202.jpg 270w, https:\/\/truckle.in-chemnitz.de\/wordpress\/wp-content\/uploads\/2012\/12\/imgp4561-624x468.jpg 624w, https:\/\/truckle.in-chemnitz.de\/wordpress\/wp-content\/uploads\/2012\/12\/imgp4561.jpg 2048w\" sizes=\"auto, (max-width: 600px) 100vw, 600px\" \/><\/a><figcaption id=\"caption-attachment-1408\" class=\"wp-caption-text\">Altwasser<\/figcaption><\/figure><br \/>\n<figure id=\"attachment_1409\" aria-describedby=\"caption-attachment-1409\" style=\"width: 600px\" class=\"wp-caption aligncenter\"><a href=\"http:\/\/truckle.in-chemnitz.de\/wordpress\/wp-content\/uploads\/2012\/12\/imgp4562.jpg\"><img loading=\"lazy\" decoding=\"async\" src=\"http:\/\/truckle.in-chemnitz.de\/wordpress\/wp-content\/uploads\/2012\/12\/imgp4562-600x450.jpg\" alt=\"Isar-M\u00fcndung\" width=\"600\" height=\"450\" class=\"size-large wp-image-1409\" srcset=\"https:\/\/truckle.in-chemnitz.de\/wordpress\/wp-content\/uploads\/2012\/12\/imgp4562-600x450.jpg 600w, https:\/\/truckle.in-chemnitz.de\/wordpress\/wp-content\/uploads\/2012\/12\/imgp4562-270x202.jpg 270w, https:\/\/truckle.in-chemnitz.de\/wordpress\/wp-content\/uploads\/2012\/12\/imgp4562-624x468.jpg 624w, https:\/\/truckle.in-chemnitz.de\/wordpress\/wp-content\/uploads\/2012\/12\/imgp4562.jpg 2048w\" sizes=\"auto, (max-width: 600px) 100vw, 600px\" \/><\/a><figcaption id=\"caption-attachment-1409\" class=\"wp-caption-text\">Isar-M\u00fcndung<\/figcaption><\/figure><\/p>\n<p><a href=\"http:\/\/truckle.in-chemnitz.de\/gps\/GPSDATA-20090912s_s-osm.html\">Karte<\/a><\/p>\n<figure id=\"attachment_1442\" aria-describedby=\"caption-attachment-1442\" style=\"width: 600px\" class=\"wp-caption aligncenter\"><a href=\"http:\/\/truckle.in-chemnitz.de\/wordpress\/wp-content\/uploads\/2012\/12\/GPSDATA-20090912s-profile.png\"><img loading=\"lazy\" decoding=\"async\" src=\"http:\/\/truckle.in-chemnitz.de\/wordpress\/wp-content\/uploads\/2012\/12\/GPSDATA-20090912s-profile-600x253.png\" alt=\"Profil\" width=\"600\" height=\"253\" class=\"size-large wp-image-1442\" srcset=\"https:\/\/truckle.in-chemnitz.de\/wordpress\/wp-content\/uploads\/2012\/12\/GPSDATA-20090912s-profile-600x253.png 600w, https:\/\/truckle.in-chemnitz.de\/wordpress\/wp-content\/uploads\/2012\/12\/GPSDATA-20090912s-profile-270x114.png 270w, https:\/\/truckle.in-chemnitz.de\/wordpress\/wp-content\/uploads\/2012\/12\/GPSDATA-20090912s-profile-624x263.png 624w, https:\/\/truckle.in-chemnitz.de\/wordpress\/wp-content\/uploads\/2012\/12\/GPSDATA-20090912s-profile.png 900w\" sizes=\"auto, (max-width: 600px) 100vw, 600px\" \/><\/a><figcaption id=\"caption-attachment-1442\" class=\"wp-caption-text\">Profil<\/figcaption><\/figure>\n<p><a href=\"http:\/\/truckle.in-chemnitz.de\/wordpress\/radtouren\/alpen-2009\/alpen-2009-07-passau\/\" title=\"Alpen 2009 \u2013 07 \u2013 Passau\">Zur\u00fcck<\/a><\/p>\n","protected":false},"excerpt":{"rendered":"<p>Passau bis Plattling &#8211; 64km, gesamt 1046km Da ich keine Aufzeichnungen f\u00fcr diesen Tag angefertigt habe, f\u00e4llt die Beschreibung etwas kurz aus. Ich bin auf dem Donau-Radweg bis kurz vor die Isar-M\u00fcndung geradelt. Ein Abstecher hat mich noch direkt bis zur M\u00fcndung gebracht. Dann bin ich nach Plattling geradelt, habe mein Zeug ins Auto verfrachtet &hellip; <a href=\"https:\/\/truckle.in-chemnitz.de\/wordpress\/radtouren\/alpen-2009\/alpen-2009-08-donau\/\" class=\"more-link\"><span class=\"screen-reader-text\">Alpen 2009 &#8211; 08 &#8211; Donau<\/span> weiterlesen <span class=\"meta-nav\">&rarr;<\/span><\/a><\/p>\n","protected":false},"author":1,"featured_media":0,"parent":1245,"menu_order":7,"comment_status":"open","ping_status":"open","template":"","meta":{"footnotes":""},"class_list":["post-1403","page","type-page","status-publish","hentry"],"_links":{"self":[{"href":"https:\/\/truckle.in-chemnitz.de\/wordpress\/wp-json\/wp\/v2\/pages\/1403","targetHints":{"allow":["GET"]}}],"collection":[{"href":"https:\/\/truckle.in-chemnitz.de\/wordpress\/wp-json\/wp\/v2\/pages"}],"about":[{"href":"https:\/\/truckle.in-chemnitz.de\/wordpress\/wp-json\/wp\/v2\/types\/page"}],"author":[{"embeddable":true,"href":"https:\/\/truckle.in-chemnitz.de\/wordpress\/wp-json\/wp\/v2\/users\/1"}],"replies":[{"embeddable":true,"href":"https:\/\/truckle.in-chemnitz.de\/wordpress\/wp-json\/wp\/v2\/comments?post=1403"}],"version-history":[{"count":4,"href":"https:\/\/truckle.in-chemnitz.de\/wordpress\/wp-json\/wp\/v2\/pages\/1403\/revisions"}],"predecessor-version":[{"id":1444,"href":"https:\/\/truckle.in-chemnitz.de\/wordpress\/wp-json\/wp\/v2\/pages\/1403\/revisions\/1444"}],"up":[{"embeddable":true,"href":"https:\/\/truckle.in-chemnitz.de\/wordpress\/wp-json\/wp\/v2\/pages\/1245"}],"wp:attachment":[{"href":"https:\/\/truckle.in-chemnitz.de\/wordpress\/wp-json\/wp\/v2\/media?parent=1403"}],"curies":[{"name":"wp","href":"https:\/\/api.w.org\/{rel}","templated":true}]}}