{"id":150,"date":"2012-03-06T03:08:15","date_gmt":"2012-03-06T02:08:15","guid":{"rendered":"http:\/\/truckle.in-chemnitz.de\/wordpress\/?page_id=150"},"modified":"2018-01-31T20:58:38","modified_gmt":"2018-01-31T19:58:38","slug":"kroatien-2010","status":"publish","type":"page","link":"https:\/\/truckle.in-chemnitz.de\/wordpress\/radtouren\/kroatien-2010\/","title":{"rendered":"Kroatien 2010"},"content":{"rendered":"<p>Wir fuhren im Sommer 2010 vom heimischen Erzgebirge in 15 Tagen nach Kroatien an die Adria und zur\u00fcck, querten dabei logischerweise zweimal die Alpen und legten dabei ca. 2.200km zur\u00fcck.<\/p>\n<ol>\n<li><a href=\"kroatien-2010-01-tag\" title=\"1.Tag\">B\u011bl\u00e1 nad Radbuzou (CZ)<\/a><\/li>\n<li><a href=\"kroatien-2010-2-tag\" title=\"2. Tag\">Warth (D)<\/a>\n<li><a href=\"kroatien-2010-3-tag\" title=\"3. Tag\">Lofer (AT)<\/a>\n<li><a href=\"kroatien-2010-4-tag\" title=\"4. Tag\">D\u00f6llach (AT)<\/a>\n<li><a href=\"kroatien-2010-5-tag\" title=\"5. Tag\">Gemona (IT)<\/a>\n<li><a href=\"kroatien-2010-6-tag\" title=\"6. Tag\">Buzet (HR)<\/a>\n<li><a href=\"kroatien-2010-7-tag\" title=\"7. Tag\">Osor (HR)<\/a>\n<li><a href=\"kroatien-2010-8-tag\" title=\"8. Tag\">Ruhetag in Osor<\/a>\n<li><a href=\"kroatien-2010-9-tag\" title=\"9. Tag\">Trp\u010dane (SI)<\/a>\n<li><a href=\"kroatien-2010-10-tag\" title=\"10. Tag\">Kobarid (SI)<\/a>\n<li><a href=\"kroatien-2010-11-tag\" title=\"11. Tag\">Gl\u00f6dnitz (AT)<\/a>\n<li><a href=\"kroatien-2010-12-tag\" title=\"12. Tag\">Bad Mitterndorf (AT)<\/a>\n<li><a href=\"kroatien-2010-13-tag\" title=\"13. Tag\">Rohrbach (AT)<\/a>\n<li><a href=\"kroatien-2010-14-tag\" title=\"14. Tag\">Ln\u00e1\u0159e (CZ)<\/a>\n<li><a href=\"kroatien-2010-15-tag\" title=\"15. Tag\">Auerbach\/Dorfchemnitz (DE)<\/a>\n<\/ol>\n<p>Fazit: Die anstrengendste und gleichzeitig sch\u00f6nste Tour bis dato, herrliche Landschaften, \u00fcberwiegend gutes Wetter, keine ernsten Ausf\u00e4lle.<\/p>\n<p>Kommentare und Hinweise per E-Mail an <a href=\"&#x6d;a&#x69;&#108;&#x74;&#111;&#x3a;&#x66;r&#x69;&#99;&#x68;&#116;&#x65;&#114;&#64;&#x74;&#114;&#x75;&#99;&#x6b;&#108;e&#x2e;&#105;&#x6e;&#45;&#x63;&#104;e&#x6d;n&#x69;&#116;&#x7a;&#46;d&#x65;?subject=Kroatien-2010\">Frank<\/a> oder <a href=\"&#109;&#97;&#x69;l&#116;&#x6f;&#x3a;f&#46;&#x6a;&#x65;n&#107;&#x6e;&#x65;r&#64;&#x74;&#x2d;o&#110;&#x6c;&#x69;n&#101;&#x2e;d&#101;?subject=Kroatien-2010\">Falk<\/a> sind willkommen.<\/p>\n","protected":false},"excerpt":{"rendered":"<p>Wir fuhren im Sommer 2010 vom heimischen Erzgebirge in 15 Tagen nach Kroatien an die Adria und zur\u00fcck, querten dabei logischerweise zweimal die Alpen und legten dabei ca. 2.200km zur\u00fcck. B\u011bl\u00e1 nad Radbuzou (CZ) Warth (D) Lofer (AT) D\u00f6llach (AT) Gemona (IT) Buzet (HR) Osor (HR) Ruhetag in Osor Trp\u010dane (SI) Kobarid (SI) Gl\u00f6dnitz (AT) &hellip; <a href=\"https:\/\/truckle.in-chemnitz.de\/wordpress\/radtouren\/kroatien-2010\/\" class=\"more-link\"><span class=\"screen-reader-text\">Kroatien 2010<\/span> weiterlesen <span class=\"meta-nav\">&rarr;<\/span><\/a><\/p>\n","protected":false},"author":1,"featured_media":0,"parent":152,"menu_order":20101,"comment_status":"open","ping_status":"open","template":"","meta":{"footnotes":""},"class_list":["post-150","page","type-page","status-publish","hentry"],"_links":{"self":[{"href":"https:\/\/truckle.in-chemnitz.de\/wordpress\/wp-json\/wp\/v2\/pages\/150","targetHints":{"allow":["GET"]}}],"collection":[{"href":"https:\/\/truckle.in-chemnitz.de\/wordpress\/wp-json\/wp\/v2\/pages"}],"about":[{"href":"https:\/\/truckle.in-chemnitz.de\/wordpress\/wp-json\/wp\/v2\/types\/page"}],"author":[{"embeddable":true,"href":"https:\/\/truckle.in-chemnitz.de\/wordpress\/wp-json\/wp\/v2\/users\/1"}],"replies":[{"embeddable":true,"href":"https:\/\/truckle.in-chemnitz.de\/wordpress\/wp-json\/wp\/v2\/comments?post=150"}],"version-history":[{"count":39,"href":"https:\/\/truckle.in-chemnitz.de\/wordpress\/wp-json\/wp\/v2\/pages\/150\/revisions"}],"predecessor-version":[{"id":1228,"href":"https:\/\/truckle.in-chemnitz.de\/wordpress\/wp-json\/wp\/v2\/pages\/150\/revisions\/1228"}],"up":[{"embeddable":true,"href":"https:\/\/truckle.in-chemnitz.de\/wordpress\/wp-json\/wp\/v2\/pages\/152"}],"wp:attachment":[{"href":"https:\/\/truckle.in-chemnitz.de\/wordpress\/wp-json\/wp\/v2\/media?parent=150"}],"curies":[{"name":"wp","href":"https:\/\/api.w.org\/{rel}","templated":true}]}}