{"id":1758,"date":"2013-08-04T19:24:05","date_gmt":"2013-08-04T17:24:05","guid":{"rendered":"http:\/\/truckle.in-chemnitz.de\/wordpress\/?page_id=1758"},"modified":"2018-01-31T20:57:09","modified_gmt":"2018-01-31T19:57:09","slug":"transalp-2013","status":"publish","type":"page","link":"https:\/\/truckle.in-chemnitz.de\/wordpress\/radtouren\/transalp-2013\/","title":{"rendered":"Transalp 2013"},"content":{"rendered":"<p>Ende Juli bis Anfang August 2013 bin ich mit dem Mountainbike allein \u00fcber die Alpen gekraxelt. Hier noch einmal die Blog-Eintr\u00e4ge in der richtigen zeitigen Reihenfolge:<\/p>\n<ol>\n<li><a href=\"http:\/\/truckle.in-chemnitz.de\/wordpress\/transalp-2013\/\" title=\"Transalp 2013\">Einleitung<\/a><\/li>\n<li><a href=\"http:\/\/truckle.in-chemnitz.de\/wordpress\/auftakt-im-karwendel\/\" title=\"Auftakt im Karwendel\">Auftakt im Karwendel<\/a><\/li>\n<li><a href=\"http:\/\/truckle.in-chemnitz.de\/wordpress\/doppelpass\/\" title=\"Doppelpass\">Doppelpass<\/a><\/li>\n<li><a href=\"http:\/\/truckle.in-chemnitz.de\/wordpress\/wald-und-almen\/\" title=\"Wald und Almen\">Wald und Almen<\/a><\/li>\n<li><a href=\"http:\/\/truckle.in-chemnitz.de\/wordpress\/aller-guten-passe-sind-drei\/\" title=\"Aller guten P\u00e4sse sind drei\">Aller guten P\u00e4sse sind drei<\/a><\/li>\n<li><a href=\"http:\/\/truckle.in-chemnitz.de\/wordpress\/lusia-und-rolle\/\" title=\"Lusia und Rolle\">Lusia und Rolle<\/a><\/li>\n<li><a href=\"http:\/\/truckle.in-chemnitz.de\/wordpress\/schweistreibende-felswande\/\" title=\"Schwei\u00dftreibende Felsw\u00e4nde\">Schwei\u00dftreibende Felsw\u00e4nde<\/a><\/li>\n<li><a href=\"http:\/\/truckle.in-chemnitz.de\/wordpress\/runter\/\" title=\"Runter!\">Runter!<\/a><\/li>\n<li><a href=\"http:\/\/truckle.in-chemnitz.de\/wordpress\/einer-geht-noch\/\" title=\"Einer geht noch\">Einer geht noch<\/a><\/li>\n<\/ol>\n<p>Leider hat gleich am ersten Tag mein GPS-Logger versagt und keine Tracks mehr aufgezeichnet. Auch ein Rettungsversuch am heimischen PC hat nur leeren Speicher lesen k\u00f6nnen. So muss ich diesmal die Karten und H\u00f6henprofile schuldig bleiben.<\/p>\n<p><strong>Statistik:<\/strong><\/p>\n<ul>\n<li>Rad-Kilometer: 726<\/li>\n<li>Fahrtage: 8<\/li>\n<li>H\u00f6henmeter bergauf: ca. 15.000<\/li>\n<li>Gewichtsverlust: ca. 3kg<\/li>\n<li>Rucksack-Gewicht: ca. 7,5kg<\/li>\n<li>Kosten inkl. \u00dcN, Verpflegung, Bahn usw.: ca. 700 \u20ac<\/li>\n<li>Sch\u00e4den: keine \ud83d\ude42<\/li>\n<li>Verbrauch: 1 Satz Bremsbel\u00e4ge vorn, \u00bd Satz Bremsbel\u00e4ge hinten, \u00bd Reifen hinten<\/li>\n<li>Verloren: 1 Ansteck-L\u00e4mpchen hinten, ca. 3 \u20ac<\/li>\n<\/ul>\n<p><strong>Fazit:<\/strong><\/p>\n<p>Eine wundersch\u00f6ne Tour, tolle Landschaften, eigene Fahrtechnik ausgereizt und vielleicht auch etwas verbessert.<\/p>\n<p><strong>Nochmal?<\/strong><\/p>\n<p>Auf jeden Fall! Vielleicht deutlich westlicher, z.B. von Oberstdorf an den Comer See.<\/p>\n","protected":false},"excerpt":{"rendered":"<p>Ende Juli bis Anfang August 2013 bin ich mit dem Mountainbike allein \u00fcber die Alpen gekraxelt. Hier noch einmal die Blog-Eintr\u00e4ge in der richtigen zeitigen Reihenfolge: Einleitung Auftakt im Karwendel Doppelpass Wald und Almen Aller guten P\u00e4sse sind drei Lusia und Rolle Schwei\u00dftreibende Felsw\u00e4nde Runter! Einer geht noch Leider hat gleich am ersten Tag mein &hellip; <a href=\"https:\/\/truckle.in-chemnitz.de\/wordpress\/radtouren\/transalp-2013\/\" class=\"more-link\"><span class=\"screen-reader-text\">Transalp 2013<\/span> weiterlesen <span class=\"meta-nav\">&rarr;<\/span><\/a><\/p>\n","protected":false},"author":1,"featured_media":0,"parent":152,"menu_order":20131,"comment_status":"open","ping_status":"open","template":"","meta":{"footnotes":""},"class_list":["post-1758","page","type-page","status-publish","hentry"],"_links":{"self":[{"href":"https:\/\/truckle.in-chemnitz.de\/wordpress\/wp-json\/wp\/v2\/pages\/1758","targetHints":{"allow":["GET"]}}],"collection":[{"href":"https:\/\/truckle.in-chemnitz.de\/wordpress\/wp-json\/wp\/v2\/pages"}],"about":[{"href":"https:\/\/truckle.in-chemnitz.de\/wordpress\/wp-json\/wp\/v2\/types\/page"}],"author":[{"embeddable":true,"href":"https:\/\/truckle.in-chemnitz.de\/wordpress\/wp-json\/wp\/v2\/users\/1"}],"replies":[{"embeddable":true,"href":"https:\/\/truckle.in-chemnitz.de\/wordpress\/wp-json\/wp\/v2\/comments?post=1758"}],"version-history":[{"count":3,"href":"https:\/\/truckle.in-chemnitz.de\/wordpress\/wp-json\/wp\/v2\/pages\/1758\/revisions"}],"predecessor-version":[{"id":1763,"href":"https:\/\/truckle.in-chemnitz.de\/wordpress\/wp-json\/wp\/v2\/pages\/1758\/revisions\/1763"}],"up":[{"embeddable":true,"href":"https:\/\/truckle.in-chemnitz.de\/wordpress\/wp-json\/wp\/v2\/pages\/152"}],"wp:attachment":[{"href":"https:\/\/truckle.in-chemnitz.de\/wordpress\/wp-json\/wp\/v2\/media?parent=1758"}],"curies":[{"name":"wp","href":"https:\/\/api.w.org\/{rel}","templated":true}]}}