{"id":2301,"date":"2014-08-27T03:18:26","date_gmt":"2014-08-27T01:18:26","guid":{"rendered":"http:\/\/truckle.in-chemnitz.de\/wordpress\/?page_id=2301"},"modified":"2018-01-31T20:57:41","modified_gmt":"2018-01-31T19:57:41","slug":"radtour-ungarn-und-rumaenien-2014","status":"publish","type":"page","link":"https:\/\/truckle.in-chemnitz.de\/wordpress\/radtouren\/radtour-ungarn-und-rumaenien-2014\/","title":{"rendered":"Radtour Ungarn und Rum\u00e4nien 2014"},"content":{"rendered":"<p>Am 31.08. starten wir als erst neun- dann elf-k\u00f6pfiges Team Richtung Magyarpolany, einer Partnerstadt von Zw\u00f6nitz, ca. 40km n\u00f6rdlich des Balaton gelegen.<\/p>\n<p>Falk und Frank wollen von dort weiter \u00fcber die serbische Wojwodina ins rum\u00e4nische Siebenb\u00fcrgen und Maramuresch. Zur\u00fcck geht&#8217;s dann durch die Pu\u00dfta nach Budapest.<\/p>\n<p><strong>Geplante Strecke<\/strong><br \/>\n1. Teil:<br \/>\nZw\u00f6nitz &#8211; Magyarpolany (Ungarn) <a href=\"http:\/\/goo.gl\/maps\/kcYqZ\">http:\/\/goo.gl\/maps\/kcYqZ<\/a><\/p>\n<p>Etappen:<\/p>\n<p><a href=\" http:\/\/truckle.in-chemnitz.de\/wordpress\/feucht-froehlicher-start\">01 &#8211; Krivoklat<\/a><br \/>\n<a href=\"http:\/\/truckle.in-chemnitz.de\/wordpress\/ueber-berg-und-tal-durch-boehmen\">02 &#8211; Tabor<\/a><br \/>\n<a href=\"http:\/\/truckle.in-chemnitz.de\/wordpress\/wasserschlacht-vor-zwettl\">03 &#8211; Zwettl<\/a><br \/>\n<a href=\"http:\/\/truckle.in-chemnitz.de\/wordpress\/mit-highspeed-die-donau-entlang\">04 &#8211; Klosterneuburg<\/a><br \/>\n<a href=\"http:\/\/truckle.in-chemnitz.de\/wordpress\/bei-kaiserwetter-durch-die-kaiserstadt\">05 &#8211; Apetlon<\/a><br \/>\n<a href=\"http:\/\/truckle.in-chemnitz.de\/wordpress\/es-ist-geschafft\">06 &#8211; Magyarpolany<\/a><\/p>\n<p>2. Teil:<br \/>\nMagyarpolany &#8211; Siebenb\u00fcrgen &#8211; Maramuresch &#8211; Pu\u00dfta &#8211; Budapest <a href=\"http:\/\/goo.gl\/maps\/IDyfG\">http:\/\/goo.gl\/maps\/IDyfG<\/a><br \/>\nVon Budapest soll es am 21.09.2014 mit dem Zug nach Hause gehen.<\/p>\n<p>Etappen:<\/p>\n<p><a href=\"http:\/\/truckle.in-chemnitz.de\/wordpress\/die-gruen-graue-hoelle\">07 &#8211; Simontornya (HU)<\/a><br \/>\n<a href=\"http:\/\/truckle.in-chemnitz.de\/wordpress\/nach-sueden-es-rollt-wieder-2\/\">08 &#8211; Palitsch (SRB)<\/a><br \/>\n<a href=\"http:\/\/truckle.in-chemnitz.de\/wordpress\/dreieinhalb-defekthexen\/\">09 &#8211; Srpska Crna (SRB)<\/a><br \/>\n<a href=\"http:\/\/truckle.in-chemnitz.de\/wordpress\/srpska-crna-caransebes-164-km\/\">10 &#8211; Caransebes (RO)<\/a><br \/>\n<a href=\"http:\/\/truckle.in-chemnitz.de\/wordpress\/dem-sturme-getrotzt\/\">11 &#8211; Petrosani<\/a><br \/>\n<a href=\"http:\/\/truckle.in-chemnitz.de\/wordpress\/ueber-die-karpaten\/\">12 &#8211; Rau Sadului<\/a><br \/>\n<a href=\"http:\/\/truckle.in-chemnitz.de\/wordpress\/im-herzen-siebenbuergens\/\">13 &#8211; Hermanstadt (Sibiu)<\/a><br \/>\n<a href=\"http:\/\/truckle.in-chemnitz.de\/wordpress\/unerwartete-landschaften\/\">14 &#8211; Sarmasu<\/a><br \/>\n<a href=\"http:\/\/truckle.in-chemnitz.de\/wordpress\/rumaenische-landluft\/\">15 &#8211; Viseu de Sus<\/a><br \/>\n<a href=\"http:\/\/truckle.in-chemnitz.de\/wordpress\/weissbrot-und-peitsche\/\">16 &#8211; Budesti<\/a><br \/>\n<a href=\"http:\/\/truckle.in-chemnitz.de\/wordpress\/abschied-von-den-karpaten\/\">17 &#8211; Satu Mare<\/a><br \/>\n<a href=\"http:\/\/truckle.in-chemnitz.de\/wordpress\/durchgeruettelt-in-ungarn\/\">18 &#8211; Balmazujvaros (HU)<\/a><br \/>\n<a href=\"http:\/\/truckle.in-chemnitz.de\/wordpress\/heimwaerts-im-grossen-gang\/\">19 &#8211; Jaszbereny<\/a><br \/>\n<a href=\"http:\/\/truckle.in-chemnitz.de\/wordpress\/geschafft\/\">20 &#8211; Budapest<\/a><\/p>\n<p>In diesem Blog soll m\u00f6glichst t\u00e4glich in Bild und Text \u00fcber die Tour berichtet werden.<\/p>\n","protected":false},"excerpt":{"rendered":"<p>Am 31.08. starten wir als erst neun- dann elf-k\u00f6pfiges Team Richtung Magyarpolany, einer Partnerstadt von Zw\u00f6nitz, ca. 40km n\u00f6rdlich des Balaton gelegen. Falk und Frank wollen von dort weiter \u00fcber die serbische Wojwodina ins rum\u00e4nische Siebenb\u00fcrgen und Maramuresch. Zur\u00fcck geht&#8217;s dann durch die Pu\u00dfta nach Budapest. Geplante Strecke 1. Teil: Zw\u00f6nitz &#8211; Magyarpolany (Ungarn) http:\/\/goo.gl\/maps\/kcYqZ &hellip; <a href=\"https:\/\/truckle.in-chemnitz.de\/wordpress\/radtouren\/radtour-ungarn-und-rumaenien-2014\/\" class=\"more-link\"><span class=\"screen-reader-text\">Radtour Ungarn und Rum\u00e4nien 2014<\/span> weiterlesen <span class=\"meta-nav\">&rarr;<\/span><\/a><\/p>\n","protected":false},"author":1,"featured_media":0,"parent":152,"menu_order":20141,"comment_status":"open","ping_status":"open","template":"","meta":{"footnotes":""},"class_list":["post-2301","page","type-page","status-publish","hentry"],"_links":{"self":[{"href":"https:\/\/truckle.in-chemnitz.de\/wordpress\/wp-json\/wp\/v2\/pages\/2301","targetHints":{"allow":["GET"]}}],"collection":[{"href":"https:\/\/truckle.in-chemnitz.de\/wordpress\/wp-json\/wp\/v2\/pages"}],"about":[{"href":"https:\/\/truckle.in-chemnitz.de\/wordpress\/wp-json\/wp\/v2\/types\/page"}],"author":[{"embeddable":true,"href":"https:\/\/truckle.in-chemnitz.de\/wordpress\/wp-json\/wp\/v2\/users\/1"}],"replies":[{"embeddable":true,"href":"https:\/\/truckle.in-chemnitz.de\/wordpress\/wp-json\/wp\/v2\/comments?post=2301"}],"version-history":[{"count":28,"href":"https:\/\/truckle.in-chemnitz.de\/wordpress\/wp-json\/wp\/v2\/pages\/2301\/revisions"}],"predecessor-version":[{"id":2905,"href":"https:\/\/truckle.in-chemnitz.de\/wordpress\/wp-json\/wp\/v2\/pages\/2301\/revisions\/2905"}],"up":[{"embeddable":true,"href":"https:\/\/truckle.in-chemnitz.de\/wordpress\/wp-json\/wp\/v2\/pages\/152"}],"wp:attachment":[{"href":"https:\/\/truckle.in-chemnitz.de\/wordpress\/wp-json\/wp\/v2\/media?parent=2301"}],"curies":[{"name":"wp","href":"https:\/\/api.w.org\/{rel}","templated":true}]}}