{"id":286,"date":"2012-03-11T17:36:12","date_gmt":"2012-03-11T16:36:12","guid":{"rendered":"http:\/\/truckle.in-chemnitz.de\/wordpress\/?page_id=286"},"modified":"2012-06-12T02:59:43","modified_gmt":"2012-06-12T00:59:43","slug":"kroatien-2010-6-tag","status":"publish","type":"page","link":"https:\/\/truckle.in-chemnitz.de\/wordpress\/radtouren\/kroatien-2010\/kroatien-2010-6-tag\/","title":{"rendered":"Kroatien-2010 6.Tag"},"content":{"rendered":"<p><strong><br \/>\n08.06.2010 Gemano (IT) \u2013 Buzet (HR) (168km) Gesamt: 922km<br \/>\n<\/strong><\/p>\n<p>Der wohl einzige Vorteil von Hotels liegt darin, dass man sehr zeitig ein sehr ordentliches Fr\u00fchst\u00fcck bekommen kann. Das nutzten wir auch diesmal aus und konnten uns bereits rekordverd\u00e4chtig 7.50 Uhr aufmachen.<\/p>\n<figure id=\"attachment_290\" aria-describedby=\"caption-attachment-290\" style=\"width: 600px\" class=\"wp-caption alignnone\"><a href=\"http:\/\/truckle.in-chemnitz.de\/wordpress\/wp-content\/uploads\/2012\/03\/imgp4733-s.jpg\"><img loading=\"lazy\" decoding=\"async\" src=\"http:\/\/truckle.in-chemnitz.de\/wordpress\/wp-content\/uploads\/2012\/03\/imgp4733-s-600x450.jpg\" alt=\"\" title=\"imgp4733-s\" width=\"600\" height=\"450\" class=\"size-large wp-image-290\" srcset=\"https:\/\/truckle.in-chemnitz.de\/wordpress\/wp-content\/uploads\/2012\/03\/imgp4733-s-600x450.jpg 600w, https:\/\/truckle.in-chemnitz.de\/wordpress\/wp-content\/uploads\/2012\/03\/imgp4733-s-270x202.jpg 270w, https:\/\/truckle.in-chemnitz.de\/wordpress\/wp-content\/uploads\/2012\/03\/imgp4733-s.jpg 1024w\" sizes=\"auto, (max-width: 600px) 100vw, 600px\" \/><\/a><figcaption id=\"caption-attachment-290\" class=\"wp-caption-text\">Flaches Land bei Udine<\/figcaption><\/figure>\n<p>Bei leicht bedecktem Himmel aber angenehmer Temperatur spulten wir schnell die ersten Kilometer ab. Die Berge hatten wir hinter uns gelassen und jetzt war es einfach nur noch eben. In dem kleinen Ort Cassaco (km 18) kamen wir an eine Apotheke und besorgten Mobilat f\u00fcr Falks l\u00e4diertes Knie und siehe da: Die Schmerzen waren wie weggefegt. So konnten wir relativ entspannt teils auf Radwegen, teils auf Nebenstra\u00dfen, \u00f6stlich an Udine vorbei, bis an die Adria weiterjagen. Fasziniert und obergl\u00fccklich befuhren wir nun die K\u00fcstenstra\u00dfe von Monfalcone in Richtung Triest. <\/p>\n<p><figure id=\"attachment_291\" aria-describedby=\"caption-attachment-291\" style=\"width: 270px\" class=\"wp-caption alignleft\"><a href=\"http:\/\/truckle.in-chemnitz.de\/wordpress\/wp-content\/uploads\/2012\/03\/imgp4735-s.jpg\"><img loading=\"lazy\" decoding=\"async\" src=\"http:\/\/truckle.in-chemnitz.de\/wordpress\/wp-content\/uploads\/2012\/03\/imgp4735-s-270x202.jpg\" alt=\"\" title=\"imgp4735-s\" width=\"270\" height=\"202\" class=\"size-medium wp-image-291\" srcset=\"https:\/\/truckle.in-chemnitz.de\/wordpress\/wp-content\/uploads\/2012\/03\/imgp4735-s-270x202.jpg 270w, https:\/\/truckle.in-chemnitz.de\/wordpress\/wp-content\/uploads\/2012\/03\/imgp4735-s-600x450.jpg 600w, https:\/\/truckle.in-chemnitz.de\/wordpress\/wp-content\/uploads\/2012\/03\/imgp4735-s.jpg 1024w\" sizes=\"auto, (max-width: 270px) 100vw, 270px\" \/><\/a><figcaption id=\"caption-attachment-291\" class=\"wp-caption-text\">Adria<\/figcaption><\/figure><figure id=\"attachment_292\" aria-describedby=\"caption-attachment-292\" style=\"width: 270px\" class=\"wp-caption alignleft\"><a href=\"http:\/\/truckle.in-chemnitz.de\/wordpress\/wp-content\/uploads\/2012\/03\/imgp4736-s.jpg\"><img loading=\"lazy\" decoding=\"async\" src=\"http:\/\/truckle.in-chemnitz.de\/wordpress\/wp-content\/uploads\/2012\/03\/imgp4736-s-270x202.jpg\" alt=\"\" title=\"imgp4736-s\" width=\"270\" height=\"202\" class=\"size-medium wp-image-292\" srcset=\"https:\/\/truckle.in-chemnitz.de\/wordpress\/wp-content\/uploads\/2012\/03\/imgp4736-s-270x202.jpg 270w, https:\/\/truckle.in-chemnitz.de\/wordpress\/wp-content\/uploads\/2012\/03\/imgp4736-s-600x450.jpg 600w, https:\/\/truckle.in-chemnitz.de\/wordpress\/wp-content\/uploads\/2012\/03\/imgp4736-s.jpg 1024w\" sizes=\"auto, (max-width: 270px) 100vw, 270px\" \/><\/a><figcaption id=\"caption-attachment-292\" class=\"wp-caption-text\">am Bootshafen<\/figcaption><\/figure><\/p>\n<p>Neugierig auf das Meer bogen wir bei der ersten Gelegenheit rechts ab. Am Bootshafen stie\u00dfen wir auf ein ziemlich nobles Restaurant. Dort lie\u00dfen wir es uns bei Spaghetti mit Muscheln und Garnelen gut gehen. Die Flasche Bier schlug gleich mit 4,50 EUR zu Buche, Rekordpreis auf der gesamten Tour. Nachdem wir noch relativ lange auf die Rechnung warten mussten, ging es weiter die K\u00fcstenstra\u00dfe bis Triest entlang.<\/p>\n<p><figure id=\"attachment_293\" aria-describedby=\"caption-attachment-293\" style=\"width: 270px\" class=\"wp-caption alignleft\"><a href=\"http:\/\/truckle.in-chemnitz.de\/wordpress\/wp-content\/uploads\/2012\/03\/imgp4738-s.jpg\"><img loading=\"lazy\" decoding=\"async\" src=\"http:\/\/truckle.in-chemnitz.de\/wordpress\/wp-content\/uploads\/2012\/03\/imgp4738-s-270x202.jpg\" alt=\"\" title=\"imgp4738-s\" width=\"270\" height=\"202\" class=\"size-medium wp-image-293\" srcset=\"https:\/\/truckle.in-chemnitz.de\/wordpress\/wp-content\/uploads\/2012\/03\/imgp4738-s-270x202.jpg 270w, https:\/\/truckle.in-chemnitz.de\/wordpress\/wp-content\/uploads\/2012\/03\/imgp4738-s-600x450.jpg 600w, https:\/\/truckle.in-chemnitz.de\/wordpress\/wp-content\/uploads\/2012\/03\/imgp4738-s.jpg 1024w\" sizes=\"auto, (max-width: 270px) 100vw, 270px\" \/><\/a><figcaption id=\"caption-attachment-293\" class=\"wp-caption-text\">K\u00fcstenstra\u00dfe<\/figcaption><\/figure><figure id=\"attachment_294\" aria-describedby=\"caption-attachment-294\" style=\"width: 270px\" class=\"wp-caption alignleft\"><a href=\"http:\/\/truckle.in-chemnitz.de\/wordpress\/wp-content\/uploads\/2012\/03\/img_2889-s.jpg\"><img loading=\"lazy\" decoding=\"async\" src=\"http:\/\/truckle.in-chemnitz.de\/wordpress\/wp-content\/uploads\/2012\/03\/img_2889-s-270x202.jpg\" alt=\"\" title=\"img_2889-s\" width=\"270\" height=\"202\" class=\"size-medium wp-image-294\" srcset=\"https:\/\/truckle.in-chemnitz.de\/wordpress\/wp-content\/uploads\/2012\/03\/img_2889-s-270x202.jpg 270w, https:\/\/truckle.in-chemnitz.de\/wordpress\/wp-content\/uploads\/2012\/03\/img_2889-s-600x450.jpg 600w, https:\/\/truckle.in-chemnitz.de\/wordpress\/wp-content\/uploads\/2012\/03\/img_2889-s.jpg 1024w\" sizes=\"auto, (max-width: 270px) 100vw, 270px\" \/><\/a><figcaption id=\"caption-attachment-294\" class=\"wp-caption-text\">Felsbr\u00fccke<\/figcaption><\/figure><\/p>\n<p>Die Stadtdurchfahrt war sehr nervig und zeitraubend. Da wir in Richtung Slowenien mussten, wollten wir eigentlich nahe am Wasser bleiben. Direkt am Hafen war kein Durchkommen, die n\u00e4chste Stra\u00dfe f\u00fchrte dann ohne Vorwarnung und Wendem\u00f6glichkeit direkt auf die Autobahn. Also sind wir ca. 500 m Autobahn bis zur n\u00e4chsten Abfahrt gefahren.<\/p>\n<p>Nachdem wir uns durchgefragt und endlich auch die Ausfallstra\u00dfe gefunden hatten, stellten wir fest, dass es dort scheinbar auch nur auf der Autobahn weitergeht. Wir haben etwa eine dreiviertel Stunde nach dem in der Karte eingezeichneten Weg oder Nebenstr\u00e4\u00dfchen gesucht und sind dabei paarmal im Kreis gefahren. Irgendwann haben wir aufgegeben und sind \u00fcber Nebenstra\u00dfen, einen ordentlichen Umweg und einen recht steilen H\u00fcgel nach Slowenien gelangt.<\/p>\n<p>Dort wurden wir als erstes mit einem sausteilen, nicht enden wollenden Anstieg mit interessanter Aussicht begr\u00fc\u00dft, so dass wir uns auf halber H\u00f6he (km 141) erstmal ein Bierchen genehmigt haben. Das setzte neue Kr\u00e4fte frei und es ging quer \u00fcber die istrische Halbinsel weiter bergauf und bergab.<\/p>\n<figure id=\"attachment_296\" aria-describedby=\"caption-attachment-296\" style=\"width: 600px\" class=\"wp-caption alignnone\"><a href=\"http:\/\/truckle.in-chemnitz.de\/wordpress\/wp-content\/uploads\/2012\/03\/img_2896-s.jpg\"><img loading=\"lazy\" decoding=\"async\" src=\"http:\/\/truckle.in-chemnitz.de\/wordpress\/wp-content\/uploads\/2012\/03\/img_2896-s-600x450.jpg\" alt=\"\" title=\"img_2896-s\" width=\"600\" height=\"450\" class=\"size-large wp-image-296\" srcset=\"https:\/\/truckle.in-chemnitz.de\/wordpress\/wp-content\/uploads\/2012\/03\/img_2896-s-600x450.jpg 600w, https:\/\/truckle.in-chemnitz.de\/wordpress\/wp-content\/uploads\/2012\/03\/img_2896-s-270x202.jpg 270w, https:\/\/truckle.in-chemnitz.de\/wordpress\/wp-content\/uploads\/2012\/03\/img_2896-s.jpg 1024w\" sizes=\"auto, (max-width: 600px) 100vw, 600px\" \/><\/a><figcaption id=\"caption-attachment-296\" class=\"wp-caption-text\">Auf Nebenstra\u00dfen durch Sowenien<\/figcaption><\/figure>\n<p>Gegen Ende des Tages gab es nochmal eine sch\u00f6ne Abfahrt , vorbei an imposanten Felsformationen, bis an die kroatische Grenze. <\/p>\n<p><figure id=\"attachment_297\" aria-describedby=\"caption-attachment-297\" style=\"width: 270px\" class=\"wp-caption alignleft\"><a href=\"http:\/\/truckle.in-chemnitz.de\/wordpress\/wp-content\/uploads\/2012\/03\/img_2897-s.jpg\"><img loading=\"lazy\" decoding=\"async\" src=\"http:\/\/truckle.in-chemnitz.de\/wordpress\/wp-content\/uploads\/2012\/03\/img_2897-s-270x202.jpg\" alt=\"\" title=\"img_2897-s\" width=\"270\" height=\"202\" class=\"size-medium wp-image-297\" srcset=\"https:\/\/truckle.in-chemnitz.de\/wordpress\/wp-content\/uploads\/2012\/03\/img_2897-s-270x202.jpg 270w, https:\/\/truckle.in-chemnitz.de\/wordpress\/wp-content\/uploads\/2012\/03\/img_2897-s-600x450.jpg 600w, https:\/\/truckle.in-chemnitz.de\/wordpress\/wp-content\/uploads\/2012\/03\/img_2897-s.jpg 1024w\" sizes=\"auto, (max-width: 270px) 100vw, 270px\" \/><\/a><figcaption id=\"caption-attachment-297\" class=\"wp-caption-text\">\u00dcberh\u00e4ngende Felsen<\/figcaption><\/figure><figure id=\"attachment_298\" aria-describedby=\"caption-attachment-298\" style=\"width: 270px\" class=\"wp-caption alignleft\"><a href=\"http:\/\/truckle.in-chemnitz.de\/wordpress\/wp-content\/uploads\/2012\/03\/imgp4743-s.jpg\"><img loading=\"lazy\" decoding=\"async\" src=\"http:\/\/truckle.in-chemnitz.de\/wordpress\/wp-content\/uploads\/2012\/03\/imgp4743-s-270x202.jpg\" alt=\"\" title=\"imgp4743-s\" width=\"270\" height=\"202\" class=\"size-medium wp-image-298\" srcset=\"https:\/\/truckle.in-chemnitz.de\/wordpress\/wp-content\/uploads\/2012\/03\/imgp4743-s-270x202.jpg 270w, https:\/\/truckle.in-chemnitz.de\/wordpress\/wp-content\/uploads\/2012\/03\/imgp4743-s-600x450.jpg 600w, https:\/\/truckle.in-chemnitz.de\/wordpress\/wp-content\/uploads\/2012\/03\/imgp4743-s.jpg 1024w\" sizes=\"auto, (max-width: 270px) 100vw, 270px\" \/><\/a><figcaption id=\"caption-attachment-298\" class=\"wp-caption-text\">Buzet<\/figcaption><\/figure><\/p>\n<p>Zum Abschluss ging es nochmal ordentlich bergauf bis Buzet. Dort checkten wir im erstbesten Hotel ein und bekamen mit Pilzsuppe und reichlich Spaghetti ein sehr gutes Abendbrot.<\/p>\n<p><a href=\"\/gps\/GPSDATA-20100608_s-osm.html\" target=\"_blank\" title=\"OSM-Karte\">Karte<\/a><\/p>\n<figure id=\"attachment_316\" aria-describedby=\"caption-attachment-316\" style=\"width: 600px\" class=\"wp-caption alignnone\"><a href=\"http:\/\/truckle.in-chemnitz.de\/wordpress\/wp-content\/uploads\/2012\/03\/GPSDATA-20100608-profile.png\"><img loading=\"lazy\" decoding=\"async\" src=\"http:\/\/truckle.in-chemnitz.de\/wordpress\/wp-content\/uploads\/2012\/03\/GPSDATA-20100608-profile-600x253.png\" alt=\"\" title=\"GPSDATA-20100608-profile\" width=\"600\" height=\"253\" class=\"size-large wp-image-316\" srcset=\"https:\/\/truckle.in-chemnitz.de\/wordpress\/wp-content\/uploads\/2012\/03\/GPSDATA-20100608-profile-600x253.png 600w, https:\/\/truckle.in-chemnitz.de\/wordpress\/wp-content\/uploads\/2012\/03\/GPSDATA-20100608-profile-270x114.png 270w, https:\/\/truckle.in-chemnitz.de\/wordpress\/wp-content\/uploads\/2012\/03\/GPSDATA-20100608-profile.png 900w\" sizes=\"auto, (max-width: 600px) 100vw, 600px\" \/><\/a><figcaption id=\"caption-attachment-316\" class=\"wp-caption-text\">H\u00f6henprofil<\/figcaption><\/figure>\n<p><a href=\"..\/kroatien-2010-7-tag\">Weiter<\/a><\/p>\n","protected":false},"excerpt":{"rendered":"<p>08.06.2010 Gemano (IT) \u2013 Buzet (HR) (168km) Gesamt: 922km Der wohl einzige Vorteil von Hotels liegt darin, dass man sehr zeitig ein sehr ordentliches Fr\u00fchst\u00fcck bekommen kann. Das nutzten wir auch diesmal aus und konnten uns bereits rekordverd\u00e4chtig 7.50 Uhr aufmachen. Bei leicht bedecktem Himmel aber angenehmer Temperatur spulten wir schnell die ersten Kilometer ab. &hellip; <a href=\"https:\/\/truckle.in-chemnitz.de\/wordpress\/radtouren\/kroatien-2010\/kroatien-2010-6-tag\/\" class=\"more-link\"><span class=\"screen-reader-text\">Kroatien-2010 6.Tag<\/span> weiterlesen <span class=\"meta-nav\">&rarr;<\/span><\/a><\/p>\n","protected":false},"author":1,"featured_media":0,"parent":150,"menu_order":0,"comment_status":"open","ping_status":"open","template":"","meta":{"footnotes":""},"class_list":["post-286","page","type-page","status-publish","hentry"],"_links":{"self":[{"href":"https:\/\/truckle.in-chemnitz.de\/wordpress\/wp-json\/wp\/v2\/pages\/286","targetHints":{"allow":["GET"]}}],"collection":[{"href":"https:\/\/truckle.in-chemnitz.de\/wordpress\/wp-json\/wp\/v2\/pages"}],"about":[{"href":"https:\/\/truckle.in-chemnitz.de\/wordpress\/wp-json\/wp\/v2\/types\/page"}],"author":[{"embeddable":true,"href":"https:\/\/truckle.in-chemnitz.de\/wordpress\/wp-json\/wp\/v2\/users\/1"}],"replies":[{"embeddable":true,"href":"https:\/\/truckle.in-chemnitz.de\/wordpress\/wp-json\/wp\/v2\/comments?post=286"}],"version-history":[{"count":12,"href":"https:\/\/truckle.in-chemnitz.de\/wordpress\/wp-json\/wp\/v2\/pages\/286\/revisions"}],"predecessor-version":[{"id":641,"href":"https:\/\/truckle.in-chemnitz.de\/wordpress\/wp-json\/wp\/v2\/pages\/286\/revisions\/641"}],"up":[{"embeddable":true,"href":"https:\/\/truckle.in-chemnitz.de\/wordpress\/wp-json\/wp\/v2\/pages\/150"}],"wp:attachment":[{"href":"https:\/\/truckle.in-chemnitz.de\/wordpress\/wp-json\/wp\/v2\/media?parent=286"}],"curies":[{"name":"wp","href":"https:\/\/api.w.org\/{rel}","templated":true}]}}