{"id":2949,"date":"2015-09-09T14:05:59","date_gmt":"2015-09-09T12:05:59","guid":{"rendered":"http:\/\/truckle.in-chemnitz.de\/wordpress\/?page_id=2949"},"modified":"2018-01-31T20:57:25","modified_gmt":"2018-01-31T19:57:25","slug":"radtour-tschechien-2015","status":"publish","type":"page","link":"https:\/\/truckle.in-chemnitz.de\/wordpress\/radtouren\/radtour-tschechien-2015\/","title":{"rendered":"Radtour Tschechien 2015"},"content":{"rendered":"<p>Am n\u00e4chsten Sonntag startet die Mannschaft &#8222;Blauer Blitz&#8220; zur n\u00e4chsten Unternehmung. Es geht \u00fcber reichlich 500km nach Koprivnice, der tschechischen Partnerstadt von Zw\u00f6nitz. Am Sonnabend wollen dann die sportlichsten Aktivisten am Zatopek-Lauf teilnehmen und damit einen Halbmarathon bew\u00e4ltigen.<\/p>\n<p>Wir planen, die Strecke in 5 Tagen mit folgenden Etappen zu bew\u00e4ltigen:<\/p>\n<p>1. <a href=\"http:\/\/truckle.in-chemnitz.de\/wordpress\/gegen-den-wind-druebn-nei\/\">Louny<\/a><\/p>\n<p>2. <a href=\"http:\/\/truckle.in-chemnitz.de\/wordpress\/zweistromland-tschechopotamien\/\">Podebrady<\/a><\/p>\n<p>3. <a href=\"http:\/\/truckle.in-chemnitz.de\/wordpress\/sorgen-am-morgen\/\">Usti nad Orlici<\/a><\/p>\n<p>4. <a href=\"http:\/\/truckle.in-chemnitz.de\/wordpress\/genusstour-durch-maehren\/\">Olomouc<\/a><\/p>\n<p>5. <a href=\"http:\/\/truckle.in-chemnitz.de\/wordpress\/endspurt-mit-hindernissen\/\">Kop\u0159ivnice<\/a><\/p>\n<p><a href=\"https:\/\/www.google.com\/maps\/d\/edit?mid=z3sOSEp-ddEQ.k5dfB8UgKjaM&amp;usp=sharing\" target=\"_blank\">Detailplan<\/a>, auch als <a href=\"http:\/\/truckle.in-chemnitz.de\/tschechien2015\/Detailplan-Zwoenitz-Koprivnice.gpx\">gpx<\/a> oder <a href=\"http:\/\/truckle.in-chemnitz.de\/tschechien2015\/Detailplan-Zwoenitz-Koprivnice.kmz\">kmz<\/a>.<\/p>\n","protected":false},"excerpt":{"rendered":"<p>Am n\u00e4chsten Sonntag startet die Mannschaft &#8222;Blauer Blitz&#8220; zur n\u00e4chsten Unternehmung. Es geht \u00fcber reichlich 500km nach Koprivnice, der tschechischen Partnerstadt von Zw\u00f6nitz. Am Sonnabend wollen dann die sportlichsten Aktivisten am Zatopek-Lauf teilnehmen und damit einen Halbmarathon bew\u00e4ltigen. Wir planen, die Strecke in 5 Tagen mit folgenden Etappen zu bew\u00e4ltigen: 1. Louny 2. Podebrady 3. &hellip; <a href=\"https:\/\/truckle.in-chemnitz.de\/wordpress\/radtouren\/radtour-tschechien-2015\/\" class=\"more-link\"><span class=\"screen-reader-text\">Radtour Tschechien 2015<\/span> weiterlesen <span class=\"meta-nav\">&rarr;<\/span><\/a><\/p>\n","protected":false},"author":1,"featured_media":0,"parent":152,"menu_order":20151,"comment_status":"closed","ping_status":"closed","template":"","meta":{"footnotes":""},"class_list":["post-2949","page","type-page","status-publish","hentry"],"_links":{"self":[{"href":"https:\/\/truckle.in-chemnitz.de\/wordpress\/wp-json\/wp\/v2\/pages\/2949","targetHints":{"allow":["GET"]}}],"collection":[{"href":"https:\/\/truckle.in-chemnitz.de\/wordpress\/wp-json\/wp\/v2\/pages"}],"about":[{"href":"https:\/\/truckle.in-chemnitz.de\/wordpress\/wp-json\/wp\/v2\/types\/page"}],"author":[{"embeddable":true,"href":"https:\/\/truckle.in-chemnitz.de\/wordpress\/wp-json\/wp\/v2\/users\/1"}],"replies":[{"embeddable":true,"href":"https:\/\/truckle.in-chemnitz.de\/wordpress\/wp-json\/wp\/v2\/comments?post=2949"}],"version-history":[{"count":8,"href":"https:\/\/truckle.in-chemnitz.de\/wordpress\/wp-json\/wp\/v2\/pages\/2949\/revisions"}],"predecessor-version":[{"id":3030,"href":"https:\/\/truckle.in-chemnitz.de\/wordpress\/wp-json\/wp\/v2\/pages\/2949\/revisions\/3030"}],"up":[{"embeddable":true,"href":"https:\/\/truckle.in-chemnitz.de\/wordpress\/wp-json\/wp\/v2\/pages\/152"}],"wp:attachment":[{"href":"https:\/\/truckle.in-chemnitz.de\/wordpress\/wp-json\/wp\/v2\/media?parent=2949"}],"curies":[{"name":"wp","href":"https:\/\/api.w.org\/{rel}","templated":true}]}}