{"id":445,"date":"2012-06-03T18:09:32","date_gmt":"2012-06-03T16:09:32","guid":{"rendered":"http:\/\/truckle.in-chemnitz.de\/wordpress\/?page_id=445"},"modified":"2012-06-12T03:01:50","modified_gmt":"2012-06-12T01:01:50","slug":"kroatien-2010-10-tag","status":"publish","type":"page","link":"https:\/\/truckle.in-chemnitz.de\/wordpress\/radtouren\/kroatien-2010\/kroatien-2010-10-tag\/","title":{"rendered":"Kroatien-2010 10.Tag"},"content":{"rendered":"<p><strong>12.06.2010 Trp\u010dane (SI) &#8212; Kobarid (SI) (157km) Gesamt: 1400km<\/strong><\/p>\n<p>Erneut starteten wir bei Superwetter. In Ilirska Bistrica, bei km 10, haben wir gleich nochmal gehalten, den Supermarkt gepl\u00fcndert, die Flaschen mit Apfelschorle und den K\u00f6rper mit Trinkjoghurt aufgef\u00fcllt. Wir sind dann \u00fcber kleine Stra\u00dfen mit ganz wenig Verkehr durch eine mittelgebirgige Landschaft bis nach Predjama gefahren.<\/p>\n<p><figure id=\"attachment_454\" aria-describedby=\"caption-attachment-454\" style=\"width: 270px\" class=\"wp-caption alignleft\"><a href=\"http:\/\/truckle.in-chemnitz.de\/wordpress\/wp-content\/uploads\/2012\/06\/imgp4818-s.jpg\"><img loading=\"lazy\" decoding=\"async\" src=\"http:\/\/truckle.in-chemnitz.de\/wordpress\/wp-content\/uploads\/2012\/06\/imgp4818-s-270x202.jpg\" alt=\"\" title=\"imgp4818-s\" width=\"270\" height=\"202\" class=\"size-medium wp-image-454\" srcset=\"https:\/\/truckle.in-chemnitz.de\/wordpress\/wp-content\/uploads\/2012\/06\/imgp4818-s-270x202.jpg 270w, https:\/\/truckle.in-chemnitz.de\/wordpress\/wp-content\/uploads\/2012\/06\/imgp4818-s-600x450.jpg 600w, https:\/\/truckle.in-chemnitz.de\/wordpress\/wp-content\/uploads\/2012\/06\/imgp4818-s.jpg 1024w\" sizes=\"auto, (max-width: 270px) 100vw, 270px\" \/><\/a><figcaption id=\"caption-attachment-454\" class=\"wp-caption-text\">Slowenische Landstra\u00dfe<\/figcaption><\/figure><figure id=\"attachment_455\" aria-describedby=\"caption-attachment-455\" style=\"width: 270px\" class=\"wp-caption alignleft\"><a href=\"http:\/\/truckle.in-chemnitz.de\/wordpress\/wp-content\/uploads\/2012\/06\/img_2953-s.jpg\"><img loading=\"lazy\" decoding=\"async\" src=\"http:\/\/truckle.in-chemnitz.de\/wordpress\/wp-content\/uploads\/2012\/06\/img_2953-s-270x202.jpg\" alt=\"\" title=\"img_2953-s\" width=\"270\" height=\"202\" class=\"size-medium wp-image-455\" srcset=\"https:\/\/truckle.in-chemnitz.de\/wordpress\/wp-content\/uploads\/2012\/06\/img_2953-s-270x202.jpg 270w, https:\/\/truckle.in-chemnitz.de\/wordpress\/wp-content\/uploads\/2012\/06\/img_2953-s-600x450.jpg 600w, https:\/\/truckle.in-chemnitz.de\/wordpress\/wp-content\/uploads\/2012\/06\/img_2953-s.jpg 1024w\" sizes=\"auto, (max-width: 270px) 100vw, 270px\" \/><\/a><figcaption id=\"caption-attachment-455\" class=\"wp-caption-text\">Pferdezucht<\/figcaption><\/figure><\/p>\n<p>Die bekannte H\u00f6hlenburg haben wir links liegen gelassen und sind ab dort auf steilen Shotterwegen in kleinen G\u00e4ngen ins Karstgebirge hochgekrochen. Bei Hrusica, km 58, querten wir eine Stra\u00dfe. Dort befindet sich ein sch\u00f6nes Ausflugslokal. Wir genossen eine Mahlzeit aus Gnocci mit Schinken und fuhren dann weiter Schotterwege hinauf.<\/p>\n<p><figure id=\"attachment_456\" aria-describedby=\"caption-attachment-456\" style=\"width: 270px\" class=\"wp-caption alignleft\"><a href=\"http:\/\/truckle.in-chemnitz.de\/wordpress\/wp-content\/uploads\/2012\/06\/imgp4819-s.jpg\"><img loading=\"lazy\" decoding=\"async\" src=\"http:\/\/truckle.in-chemnitz.de\/wordpress\/wp-content\/uploads\/2012\/06\/imgp4819-s-270x202.jpg\" alt=\"\" title=\"imgp4819-s\" width=\"270\" height=\"202\" class=\"size-medium wp-image-456\" srcset=\"https:\/\/truckle.in-chemnitz.de\/wordpress\/wp-content\/uploads\/2012\/06\/imgp4819-s-270x202.jpg 270w, https:\/\/truckle.in-chemnitz.de\/wordpress\/wp-content\/uploads\/2012\/06\/imgp4819-s-600x450.jpg 600w, https:\/\/truckle.in-chemnitz.de\/wordpress\/wp-content\/uploads\/2012\/06\/imgp4819-s.jpg 1024w\" sizes=\"auto, (max-width: 270px) 100vw, 270px\" \/><\/a><figcaption id=\"caption-attachment-456\" class=\"wp-caption-text\">dunkler Wald<\/figcaption><\/figure><figure id=\"attachment_457\" aria-describedby=\"caption-attachment-457\" style=\"width: 270px\" class=\"wp-caption alignleft\"><a href=\"http:\/\/truckle.in-chemnitz.de\/wordpress\/wp-content\/uploads\/2012\/06\/img_2954-s.jpg\"><img loading=\"lazy\" decoding=\"async\" src=\"http:\/\/truckle.in-chemnitz.de\/wordpress\/wp-content\/uploads\/2012\/06\/img_2954-s-270x202.jpg\" alt=\"\" title=\"img_2954-s\" width=\"270\" height=\"202\" class=\"size-medium wp-image-457\" srcset=\"https:\/\/truckle.in-chemnitz.de\/wordpress\/wp-content\/uploads\/2012\/06\/img_2954-s-270x202.jpg 270w, https:\/\/truckle.in-chemnitz.de\/wordpress\/wp-content\/uploads\/2012\/06\/img_2954-s-600x450.jpg 600w, https:\/\/truckle.in-chemnitz.de\/wordpress\/wp-content\/uploads\/2012\/06\/img_2954-s.jpg 1024w\" sizes=\"auto, (max-width: 270px) 100vw, 270px\" \/><\/a><figcaption id=\"caption-attachment-457\" class=\"wp-caption-text\">Kneipe bei Hrusica<\/figcaption><\/figure><\/p>\n<p>Kurz darauf war die Wegef\u00fchrung sehr un\u00fcbersichtlich. Der Kartenma\u00dfstab und fehlende Wegweiser sorgten daf\u00fcr, dass wir nicht so recht wussten, welcher der vielen Wege in der Landschaft welchem der wenigen Wege in der Karte entsprach. Wir haben dann eine relativ zuverl\u00e4ssig aussehende Variante gew\u00e4hlt, die sich in st\u00e4ndigem auf und ab, die H\u00f6he halbwegs haltend, am Hang entlangzog. Schlie\u00dflich stellte sich heraus, dass wir ganz gut geraten hatten. Wir gelangten oberhalb des Ortes \u010cerni Vrh auf eine Stra\u00dfe und folgten dieser einige Serpentinen hinab.<\/p>\n<p>An einer Tankstelle hat Frank die mittlerweile etwas &#8222;matschigen&#8220; Reifen mit Luft bef\u00fcllt. Das ging, wahrscheinlich wegen zu kurzer Stifte im Ventil oder F\u00fcllstutzen, etwas arg fummelig. Danach rollte es aber gleich viel leichter. So um die 4 Bar sollte man schon auf dem Reifen haben.<\/p>\n<p><figure id=\"attachment_458\" aria-describedby=\"caption-attachment-458\" style=\"width: 270px\" class=\"wp-caption alignleft\"><a href=\"http:\/\/truckle.in-chemnitz.de\/wordpress\/wp-content\/uploads\/2012\/06\/img_2956-s.jpg\"><img loading=\"lazy\" decoding=\"async\" src=\"http:\/\/truckle.in-chemnitz.de\/wordpress\/wp-content\/uploads\/2012\/06\/img_2956-s-270x202.jpg\" alt=\"\" title=\"img_2956-s\" width=\"270\" height=\"202\" class=\"size-medium wp-image-458\" srcset=\"https:\/\/truckle.in-chemnitz.de\/wordpress\/wp-content\/uploads\/2012\/06\/img_2956-s-270x202.jpg 270w, https:\/\/truckle.in-chemnitz.de\/wordpress\/wp-content\/uploads\/2012\/06\/img_2956-s-600x450.jpg 600w, https:\/\/truckle.in-chemnitz.de\/wordpress\/wp-content\/uploads\/2012\/06\/img_2956-s.jpg 1024w\" sizes=\"auto, (max-width: 270px) 100vw, 270px\" \/><\/a><figcaption id=\"caption-attachment-458\" class=\"wp-caption-text\">Hang mit Seilbahn bei \u010cerni Vrh<\/figcaption><\/figure><figure id=\"attachment_459\" aria-describedby=\"caption-attachment-459\" style=\"width: 270px\" class=\"wp-caption alignleft\"><a href=\"http:\/\/truckle.in-chemnitz.de\/wordpress\/wp-content\/uploads\/2012\/06\/img_2964-s.jpg\"><img loading=\"lazy\" decoding=\"async\" src=\"http:\/\/truckle.in-chemnitz.de\/wordpress\/wp-content\/uploads\/2012\/06\/img_2964-s-270x202.jpg\" alt=\"\" title=\"img_2964-s\" width=\"270\" height=\"202\" class=\"size-medium wp-image-459\" srcset=\"https:\/\/truckle.in-chemnitz.de\/wordpress\/wp-content\/uploads\/2012\/06\/img_2964-s-270x202.jpg 270w, https:\/\/truckle.in-chemnitz.de\/wordpress\/wp-content\/uploads\/2012\/06\/img_2964-s-600x450.jpg 600w, https:\/\/truckle.in-chemnitz.de\/wordpress\/wp-content\/uploads\/2012\/06\/img_2964-s.jpg 1024w\" sizes=\"auto, (max-width: 270px) 100vw, 270px\" \/><\/a><figcaption id=\"caption-attachment-459\" class=\"wp-caption-text\">Im Idirja-Tal<\/figcaption><\/figure><\/p>\n<p>Es folgte eine ewig lange Abfahrt auf m\u00e4\u00dfig befahrener Stra\u00dfe im Tal der Irdija. So macht Radeln richtig Spa\u00df. Nach einer kurzen Bierpause bei km 110 ging es weiter neben dem Flu\u00df bergab bis zur  M\u00fcndung der Idirja in die So\u010da bei Most na So\u010di.<\/p>\n<p><figure id=\"attachment_460\" aria-describedby=\"caption-attachment-460\" style=\"width: 270px\" class=\"wp-caption alignleft\"><a href=\"http:\/\/truckle.in-chemnitz.de\/wordpress\/wp-content\/uploads\/2012\/06\/img_2965-s.jpg\"><img loading=\"lazy\" decoding=\"async\" src=\"http:\/\/truckle.in-chemnitz.de\/wordpress\/wp-content\/uploads\/2012\/06\/img_2965-s-270x202.jpg\" alt=\"\" title=\"img_2965-s\" width=\"270\" height=\"202\" class=\"size-medium wp-image-460\" srcset=\"https:\/\/truckle.in-chemnitz.de\/wordpress\/wp-content\/uploads\/2012\/06\/img_2965-s-270x202.jpg 270w, https:\/\/truckle.in-chemnitz.de\/wordpress\/wp-content\/uploads\/2012\/06\/img_2965-s-600x450.jpg 600w, https:\/\/truckle.in-chemnitz.de\/wordpress\/wp-content\/uploads\/2012\/06\/img_2965-s.jpg 1024w\" sizes=\"auto, (max-width: 270px) 100vw, 270px\" \/><\/a><figcaption id=\"caption-attachment-460\" class=\"wp-caption-text\">Bahnbr\u00fccke<\/figcaption><\/figure><figure id=\"attachment_461\" aria-describedby=\"caption-attachment-461\" style=\"width: 270px\" class=\"wp-caption alignleft\"><a href=\"http:\/\/truckle.in-chemnitz.de\/wordpress\/wp-content\/uploads\/2012\/06\/img_2966-s.jpg\"><img loading=\"lazy\" decoding=\"async\" src=\"http:\/\/truckle.in-chemnitz.de\/wordpress\/wp-content\/uploads\/2012\/06\/img_2966-s-270x202.jpg\" alt=\"\" title=\"img_2966-s\" width=\"270\" height=\"202\" class=\"size-medium wp-image-461\" srcset=\"https:\/\/truckle.in-chemnitz.de\/wordpress\/wp-content\/uploads\/2012\/06\/img_2966-s-270x202.jpg 270w, https:\/\/truckle.in-chemnitz.de\/wordpress\/wp-content\/uploads\/2012\/06\/img_2966-s-600x450.jpg 600w, https:\/\/truckle.in-chemnitz.de\/wordpress\/wp-content\/uploads\/2012\/06\/img_2966-s.jpg 1024w\" sizes=\"auto, (max-width: 270px) 100vw, 270px\" \/><\/a><figcaption id=\"caption-attachment-461\" class=\"wp-caption-text\">\u00fcber die So\u010da<\/figcaption><\/figure><\/p>\n<p>Ab dort f\u00fchrte unser Weg das So\u010da-Tal hinauf, den Flu\u00df mit seinem extrem t\u00fcrkisblauen Wasser meist in Sichtweite.<\/p>\n<p><figure id=\"attachment_462\" aria-describedby=\"caption-attachment-462\" style=\"width: 270px\" class=\"wp-caption alignleft\"><a href=\"http:\/\/truckle.in-chemnitz.de\/wordpress\/wp-content\/uploads\/2012\/06\/imgp4824-s.jpg\"><img loading=\"lazy\" decoding=\"async\" src=\"http:\/\/truckle.in-chemnitz.de\/wordpress\/wp-content\/uploads\/2012\/06\/imgp4824-s-270x202.jpg\" alt=\"\" title=\"imgp4824-s\" width=\"270\" height=\"202\" class=\"size-medium wp-image-462\" srcset=\"https:\/\/truckle.in-chemnitz.de\/wordpress\/wp-content\/uploads\/2012\/06\/imgp4824-s-270x202.jpg 270w, https:\/\/truckle.in-chemnitz.de\/wordpress\/wp-content\/uploads\/2012\/06\/imgp4824-s-600x450.jpg 600w, https:\/\/truckle.in-chemnitz.de\/wordpress\/wp-content\/uploads\/2012\/06\/imgp4824-s.jpg 1024w\" sizes=\"auto, (max-width: 270px) 100vw, 270px\" \/><\/a><figcaption id=\"caption-attachment-462\" class=\"wp-caption-text\">So\u010da-Stausee<\/figcaption><\/figure><figure id=\"attachment_463\" aria-describedby=\"caption-attachment-463\" style=\"width: 270px\" class=\"wp-caption alignleft\"><a href=\"http:\/\/truckle.in-chemnitz.de\/wordpress\/wp-content\/uploads\/2012\/06\/imgp4827-s.jpg\"><img loading=\"lazy\" decoding=\"async\" src=\"http:\/\/truckle.in-chemnitz.de\/wordpress\/wp-content\/uploads\/2012\/06\/imgp4827-s-270x202.jpg\" alt=\"\" title=\"imgp4827-s\" width=\"270\" height=\"202\" class=\"size-medium wp-image-463\" srcset=\"https:\/\/truckle.in-chemnitz.de\/wordpress\/wp-content\/uploads\/2012\/06\/imgp4827-s-270x202.jpg 270w, https:\/\/truckle.in-chemnitz.de\/wordpress\/wp-content\/uploads\/2012\/06\/imgp4827-s-600x450.jpg 600w, https:\/\/truckle.in-chemnitz.de\/wordpress\/wp-content\/uploads\/2012\/06\/imgp4827-s.jpg 1024w\" sizes=\"auto, (max-width: 270px) 100vw, 270px\" \/><\/a><figcaption id=\"caption-attachment-463\" class=\"wp-caption-text\">Flu\u00df und Karst<\/figcaption><\/figure><\/p>\n<p>In&nbsp;Slowenien und Kroatien sieht man \u00f6fters \u00fcberfahrene Schlangen auf der Stra\u00dfe. Manchmal huscht auch ein solches Tier, das es sich auf dem warmen Asphalt bequem gemacht hat, noch schnell vor den Reifen ins Geb\u00fcsch. Jetzt aber sah Frank zwei eng umschlungene Schlangen, hielt das f\u00fcr ein gutes Fotomotiv und griff kr\u00e4ftig in die Bremsen. Falk fuhr allerdings gerade mit Zentimeter-Abstand im Windschatten, war auf die Aktion nat\u00fcrlich nicht gefa\u00dft und ist aufgefahren. Dabei hat es ihn umgeschmissen. Zum Gl\u00fcck ist der Sturz glimpflich abgegangen. Die Schlangen waren nat\u00fcrlich weg.<\/p>\n<p><figure id=\"attachment_464\" aria-describedby=\"caption-attachment-464\" style=\"width: 202px\" class=\"wp-caption alignleft\"><a href=\"http:\/\/truckle.in-chemnitz.de\/wordpress\/wp-content\/uploads\/2012\/06\/img_2971-s.jpg\"><img loading=\"lazy\" decoding=\"async\" src=\"http:\/\/truckle.in-chemnitz.de\/wordpress\/wp-content\/uploads\/2012\/06\/img_2971-s-202x270.jpg\" alt=\"\" title=\"img_2971-s\" width=\"202\" height=\"270\" class=\"size-medium wp-image-464\" srcset=\"https:\/\/truckle.in-chemnitz.de\/wordpress\/wp-content\/uploads\/2012\/06\/img_2971-s-202x270.jpg 202w, https:\/\/truckle.in-chemnitz.de\/wordpress\/wp-content\/uploads\/2012\/06\/img_2971-s-450x600.jpg 450w, https:\/\/truckle.in-chemnitz.de\/wordpress\/wp-content\/uploads\/2012\/06\/img_2971-s.jpg 768w\" sizes=\"auto, (max-width: 202px) 100vw, 202px\" \/><\/a><figcaption id=\"caption-attachment-464\" class=\"wp-caption-text\">Br\u00fccke bei Kobarid<\/figcaption><\/figure><figure id=\"attachment_465\" aria-describedby=\"caption-attachment-465\" style=\"width: 270px\" class=\"wp-caption alignleft\"><a href=\"http:\/\/truckle.in-chemnitz.de\/wordpress\/wp-content\/uploads\/2012\/06\/img_2973-s.jpg\"><img loading=\"lazy\" decoding=\"async\" src=\"http:\/\/truckle.in-chemnitz.de\/wordpress\/wp-content\/uploads\/2012\/06\/img_2973-s-270x202.jpg\" alt=\"\" title=\"img_2973-s\" width=\"270\" height=\"202\" class=\"size-medium wp-image-465\" srcset=\"https:\/\/truckle.in-chemnitz.de\/wordpress\/wp-content\/uploads\/2012\/06\/img_2973-s-270x202.jpg 270w, https:\/\/truckle.in-chemnitz.de\/wordpress\/wp-content\/uploads\/2012\/06\/img_2973-s-600x450.jpg 600w, https:\/\/truckle.in-chemnitz.de\/wordpress\/wp-content\/uploads\/2012\/06\/img_2973-s.jpg 1024w\" sizes=\"auto, (max-width: 270px) 100vw, 270px\" \/><\/a><figcaption id=\"caption-attachment-465\" class=\"wp-caption-text\">XXL-Pizza<\/figcaption><\/figure><\/p>\n<p>In Kobarid fanden wir recht schnell eine Pizzeria mit angeschlossener Pension und lie\u00dfen uns jeder ein XXL-Exemplar Pizza schmecken.<\/p>\n<p><a href=\"\/gps\/GPSDATA-20100612_s-osm.html\" target=\"_blank\">Karte<\/a><\/p>\n<figure id=\"attachment_466\" aria-describedby=\"caption-attachment-466\" style=\"width: 600px\" class=\"wp-caption alignnone\"><a href=\"http:\/\/truckle.in-chemnitz.de\/wordpress\/wp-content\/uploads\/2012\/06\/GPSDATA-20100612-profile.png\"><img loading=\"lazy\" decoding=\"async\" src=\"http:\/\/truckle.in-chemnitz.de\/wordpress\/wp-content\/uploads\/2012\/06\/GPSDATA-20100612-profile-600x253.png\" alt=\"\" title=\"GPSDATA-20100612-profile\" width=\"600\" height=\"253\" class=\"size-large wp-image-466\" srcset=\"https:\/\/truckle.in-chemnitz.de\/wordpress\/wp-content\/uploads\/2012\/06\/GPSDATA-20100612-profile-600x253.png 600w, https:\/\/truckle.in-chemnitz.de\/wordpress\/wp-content\/uploads\/2012\/06\/GPSDATA-20100612-profile-270x114.png 270w, https:\/\/truckle.in-chemnitz.de\/wordpress\/wp-content\/uploads\/2012\/06\/GPSDATA-20100612-profile.png 900w\" sizes=\"auto, (max-width: 600px) 100vw, 600px\" \/><\/a><figcaption id=\"caption-attachment-466\" class=\"wp-caption-text\">H\u00f6henprofil<\/figcaption><\/figure>\n<p><a href=\"..\/kroatien-2010-11-tag\">Weiter<\/a><\/p>\n","protected":false},"excerpt":{"rendered":"<p>12.06.2010 Trp\u010dane (SI) &#8212; Kobarid (SI) (157km) Gesamt: 1400km Erneut starteten wir bei Superwetter. In Ilirska Bistrica, bei km 10, haben wir gleich nochmal gehalten, den Supermarkt gepl\u00fcndert, die Flaschen mit Apfelschorle und den K\u00f6rper mit Trinkjoghurt aufgef\u00fcllt. Wir sind dann \u00fcber kleine Stra\u00dfen mit ganz wenig Verkehr durch eine mittelgebirgige Landschaft bis nach Predjama &hellip; <a href=\"https:\/\/truckle.in-chemnitz.de\/wordpress\/radtouren\/kroatien-2010\/kroatien-2010-10-tag\/\" class=\"more-link\"><span class=\"screen-reader-text\">Kroatien-2010 10.Tag<\/span> weiterlesen <span class=\"meta-nav\">&rarr;<\/span><\/a><\/p>\n","protected":false},"author":1,"featured_media":0,"parent":150,"menu_order":1,"comment_status":"open","ping_status":"open","template":"","meta":{"footnotes":""},"class_list":["post-445","page","type-page","status-publish","hentry"],"_links":{"self":[{"href":"https:\/\/truckle.in-chemnitz.de\/wordpress\/wp-json\/wp\/v2\/pages\/445","targetHints":{"allow":["GET"]}}],"collection":[{"href":"https:\/\/truckle.in-chemnitz.de\/wordpress\/wp-json\/wp\/v2\/pages"}],"about":[{"href":"https:\/\/truckle.in-chemnitz.de\/wordpress\/wp-json\/wp\/v2\/types\/page"}],"author":[{"embeddable":true,"href":"https:\/\/truckle.in-chemnitz.de\/wordpress\/wp-json\/wp\/v2\/users\/1"}],"replies":[{"embeddable":true,"href":"https:\/\/truckle.in-chemnitz.de\/wordpress\/wp-json\/wp\/v2\/comments?post=445"}],"version-history":[{"count":12,"href":"https:\/\/truckle.in-chemnitz.de\/wordpress\/wp-json\/wp\/v2\/pages\/445\/revisions"}],"predecessor-version":[{"id":645,"href":"https:\/\/truckle.in-chemnitz.de\/wordpress\/wp-json\/wp\/v2\/pages\/445\/revisions\/645"}],"up":[{"embeddable":true,"href":"https:\/\/truckle.in-chemnitz.de\/wordpress\/wp-json\/wp\/v2\/pages\/150"}],"wp:attachment":[{"href":"https:\/\/truckle.in-chemnitz.de\/wordpress\/wp-json\/wp\/v2\/media?parent=445"}],"curies":[{"name":"wp","href":"https:\/\/api.w.org\/{rel}","templated":true}]}}