{"id":543,"date":"2012-06-05T21:35:29","date_gmt":"2012-06-05T19:35:29","guid":{"rendered":"http:\/\/truckle.in-chemnitz.de\/wordpress\/?page_id=543"},"modified":"2012-09-27T23:02:58","modified_gmt":"2012-09-27T21:02:58","slug":"kroatien-2010-13-tag","status":"publish","type":"page","link":"https:\/\/truckle.in-chemnitz.de\/wordpress\/radtouren\/kroatien-2010\/kroatien-2010-13-tag\/","title":{"rendered":"Kroatien-2010 13.Tag"},"content":{"rendered":"<p><strong>15.06.2010 Bad Mitterndorf (AT) &#8212; Rohrbach (AT) (182km) Gesamt: 1864km<\/strong><\/p>\n<p>Los gings gegen 07:45 bei nur leicht bew\u00f6lktem Himmel und angenehmen Temperaturen. Gleich kurz nach dem Start haben wir die Trinkflaschen mit frischem Quellwasser gef\u00fcllt und auch das dort bereitstehende Glas gern benutzt. Ein Service ist das!<\/p>\n<p><figure id=\"attachment_544\" aria-describedby=\"caption-attachment-544\" style=\"width: 270px\" class=\"wp-caption alignleft\"><a href=http:\/\/truckle.in-chemnitz.de\/wordpress\/wp-content\/uploads\/2012\/06\/imgp4909-s.jpg><img src=http:\/\/truckle.in-chemnitz.de\/wordpress\/wp-content\/uploads\/2012\/06\/imgp4909-s-270x202.jpg alt= title=imgp4909-s width=270 height=202 class=size-medium wp-image-544 \/><\/a><figcaption id=\"caption-attachment-544\" class=\"wp-caption-text\">Vor<\/figcaption><\/figure><figure id=\"attachment_545\" aria-describedby=\"caption-attachment-545\" style=\"width: 270px\" class=\"wp-caption alignleft\"><a href=http:\/\/truckle.in-chemnitz.de\/wordpress\/wp-content\/uploads\/2012\/06\/imgp4911-s.jpg><img src=http:\/\/truckle.in-chemnitz.de\/wordpress\/wp-content\/uploads\/2012\/06\/imgp4911-s-270x202.jpg alt= title=imgp4911-s width=270 height=202 class=size-medium wp-image-545 \/><\/a><figcaption id=\"caption-attachment-545\" class=\"wp-caption-text\">Blaa-Alm<\/figcaption><\/figure><\/p>\n<p>In Bad Aussee, bei km 15, haben wir einen Schaltzug und Ketten\u00f6l gekauft sowie Luft aufgepumpt. Die Auffahrt zur Blaa-Alm erwies sich als harmlos, das Gel\u00e4nde stieg recht allm\u00e4hlich an. Frank war im Jahr zuvor von Aussee \u00fcber Lupitsch Richtung Bad Ischl geradelt, das war deutlich steiler.<\/p>\n<p><figure id=\"attachment_546\" aria-describedby=\"caption-attachment-546\" style=\"width: 270px\" class=\"wp-caption alignleft\"><a href=http:\/\/truckle.in-chemnitz.de\/wordpress\/wp-content\/uploads\/2012\/06\/imgp4914-s.jpg><img src=http:\/\/truckle.in-chemnitz.de\/wordpress\/wp-content\/uploads\/2012\/06\/imgp4914-s-270x202.jpg alt= title=imgp4914-s width=270 height=202 class=size-medium wp-image-546 \/><\/a><figcaption id=\"caption-attachment-546\" class=\"wp-caption-text\">Weg<\/figcaption><\/figure><figure id=\"attachment_547\" aria-describedby=\"caption-attachment-547\" style=\"width: 270px\" class=\"wp-caption alignleft\"><a href=http:\/\/truckle.in-chemnitz.de\/wordpress\/wp-content\/uploads\/2012\/06\/img_3020-s.jpg><img src=http:\/\/truckle.in-chemnitz.de\/wordpress\/wp-content\/uploads\/2012\/06\/img_3020-s-270x202.jpg alt= title=img_3020-s width=270 height=202 class=size-medium wp-image-547 \/><\/a><figcaption id=\"caption-attachment-547\" class=\"wp-caption-text\">steile<\/figcaption><\/figure><\/p>\n<p>Westlich der Blaa-Alm f\u00fchrte ein Schotterweg sausteil nach unten Richtung Rettenbachalm. Die Bremsen waren hier an der Leistungsgrenze.<\/p>\n<p><figure id=\"attachment_549\" aria-describedby=\"caption-attachment-549\" style=\"width: 270px\" class=\"wp-caption alignleft\"><a href=http:\/\/truckle.in-chemnitz.de\/wordpress\/wp-content\/uploads\/2012\/06\/img_3022-s.jpg><img src=http:\/\/truckle.in-chemnitz.de\/wordpress\/wp-content\/uploads\/2012\/06\/img_3022-s-270x202.jpg alt= title=img_3022-s width=270 height=202 class=size-medium wp-image-549 \/><\/a><figcaption id=\"caption-attachment-549\" class=\"wp-caption-text\">verschreckte<\/figcaption><\/figure><figure id=\"attachment_550\" aria-describedby=\"caption-attachment-550\" style=\"width: 270px\" class=\"wp-caption alignleft\"><a href=http:\/\/truckle.in-chemnitz.de\/wordpress\/wp-content\/uploads\/2012\/06\/imgp4918-s.jpg><img src=http:\/\/truckle.in-chemnitz.de\/wordpress\/wp-content\/uploads\/2012\/06\/imgp4918-s-270x202.jpg alt= title=imgp4918-s width=270 height=202 class=size-medium wp-image-550 \/><\/a><figcaption id=\"caption-attachment-550\" class=\"wp-caption-text\">Soleweg<\/figcaption><\/figure><\/p>\n<p>Danach folgte ein beeindruckendes St\u00fcck Weg am Hang oberhalb des wilden Rettenbachs. Der H\u00f6hepunkt dieses Abenteuerwegs war ein v\u00f6llig unbeleuchteter Tunnel.<\/p>\n<p><figure id=\"attachment_551\" aria-describedby=\"caption-attachment-551\" style=\"width: 270px\" class=\"wp-caption alignleft\"><a href=http:\/\/truckle.in-chemnitz.de\/wordpress\/wp-content\/uploads\/2012\/06\/imgp4920-s.jpg><img src=http:\/\/truckle.in-chemnitz.de\/wordpress\/wp-content\/uploads\/2012\/06\/imgp4920-s-270x202.jpg alt= title=imgp4920-s width=270 height=202 class=size-medium wp-image-551 \/><\/a><figcaption id=\"caption-attachment-551\" class=\"wp-caption-text\">rutschiger<\/figcaption><\/figure><figure id=\"attachment_552\" aria-describedby=\"caption-attachment-552\" style=\"width: 270px\" class=\"wp-caption alignleft\"><a href=http:\/\/truckle.in-chemnitz.de\/wordpress\/wp-content\/uploads\/2012\/06\/imgp4921-s.jpg><img src=http:\/\/truckle.in-chemnitz.de\/wordpress\/wp-content\/uploads\/2012\/06\/imgp4921-s-270x202.jpg alt= title=imgp4921-s width=270 height=202 class=size-medium wp-image-552 \/><\/a><figcaption id=\"caption-attachment-552\" class=\"wp-caption-text\">Finsteres<\/figcaption><\/figure><\/p>\n<p>In Bad Ischl (km 35) musste Frank erst mal die jetzt endg\u00fcltig abgenutzten Bremsbacken gegen neue austauschen. Das geht aber dank fest montierter Halterung und austauschbarem, nur durch einen Splint gesicherten Verschlei\u00dfteil Ruck-Zuck.<\/p>\n<p>Einsetzender leichter Regen, verbunden mit Abk\u00fchlung und Gegenwind konnte uns die Stimmung nicht vermiesen. Wir sind teilweise auf Radwegen, teils auf der Stra\u00dfe \u00fcber Ebensee und dann immer am Ufer des Traunsees lang nach Gm\u00fcnden gestrampelt. Dort legten wir eine Supermarktpause ein.<\/p>\n<p>Danach haben wir uns \u00fcber die D\u00f6rfer bis Wels geschlagen und dort die Durchfahrt erstaunlich gut erwischt. In Eferding, bei km 138 und schon nahe  an der Donau, gab es die n\u00e4chste Pause. Die letzten Meter bis an den Flu\u00df waren schnell gefahren. Leider hatten wir aber einen Weg erwischt, der nur donauabw\u00e4rts weiterf\u00fchrte. Also blieb uns nichts \u00fcbrig, als umzukehren.<\/p>\n<p>Frisch gest\u00e4rkt sind wir auf dem Donau-Radweg im Eiltempo flu\u00dfaufw\u00e4rts geradelt. Dabei fuhren wir ein Duell gegen ein Passagierschiff. In Rechtskurven hatte der Kahn den k\u00fcrzeren Weg, in Linkskurven haben wir wieder aufgeholt.<\/p>\n<p><figure id=\"attachment_554\" aria-describedby=\"caption-attachment-554\" style=\"width: 270px\" class=\"wp-caption alignleft\"><a href=http:\/\/truckle.in-chemnitz.de\/wordpress\/wp-content\/uploads\/2012\/06\/img_3034-s.jpg><img src=http:\/\/truckle.in-chemnitz.de\/wordpress\/wp-content\/uploads\/2012\/06\/img_3034-s-270x202.jpg alt= title=img_3034-s width=270 height=202 class=size-medium wp-image-554 \/><\/a><figcaption id=\"caption-attachment-554\" class=\"wp-caption-text\">Donau-Radweg<\/figcaption><\/figure><figure id=\"attachment_555\" aria-describedby=\"caption-attachment-555\" style=\"width: 270px\" class=\"wp-caption alignleft\"><a href=http:\/\/truckle.in-chemnitz.de\/wordpress\/wp-content\/uploads\/2012\/06\/img_3036-s.jpg><img src=http:\/\/truckle.in-chemnitz.de\/wordpress\/wp-content\/uploads\/2012\/06\/img_3036-s-270x202.jpg alt= title=img_3036-s width=270 height=202 class=size-medium wp-image-555 \/><\/a><figcaption id=\"caption-attachment-555\" class=\"wp-caption-text\">Linkskurve<\/figcaption><\/figure><\/p>\n<p>Bei km 161 erreichten wir die F\u00e4hre nach Oberm\u00fchl, welche auch sofort abfuhr. Da die F\u00e4hre Vorfahrt hat, haben wir das Duell letztlich f\u00fcr uns entschieden.<\/p>\n<figure id=\"attachment_556\" aria-describedby=\"caption-attachment-556\" style=\"width: 600px\" class=\"wp-caption alignnone\"><a href=http:\/\/truckle.in-chemnitz.de\/wordpress\/wp-content\/uploads\/2012\/06\/imgp4926-s.jpg><img src=http:\/\/truckle.in-chemnitz.de\/wordpress\/wp-content\/uploads\/2012\/06\/imgp4926-s-600x450.jpg alt= title=imgp4926-s width=600 height=450 class=size-large wp-image-556 \/><\/a><figcaption id=\"caption-attachment-556\" class=\"wp-caption-text\">Duell<\/figcaption><\/figure>\n<p>Auf der anderen Seite erwartete uns ein sch\u00f6n gem\u00e4chlich ansteigender Radweg in wunderbarer Landschaft. In Rohrbach war uns der \u00dcbernachtungspreis im ersten anvisierten Gasthof zu hoch erschienen. Wir haben dann eine ganze Weile nach einer Alternative gesucht, nichts geeignetes gefunden und sind schlie\u00dflich doch dort abgestiegen.<\/p>\n<p><a href=\/gps\/GPSDATA-20100615_s-osm.html target=_blank>Karte<\/a><\/p>\n<figure id=\"attachment_561\" aria-describedby=\"caption-attachment-561\" style=\"width: 600px\" class=\"wp-caption alignnone\"><a href=http:\/\/truckle.in-chemnitz.de\/wordpress\/wp-content\/uploads\/2012\/06\/GPSDATA-20100615-profile.png><img src=http:\/\/truckle.in-chemnitz.de\/wordpress\/wp-content\/uploads\/2012\/06\/GPSDATA-20100615-profile-600x253.png alt= title=GPSDATA-20100615-profile width=600 height=253 class=size-large wp-image-561 \/><\/a><figcaption id=\"caption-attachment-561\" class=\"wp-caption-text\">H\u00f6henprofil<\/figcaption><\/figure>\n<p><a href=..\/kroatien-2010-14-tag>Weiter<\/a><\/p>\n","protected":false},"excerpt":{"rendered":"<p>15.06.2010 Bad Mitterndorf (AT) &#8212; Rohrbach (AT) (182km) Gesamt: 1864km Los gings gegen 07:45 bei nur leicht bew\u00f6lktem Himmel und angenehmen Temperaturen. Gleich kurz nach dem Start haben wir die Trinkflaschen mit frischem Quellwasser gef\u00fcllt und auch das dort bereitstehende Glas gern benutzt. Ein Service ist das! In Bad Aussee, bei km 15, haben wir &hellip; <a href=\"https:\/\/truckle.in-chemnitz.de\/wordpress\/radtouren\/kroatien-2010\/kroatien-2010-13-tag\/\" class=\"more-link\"><span class=\"screen-reader-text\">Kroatien-2010 13.Tag<\/span> weiterlesen <span class=\"meta-nav\">&rarr;<\/span><\/a><\/p>\n","protected":false},"author":1,"featured_media":0,"parent":150,"menu_order":1,"comment_status":"open","ping_status":"open","template":"","meta":{"footnotes":""},"class_list":["post-543","page","type-page","status-publish","hentry"],"_links":{"self":[{"href":"https:\/\/truckle.in-chemnitz.de\/wordpress\/wp-json\/wp\/v2\/pages\/543","targetHints":{"allow":["GET"]}}],"collection":[{"href":"https:\/\/truckle.in-chemnitz.de\/wordpress\/wp-json\/wp\/v2\/pages"}],"about":[{"href":"https:\/\/truckle.in-chemnitz.de\/wordpress\/wp-json\/wp\/v2\/types\/page"}],"author":[{"embeddable":true,"href":"https:\/\/truckle.in-chemnitz.de\/wordpress\/wp-json\/wp\/v2\/users\/1"}],"replies":[{"embeddable":true,"href":"https:\/\/truckle.in-chemnitz.de\/wordpress\/wp-json\/wp\/v2\/comments?post=543"}],"version-history":[{"count":14,"href":"https:\/\/truckle.in-chemnitz.de\/wordpress\/wp-json\/wp\/v2\/pages\/543\/revisions"}],"predecessor-version":[{"id":1157,"href":"https:\/\/truckle.in-chemnitz.de\/wordpress\/wp-json\/wp\/v2\/pages\/543\/revisions\/1157"}],"up":[{"embeddable":true,"href":"https:\/\/truckle.in-chemnitz.de\/wordpress\/wp-json\/wp\/v2\/pages\/150"}],"wp:attachment":[{"href":"https:\/\/truckle.in-chemnitz.de\/wordpress\/wp-json\/wp\/v2\/media?parent=543"}],"curies":[{"name":"wp","href":"https:\/\/api.w.org\/{rel}","templated":true}]}}