{"id":566,"date":"2012-06-06T23:17:40","date_gmt":"2012-06-06T21:17:40","guid":{"rendered":"http:\/\/truckle.in-chemnitz.de\/wordpress\/?page_id=566"},"modified":"2012-06-12T03:03:56","modified_gmt":"2012-06-12T01:03:56","slug":"kroatien-2010-14-tag","status":"publish","type":"page","link":"https:\/\/truckle.in-chemnitz.de\/wordpress\/radtouren\/kroatien-2010\/kroatien-2010-14-tag\/","title":{"rendered":"Kroatien-2010 14.Tag"},"content":{"rendered":"<p><strong>16.06.2010 Rohrbach (AT) &#8212; Ln\u00e1\u0159e (CZ) (150km) Gesamt: 2014km<\/strong><\/p>\n<p>In Ober\u00f6sterreich m\u00fcssen die Leute irgendwie aufgeweckter sein als anderswo, jedenfalls gab es das  Fr\u00fchst\u00fcck bereits ab 06:30, Rekord! Das Wetter spielte an diesem Tag aber nicht mit, es war k\u00fchl, stark bew\u00f6lkt und windig. Einsetzender Nieselregen lies nichts gutes erahnen.<\/p>\n<figure id=\"attachment_570\" aria-describedby=\"caption-attachment-570\" style=\"width: 600px\" class=\"wp-caption alignnone\"><a href=\"http:\/\/truckle.in-chemnitz.de\/wordpress\/wp-content\/uploads\/2012\/06\/imgp4928-s.jpg\"><img loading=\"lazy\" decoding=\"async\" src=\"http:\/\/truckle.in-chemnitz.de\/wordpress\/wp-content\/uploads\/2012\/06\/imgp4928-s-600x450.jpg\" alt=\"\" title=\"imgp4928-s\" width=\"600\" height=\"450\" class=\"size-large wp-image-570\" srcset=\"https:\/\/truckle.in-chemnitz.de\/wordpress\/wp-content\/uploads\/2012\/06\/imgp4928-s-600x450.jpg 600w, https:\/\/truckle.in-chemnitz.de\/wordpress\/wp-content\/uploads\/2012\/06\/imgp4928-s-270x202.jpg 270w, https:\/\/truckle.in-chemnitz.de\/wordpress\/wp-content\/uploads\/2012\/06\/imgp4928-s.jpg 1024w\" sizes=\"auto, (max-width: 600px) 100vw, 600px\" \/><\/a><figcaption id=\"caption-attachment-570\" class=\"wp-caption-text\">Holperweg<\/figcaption><\/figure>\n<p>Wir sind die letzten Kilometer rauf zur b\u00f6hmischen Grenze gekurbelt, der Weg war teilweise recht steil. Nach \u00dcberwindung einer ausgesprochen steinig-holprigen Piste auf der tschechischen Seite gelangten wir an den <a href=\"http:\/\/www.ckrumlov.info\/docs\/de\/region_histor_schkan.xml\">Schwarzenberger Schwemmkanal<\/a>. Dieser fr\u00fcher dem Holztransport dienende Kunstgraben windet sich \u00fcber viele Kilometer im s\u00fcdlichen Teil des B\u00f6hmerwaldes am Hang entlang. Die ideale Fahrradstrecke also, zumal der Weg daneben ausreichend breit ist. Einige steinige Passagen waren einfach zu \u00fcberwinden. Problematischer war aber, dass der Regen best\u00e4ndig zunahm und damit die Strecke zunehmend aufweichte und immer matschiger wurde.<\/p>\n<figure id=\"attachment_571\" aria-describedby=\"caption-attachment-571\" style=\"width: 600px\" class=\"wp-caption alignnone\"><a href=\"http:\/\/truckle.in-chemnitz.de\/wordpress\/wp-content\/uploads\/2012\/06\/img_3041-s.jpg\"><img loading=\"lazy\" decoding=\"async\" src=\"http:\/\/truckle.in-chemnitz.de\/wordpress\/wp-content\/uploads\/2012\/06\/img_3041-s-600x450.jpg\" alt=\"\" title=\"img_3041-s\" width=\"600\" height=\"450\" class=\"size-large wp-image-571\" srcset=\"https:\/\/truckle.in-chemnitz.de\/wordpress\/wp-content\/uploads\/2012\/06\/img_3041-s-600x450.jpg 600w, https:\/\/truckle.in-chemnitz.de\/wordpress\/wp-content\/uploads\/2012\/06\/img_3041-s-270x202.jpg 270w, https:\/\/truckle.in-chemnitz.de\/wordpress\/wp-content\/uploads\/2012\/06\/img_3041-s.jpg 1024w\" sizes=\"auto, (max-width: 600px) 100vw, 600px\" \/><\/a><figcaption id=\"caption-attachment-571\" class=\"wp-caption-text\">Im B\u00f6hmerwald<\/figcaption><\/figure>\n<p>Wir haben dann an einer Kreuzung mit einer asphaltierten Stra\u00dfe beschlossen, dass wir den H\u00f6henweg vielleicht besser verlassen. So sind wir die Stra\u00dfe bis zum Westende des <a href=\"http:\/\/de.wikipedia.org\/wiki\/Stausee_Lipno\">Lipno-Stausees<\/a> hinuntergesaust. Leider war das Wetter dort auch nur etwas besser.<\/p>\n<p>Wir haben dann bereits 11:45 in Volary, bei km 59, eine Mittagspause eingelegt. Diesmal mit Tee und Grog statt Bier.<\/p>\n<p>Nachmittags hat der Regen dann langsam nachgelassen. Wir haben uns \u00fcber nasse Stra\u00dfen weiter gegen den kalten Wind Richtung Norden gek\u00e4mpft.<\/p>\n<p>In Blatna, ungef\u00e4hr bei km 139 war eine weitere Pause und ein Teller Spaghetti f\u00e4llig.<\/p>\n<p>Wir sind dann auch nur noch bis <a href=\"http:\/\/de.wikipedia.org\/wiki\/Ln%C3%A1%C5%99e\">Ln\u00e1\u0159e<\/a> gefahren. Dort gibt es ein Schlo\u00df und ringsum einige Seen, die Gegend scheint touristisch genutzt zu sein. Jedenfalls war eine Unterkunft schnell gefunden.<\/p>\n<p><a href=\"\/gps\/GPSDATA-20100616_s-osm.html\" target=\"_blank\">Karte<\/a><\/p>\n<figure id=\"attachment_575\" aria-describedby=\"caption-attachment-575\" style=\"width: 600px\" class=\"wp-caption alignnone\"><a href=\"http:\/\/truckle.in-chemnitz.de\/wordpress\/wp-content\/uploads\/2012\/06\/GPSDATA-20100616-profile.png\"><img loading=\"lazy\" decoding=\"async\" src=\"http:\/\/truckle.in-chemnitz.de\/wordpress\/wp-content\/uploads\/2012\/06\/GPSDATA-20100616-profile-600x253.png\" alt=\"\" title=\"GPSDATA-20100616-profile\" width=\"600\" height=\"253\" class=\"size-large wp-image-575\" srcset=\"https:\/\/truckle.in-chemnitz.de\/wordpress\/wp-content\/uploads\/2012\/06\/GPSDATA-20100616-profile-600x253.png 600w, https:\/\/truckle.in-chemnitz.de\/wordpress\/wp-content\/uploads\/2012\/06\/GPSDATA-20100616-profile-270x114.png 270w, https:\/\/truckle.in-chemnitz.de\/wordpress\/wp-content\/uploads\/2012\/06\/GPSDATA-20100616-profile.png 900w\" sizes=\"auto, (max-width: 600px) 100vw, 600px\" \/><\/a><figcaption id=\"caption-attachment-575\" class=\"wp-caption-text\">H\u00f6henprofil<\/figcaption><\/figure>\n<p><a href=\"..\/kroatien-2010-15-tag\">Weiter<\/a><\/p>\n","protected":false},"excerpt":{"rendered":"<p>16.06.2010 Rohrbach (AT) &#8212; Ln\u00e1\u0159e (CZ) (150km) Gesamt: 2014km In Ober\u00f6sterreich m\u00fcssen die Leute irgendwie aufgeweckter sein als anderswo, jedenfalls gab es das Fr\u00fchst\u00fcck bereits ab 06:30, Rekord! Das Wetter spielte an diesem Tag aber nicht mit, es war k\u00fchl, stark bew\u00f6lkt und windig. Einsetzender Nieselregen lies nichts gutes erahnen. Wir sind die letzten Kilometer &hellip; <a href=\"https:\/\/truckle.in-chemnitz.de\/wordpress\/radtouren\/kroatien-2010\/kroatien-2010-14-tag\/\" class=\"more-link\"><span class=\"screen-reader-text\">Kroatien-2010 14.Tag<\/span> weiterlesen <span class=\"meta-nav\">&rarr;<\/span><\/a><\/p>\n","protected":false},"author":1,"featured_media":0,"parent":150,"menu_order":1,"comment_status":"open","ping_status":"open","template":"","meta":{"footnotes":""},"class_list":["post-566","page","type-page","status-publish","hentry"],"_links":{"self":[{"href":"https:\/\/truckle.in-chemnitz.de\/wordpress\/wp-json\/wp\/v2\/pages\/566","targetHints":{"allow":["GET"]}}],"collection":[{"href":"https:\/\/truckle.in-chemnitz.de\/wordpress\/wp-json\/wp\/v2\/pages"}],"about":[{"href":"https:\/\/truckle.in-chemnitz.de\/wordpress\/wp-json\/wp\/v2\/types\/page"}],"author":[{"embeddable":true,"href":"https:\/\/truckle.in-chemnitz.de\/wordpress\/wp-json\/wp\/v2\/users\/1"}],"replies":[{"embeddable":true,"href":"https:\/\/truckle.in-chemnitz.de\/wordpress\/wp-json\/wp\/v2\/comments?post=566"}],"version-history":[{"count":10,"href":"https:\/\/truckle.in-chemnitz.de\/wordpress\/wp-json\/wp\/v2\/pages\/566\/revisions"}],"predecessor-version":[{"id":649,"href":"https:\/\/truckle.in-chemnitz.de\/wordpress\/wp-json\/wp\/v2\/pages\/566\/revisions\/649"}],"up":[{"embeddable":true,"href":"https:\/\/truckle.in-chemnitz.de\/wordpress\/wp-json\/wp\/v2\/pages\/150"}],"wp:attachment":[{"href":"https:\/\/truckle.in-chemnitz.de\/wordpress\/wp-json\/wp\/v2\/media?parent=566"}],"curies":[{"name":"wp","href":"https:\/\/api.w.org\/{rel}","templated":true}]}}