{"id":579,"date":"2012-06-07T00:16:14","date_gmt":"2012-06-06T22:16:14","guid":{"rendered":"http:\/\/truckle.in-chemnitz.de\/wordpress\/?page_id=579"},"modified":"2012-06-07T01:38:35","modified_gmt":"2012-06-06T23:38:35","slug":"kroatien-2010-15-tag","status":"publish","type":"page","link":"https:\/\/truckle.in-chemnitz.de\/wordpress\/radtouren\/kroatien-2010\/kroatien-2010-15-tag\/","title":{"rendered":"Kroatien-2010 15.Tag"},"content":{"rendered":"<p><strong>17.06.2010 Ln\u00e1\u0159e (CZ) &#8212; Auerbach\/Dorfchemnitz (DE) (222km) Gesamt: 2236km<\/strong><\/p>\n<p>Nach einem guten Fr\u00fchst\u00fcck sind wir gegen 8:00 gestartet. Das Wetter hatte sich wider erwarten radikal gebessert, die Sonne schien vom blauen Himmel.<\/p>\n<p>Bei km 35 haben wir ein 2000km-Foto geschossen. Dabei sind wir davon ausgegangen, dass Franks extra-Ausflug von 57km auf Losinij nicht mitgerechnet wird.<\/p>\n<p><figure id=\"attachment_583\" aria-describedby=\"caption-attachment-583\" style=\"width: 270px\" class=\"wp-caption alignleft\"><a href=\"http:\/\/truckle.in-chemnitz.de\/wordpress\/wp-content\/uploads\/2012\/06\/imgp4932-s.jpg\"><img loading=\"lazy\" decoding=\"async\" src=\"http:\/\/truckle.in-chemnitz.de\/wordpress\/wp-content\/uploads\/2012\/06\/imgp4932-s-270x202.jpg\" alt=\"\" title=\"imgp4932-s\" width=\"270\" height=\"202\" class=\"size-medium wp-image-583\" srcset=\"https:\/\/truckle.in-chemnitz.de\/wordpress\/wp-content\/uploads\/2012\/06\/imgp4932-s-270x202.jpg 270w, https:\/\/truckle.in-chemnitz.de\/wordpress\/wp-content\/uploads\/2012\/06\/imgp4932-s-600x450.jpg 600w, https:\/\/truckle.in-chemnitz.de\/wordpress\/wp-content\/uploads\/2012\/06\/imgp4932-s.jpg 1024w\" sizes=\"auto, (max-width: 270px) 100vw, 270px\" \/><\/a><figcaption id=\"caption-attachment-583\" class=\"wp-caption-text\">2000km<\/figcaption><\/figure><figure id=\"attachment_584\" aria-describedby=\"caption-attachment-584\" style=\"width: 270px\" class=\"wp-caption alignleft\"><a href=\"http:\/\/truckle.in-chemnitz.de\/wordpress\/wp-content\/uploads\/2012\/06\/imgp4933-s.jpg\"><img loading=\"lazy\" decoding=\"async\" src=\"http:\/\/truckle.in-chemnitz.de\/wordpress\/wp-content\/uploads\/2012\/06\/imgp4933-s-270x202.jpg\" alt=\"\" title=\"imgp4933-s\" width=\"270\" height=\"202\" class=\"size-medium wp-image-584\" srcset=\"https:\/\/truckle.in-chemnitz.de\/wordpress\/wp-content\/uploads\/2012\/06\/imgp4933-s-270x202.jpg 270w, https:\/\/truckle.in-chemnitz.de\/wordpress\/wp-content\/uploads\/2012\/06\/imgp4933-s-600x450.jpg 600w, https:\/\/truckle.in-chemnitz.de\/wordpress\/wp-content\/uploads\/2012\/06\/imgp4933-s.jpg 1024w\" sizes=\"auto, (max-width: 270px) 100vw, 270px\" \/><\/a><figcaption id=\"caption-attachment-584\" class=\"wp-caption-text\">Hopfen<\/figcaption><\/figure><\/p>\n<p>Nach einer Supermarktpause in Rokycany, bei km 37, die sich wegen des \u00fcbervollen Ladens und langer Schlange an der Kasse unn\u00f6tig in die L\u00e4nge zog, sind wir z\u00fcgig vorangekommen.<\/p>\n<p>Eine Mittagspause bei km 77 mit Pizza bzw. Spaghetti und eine Eispause am zeitigen Nachmittag bei km 117 machten uns jeweils wieder fit f\u00fcr das n\u00e4chste Teilst\u00fcck. Ganz B\u00f6hmen ist mindestens h\u00fcgelig, also ging es best\u00e4ndig kleinere Steigungen hoch und wieder runter.<\/p>\n<p><figure id=\"attachment_585\" aria-describedby=\"caption-attachment-585\" style=\"width: 270px\" class=\"wp-caption alignleft\"><a href=\"http:\/\/truckle.in-chemnitz.de\/wordpress\/wp-content\/uploads\/2012\/06\/img_3049-s.jpg\"><img loading=\"lazy\" decoding=\"async\" src=\"http:\/\/truckle.in-chemnitz.de\/wordpress\/wp-content\/uploads\/2012\/06\/img_3049-s-270x202.jpg\" alt=\"\" title=\"img_3049-s\" width=\"270\" height=\"202\" class=\"size-medium wp-image-585\" srcset=\"https:\/\/truckle.in-chemnitz.de\/wordpress\/wp-content\/uploads\/2012\/06\/img_3049-s-270x202.jpg 270w, https:\/\/truckle.in-chemnitz.de\/wordpress\/wp-content\/uploads\/2012\/06\/img_3049-s-600x450.jpg 600w, https:\/\/truckle.in-chemnitz.de\/wordpress\/wp-content\/uploads\/2012\/06\/img_3049-s.jpg 1024w\" sizes=\"auto, (max-width: 270px) 100vw, 270px\" \/><\/a><figcaption id=\"caption-attachment-585\" class=\"wp-caption-text\">b\u00f6hmische Landstra\u00dfe<\/figcaption><\/figure><figure id=\"attachment_586\" aria-describedby=\"caption-attachment-586\" style=\"width: 270px\" class=\"wp-caption alignleft\"><a href=\"http:\/\/truckle.in-chemnitz.de\/wordpress\/wp-content\/uploads\/2012\/06\/imgp4934-s.jpg\"><img loading=\"lazy\" decoding=\"async\" src=\"http:\/\/truckle.in-chemnitz.de\/wordpress\/wp-content\/uploads\/2012\/06\/imgp4934-s-270x202.jpg\" alt=\"\" title=\"imgp4934-s\" width=\"270\" height=\"202\" class=\"size-medium wp-image-586\" srcset=\"https:\/\/truckle.in-chemnitz.de\/wordpress\/wp-content\/uploads\/2012\/06\/imgp4934-s-270x202.jpg 270w, https:\/\/truckle.in-chemnitz.de\/wordpress\/wp-content\/uploads\/2012\/06\/imgp4934-s-600x450.jpg 600w, https:\/\/truckle.in-chemnitz.de\/wordpress\/wp-content\/uploads\/2012\/06\/imgp4934-s.jpg 1024w\" sizes=\"auto, (max-width: 270px) 100vw, 270px\" \/><\/a><figcaption id=\"caption-attachment-586\" class=\"wp-caption-text\">schwarzer Rauch<\/figcaption><\/figure><\/p>\n<p>Vor Kada\u0148 sahen wir dicke schwarze Rauchwolken. Tags darauf war in der Zeitung zu lesen, dass es dort einen Gro\u00dfbrand in einem Reifenlager gab.<\/p>\n<p>Da wir uns noch gut bei Kr\u00e4ften f\u00fchlten und keine so rechte Lust hatten, die Tour noch einen weiteren Tag in die L\u00e4nge zu ziehen, beschlossen wir bei km 150, dass wir bis nach Hause durchziehen.<\/p>\n<figure id=\"attachment_587\" aria-describedby=\"caption-attachment-587\" style=\"width: 600px\" class=\"wp-caption alignnone\"><a href=\"http:\/\/truckle.in-chemnitz.de\/wordpress\/wp-content\/uploads\/2012\/06\/imgp4935-s.jpg\"><img loading=\"lazy\" decoding=\"async\" src=\"http:\/\/truckle.in-chemnitz.de\/wordpress\/wp-content\/uploads\/2012\/06\/imgp4935-s-600x450.jpg\" alt=\"\" title=\"imgp4935-s\" width=\"600\" height=\"450\" class=\"size-large wp-image-587\" srcset=\"https:\/\/truckle.in-chemnitz.de\/wordpress\/wp-content\/uploads\/2012\/06\/imgp4935-s-600x450.jpg 600w, https:\/\/truckle.in-chemnitz.de\/wordpress\/wp-content\/uploads\/2012\/06\/imgp4935-s-270x202.jpg 270w, https:\/\/truckle.in-chemnitz.de\/wordpress\/wp-content\/uploads\/2012\/06\/imgp4935-s.jpg 1024w\" sizes=\"auto, (max-width: 600px) 100vw, 600px\" \/><\/a><figcaption id=\"caption-attachment-587\" class=\"wp-caption-text\">Erzgebirge<\/figcaption><\/figure>\n<p>Die Auffahrt zum Pre\u00dfnitzer Pa\u00df auf dem Erzgebirgskamm gelang auf ausgesprochen guter, ruhiger Stra\u00dfe ohne gro\u00dfe Anstrengung. In Kry\u0161tofovy Hamry lag ein vom Alkohol schwer angeschlagener Schl\u00e4fer mitten auf der Stra\u00dfe. Da er von beiden Seiten schon von weitem zu sehen war, die Stra\u00dfe in Christophhammer endet und dort bestimmt nicht mehr als 10 Autos am Tag entlangkommen, haben wir ihn denn auch in seinem Schlummer belassen.<\/p>\n<p><figure id=\"attachment_588\" aria-describedby=\"caption-attachment-588\" style=\"width: 270px\" class=\"wp-caption alignleft\"><a href=\"http:\/\/truckle.in-chemnitz.de\/wordpress\/wp-content\/uploads\/2012\/06\/img_3053-s.jpg\"><img loading=\"lazy\" decoding=\"async\" src=\"http:\/\/truckle.in-chemnitz.de\/wordpress\/wp-content\/uploads\/2012\/06\/img_3053-s-270x202.jpg\" alt=\"\" title=\"img_3053-s\" width=\"270\" height=\"202\" class=\"size-medium wp-image-588\" srcset=\"https:\/\/truckle.in-chemnitz.de\/wordpress\/wp-content\/uploads\/2012\/06\/img_3053-s-270x202.jpg 270w, https:\/\/truckle.in-chemnitz.de\/wordpress\/wp-content\/uploads\/2012\/06\/img_3053-s-600x450.jpg 600w, https:\/\/truckle.in-chemnitz.de\/wordpress\/wp-content\/uploads\/2012\/06\/img_3053-s.jpg 1024w\" sizes=\"auto, (max-width: 270px) 100vw, 270px\" \/><\/a><figcaption id=\"caption-attachment-588\" class=\"wp-caption-text\">Stra\u00dfen-Schnarcher<\/figcaption><\/figure><figure id=\"attachment_589\" aria-describedby=\"caption-attachment-589\" style=\"width: 270px\" class=\"wp-caption alignleft\"><a href=\"http:\/\/truckle.in-chemnitz.de\/wordpress\/wp-content\/uploads\/2012\/06\/imgp4938-s.jpg\"><img loading=\"lazy\" decoding=\"async\" src=\"http:\/\/truckle.in-chemnitz.de\/wordpress\/wp-content\/uploads\/2012\/06\/imgp4938-s-270x202.jpg\" alt=\"\" title=\"imgp4938-s\" width=\"270\" height=\"202\" class=\"size-medium wp-image-589\" srcset=\"https:\/\/truckle.in-chemnitz.de\/wordpress\/wp-content\/uploads\/2012\/06\/imgp4938-s-270x202.jpg 270w, https:\/\/truckle.in-chemnitz.de\/wordpress\/wp-content\/uploads\/2012\/06\/imgp4938-s-600x450.jpg 600w, https:\/\/truckle.in-chemnitz.de\/wordpress\/wp-content\/uploads\/2012\/06\/imgp4938-s.jpg 1024w\" sizes=\"auto, (max-width: 270px) 100vw, 270px\" \/><\/a><figcaption id=\"caption-attachment-589\" class=\"wp-caption-text\">Pre\u00dfnitztal-Bude<\/figcaption><\/figure><\/p>\n<p>Auf deutscher Seite sind wir das Pre\u00dfnitztal hinabgerast, was die R\u00e4der hergaben. In der &#8222;Pre\u00dfnitztal-Bude&#8220;, einem Ausflugslokal im ehemaligen Bahnhof von Gro\u00dfr\u00fcckerswalde, haben wir die zwei Schlu\u00dfbier der Tour getrunken.<\/p>\n<p>So gest\u00e4rkt ging&#8217;s mit \u00e4hnlich schnellem Tempo das Zschopautal rauf bis Tannenberg. Im Greifenbachtal war es dann schon fast dunkel. Zu Hause kamen wir dann beide so gegen 22:30 an, es war bereits stockfinster.<\/p>\n<p>Diese Etappe geht als bisheriger Ferntouren-Kilometer-Rekord in unsere Aufzeichnungen ein.<\/p>\n<p><a href=\"\/gps\/GPSDATA-20100617_s-osm.html\">Karte<\/a><\/p>\n<figure id=\"attachment_592\" aria-describedby=\"caption-attachment-592\" style=\"width: 270px\" class=\"wp-caption alignleft\"><a href=\"http:\/\/truckle.in-chemnitz.de\/wordpress\/wp-content\/uploads\/2012\/06\/GPSDATA-20100617-profile.png\"><img loading=\"lazy\" decoding=\"async\" src=\"http:\/\/truckle.in-chemnitz.de\/wordpress\/wp-content\/uploads\/2012\/06\/GPSDATA-20100617-profile-270x114.png\" alt=\"\" title=\"GPSDATA-20100617-profile\" width=\"270\" height=\"114\" class=\"size-medium wp-image-592\" srcset=\"https:\/\/truckle.in-chemnitz.de\/wordpress\/wp-content\/uploads\/2012\/06\/GPSDATA-20100617-profile-270x114.png 270w, https:\/\/truckle.in-chemnitz.de\/wordpress\/wp-content\/uploads\/2012\/06\/GPSDATA-20100617-profile-600x253.png 600w, https:\/\/truckle.in-chemnitz.de\/wordpress\/wp-content\/uploads\/2012\/06\/GPSDATA-20100617-profile.png 900w\" sizes=\"auto, (max-width: 270px) 100vw, 270px\" \/><\/a><figcaption id=\"caption-attachment-592\" class=\"wp-caption-text\">H\u00f6henprofil<\/figcaption><\/figure>\n","protected":false},"excerpt":{"rendered":"<p>17.06.2010 Ln\u00e1\u0159e (CZ) &#8212; Auerbach\/Dorfchemnitz (DE) (222km) Gesamt: 2236km Nach einem guten Fr\u00fchst\u00fcck sind wir gegen 8:00 gestartet. Das Wetter hatte sich wider erwarten radikal gebessert, die Sonne schien vom blauen Himmel. Bei km 35 haben wir ein 2000km-Foto geschossen. Dabei sind wir davon ausgegangen, dass Franks extra-Ausflug von 57km auf Losinij nicht mitgerechnet wird. &hellip; <a href=\"https:\/\/truckle.in-chemnitz.de\/wordpress\/radtouren\/kroatien-2010\/kroatien-2010-15-tag\/\" class=\"more-link\"><span class=\"screen-reader-text\">Kroatien-2010 15.Tag<\/span> weiterlesen <span class=\"meta-nav\">&rarr;<\/span><\/a><\/p>\n","protected":false},"author":1,"featured_media":0,"parent":150,"menu_order":1,"comment_status":"open","ping_status":"open","template":"","meta":{"footnotes":""},"class_list":["post-579","page","type-page","status-publish","hentry"],"_links":{"self":[{"href":"https:\/\/truckle.in-chemnitz.de\/wordpress\/wp-json\/wp\/v2\/pages\/579","targetHints":{"allow":["GET"]}}],"collection":[{"href":"https:\/\/truckle.in-chemnitz.de\/wordpress\/wp-json\/wp\/v2\/pages"}],"about":[{"href":"https:\/\/truckle.in-chemnitz.de\/wordpress\/wp-json\/wp\/v2\/types\/page"}],"author":[{"embeddable":true,"href":"https:\/\/truckle.in-chemnitz.de\/wordpress\/wp-json\/wp\/v2\/users\/1"}],"replies":[{"embeddable":true,"href":"https:\/\/truckle.in-chemnitz.de\/wordpress\/wp-json\/wp\/v2\/comments?post=579"}],"version-history":[{"count":9,"href":"https:\/\/truckle.in-chemnitz.de\/wordpress\/wp-json\/wp\/v2\/pages\/579\/revisions"}],"predecessor-version":[{"id":616,"href":"https:\/\/truckle.in-chemnitz.de\/wordpress\/wp-json\/wp\/v2\/pages\/579\/revisions\/616"}],"up":[{"embeddable":true,"href":"https:\/\/truckle.in-chemnitz.de\/wordpress\/wp-json\/wp\/v2\/pages\/150"}],"wp:attachment":[{"href":"https:\/\/truckle.in-chemnitz.de\/wordpress\/wp-json\/wp\/v2\/media?parent=579"}],"curies":[{"name":"wp","href":"https:\/\/api.w.org\/{rel}","templated":true}]}}