{"id":98,"date":"2012-03-06T01:01:37","date_gmt":"2012-03-06T00:01:37","guid":{"rendered":"http:\/\/truckle.in-chemnitz.de\/wordpress\/?page_id=98"},"modified":"2012-06-12T02:55:17","modified_gmt":"2012-06-12T00:55:17","slug":"kroatien-2010-01-tag","status":"publish","type":"page","link":"https:\/\/truckle.in-chemnitz.de\/wordpress\/radtouren\/kroatien-2010\/kroatien-2010-01-tag\/","title":{"rendered":"Kroatien-2010 1.Tag"},"content":{"rendered":"<p><strong><br \/>\n03.06.2010 Dorfchemnitz \u2013 B\u011bl\u00e1 nad Radbuzou (173km) Gesamt: 173km<br \/>\n<\/strong><\/p>\n<p>Nachdem unsere letzte Radreise schon zwei Jahre her war, hatten wir uns diesmal wieder f\u00fcr eine gr\u00f6\u00dfere Ferntour entschieden. Beide hatten wir noch alten Urlaub bzw. gen\u00fcgend \u00dcberstunden und so stand einer 14-t\u00e4gigen Tour eigentlich nichts mehr im Wege. W\u00e4re da nicht das nasskalte Fr\u00fchjahr gewesen, welches uns zwang, die Tour zun\u00e4chst eine Woche zu verschieben. Auch der dann geplante Start am 02.06. fiel ins Wasser, sch\u00fcttete es doch ohne Unterlass vom erzgebirgischen Himmel herab. So verschoben wir den Start nochmals um einen Tag, obwohl die Wetterfritzen auch f\u00fcr diesen Tag noch keinerlei Besserung versprachen. Allerdings sollte es der letzte Regentag sein. F\u00fcr den darauffolgenden Freitag wurde nun auf allen Kan\u00e4len der gro\u00dfe Wetterumschwung prophezeit. Langsam bekamen wir Angst um unseren Zeitplan, und so beschlossen wir den (hoffentlich nur einen) Regentag in Kauf zu nehmen. <\/p>\n<p>5.30 Uhr trafen wir uns im str\u00f6menden Regen bei Falk. Da wir eigentlich eher die \u201eSch\u00f6nwetterfahrer\u201c sind, haben wir gar keine so richtig tolle Regenbekleidung. Falks Frau hatte in der Eile noch die Regenhose der gro\u00dfen Tochter sowie ein altes Regencape herbeigeholt. Auch wenn die Bewegungsfreiheit arg eingeschr\u00e4nkt war, sollte sich das sp\u00e4ter noch als sehr n\u00fctzlich erweisen. <\/p>\n<figure id=\"attachment_142\" aria-describedby=\"caption-attachment-142\" style=\"width: 600px\" class=\"wp-caption alignnone\"><a href=\"http:\/\/truckle.in-chemnitz.de\/wordpress\/wp-content\/uploads\/2012\/03\/imgp4621-s.jpg\"><img loading=\"lazy\" decoding=\"async\" src=\"http:\/\/truckle.in-chemnitz.de\/wordpress\/wp-content\/uploads\/2012\/03\/imgp4621-s-600x450.jpg\" alt=\"\" title=\"imgp4621-s\" width=\"600\" height=\"450\" class=\"size-large wp-image-142\" srcset=\"https:\/\/truckle.in-chemnitz.de\/wordpress\/wp-content\/uploads\/2012\/03\/imgp4621-s-600x450.jpg 600w, https:\/\/truckle.in-chemnitz.de\/wordpress\/wp-content\/uploads\/2012\/03\/imgp4621-s-270x202.jpg 270w, https:\/\/truckle.in-chemnitz.de\/wordpress\/wp-content\/uploads\/2012\/03\/imgp4621-s.jpg 1024w\" sizes=\"auto, (max-width: 600px) 100vw, 600px\" \/><\/a><figcaption id=\"caption-attachment-142\" class=\"wp-caption-text\">Regen in Dorfchemnitz<\/figcaption><\/figure>\n<p>5.45 Uhr haben wir uns dann in str\u00f6menden Regen aufgeschwungen und sind in Richtung Zw\u00f6nitz, Gr\u00fcnhain, Waschleithe, Schwarzenberg von dannen gezogen. <\/p>\n<figure id=\"attachment_143\" aria-describedby=\"caption-attachment-143\" style=\"width: 600px\" class=\"wp-caption aligncenter\"><a href=\"http:\/\/truckle.in-chemnitz.de\/wordpress\/radtouren\/kroatien-2010\/kroatien-2010-01-tag\/imgp4624-s\/\" rel=\"attachment wp-att-143\"><img loading=\"lazy\" decoding=\"async\" src=\"http:\/\/truckle.in-chemnitz.de\/wordpress\/wp-content\/uploads\/2012\/03\/imgp4624-s-600x450.jpg\" alt=\"\" title=\"imgp4624-s\" width=\"600\" height=\"450\" class=\"size-large wp-image-143\" srcset=\"https:\/\/truckle.in-chemnitz.de\/wordpress\/wp-content\/uploads\/2012\/03\/imgp4624-s-600x450.jpg 600w, https:\/\/truckle.in-chemnitz.de\/wordpress\/wp-content\/uploads\/2012\/03\/imgp4624-s-270x202.jpg 270w, https:\/\/truckle.in-chemnitz.de\/wordpress\/wp-content\/uploads\/2012\/03\/imgp4624-s.jpg 1024w\" sizes=\"auto, (max-width: 600px) 100vw, 600px\" \/><\/a><figcaption id=\"caption-attachment-143\" class=\"wp-caption-text\">Sauwetter<\/figcaption><\/figure>\n<p>Es hat ohne Pause gegossen. So haben wir nur stumm und ziemlich schlecht gelaunt in die Pedale getreten, in der Hoffnung, dass es uns wirklich nur am ersten Tag so ergeht. In den Mulden auf Regencape und Lenkertasche bildeten sich immer wieder \u201eSeen\u201c die w\u00e4hrend der Fahrt von Hand abgesch\u00f6pft werden mussten.<\/p>\n<p>In Erlabrunn verlie\u00dfen wir die Hauptstra\u00dfe und bogen rechts auf einen wundersch\u00f6n angerichteten Forstweg Richtung Steinbach ab. Leider bekamen wir von der tollen Landschaft an den Teufelssteinen und auf dem Kamm des Erzgebirges kaum was mit, au\u00dfer dass von allen Seiten das Wasser platschte. Bei Kilometer 44 machten wir kurz vor der Grenze bereits die erste Pause, weil uns die Kr\u00e4fte schon ganz sch\u00f6n verlassen hatten. Die vielen Klamotten und aufgeweichten Wege zehrten ganz sch\u00f6n und so ruhten wir uns in einer Schutzh\u00fctte ein wenig aus.<\/p>\n<p><figure id=\"attachment_139\" aria-describedby=\"caption-attachment-139\" style=\"width: 270px\" class=\"wp-caption alignleft\"><a href=\"http:\/\/truckle.in-chemnitz.de\/wordpress\/radtouren\/kroatien-2010\/kroatien-2010-01-tag\/imgp4628-s\/\" rel=\"attachment wp-att-139\"><img loading=\"lazy\" decoding=\"async\" src=\"http:\/\/truckle.in-chemnitz.de\/wordpress\/wp-content\/uploads\/2012\/03\/imgp4628-s-270x202.jpg\" alt=\"\" title=\"imgp4628-s\" width=\"270\" height=\"202\" class=\"size-medium wp-image-139\" srcset=\"https:\/\/truckle.in-chemnitz.de\/wordpress\/wp-content\/uploads\/2012\/03\/imgp4628-s-270x202.jpg 270w, https:\/\/truckle.in-chemnitz.de\/wordpress\/wp-content\/uploads\/2012\/03\/imgp4628-s-600x450.jpg 600w, https:\/\/truckle.in-chemnitz.de\/wordpress\/wp-content\/uploads\/2012\/03\/imgp4628-s.jpg 1024w\" sizes=\"auto, (max-width: 270px) 100vw, 270px\" \/><\/a><figcaption id=\"caption-attachment-139\" class=\"wp-caption-text\">Pf\u00fctze<\/figcaption><\/figure><figure id=\"attachment_138\" aria-describedby=\"caption-attachment-138\" style=\"width: 270px\" class=\"wp-caption alignleft\"><a href=\"http:\/\/truckle.in-chemnitz.de\/wordpress\/radtouren\/kroatien-2010\/kroatien-2010-01-tag\/imgp4625-s\/\" rel=\"attachment wp-att-138\"><img loading=\"lazy\" decoding=\"async\" src=\"http:\/\/truckle.in-chemnitz.de\/wordpress\/wp-content\/uploads\/2012\/03\/imgp4625-s-270x202.jpg\" alt=\"\" title=\"imgp4625-s\" width=\"270\" height=\"202\" class=\"size-medium wp-image-138\" srcset=\"https:\/\/truckle.in-chemnitz.de\/wordpress\/wp-content\/uploads\/2012\/03\/imgp4625-s-270x202.jpg 270w, https:\/\/truckle.in-chemnitz.de\/wordpress\/wp-content\/uploads\/2012\/03\/imgp4625-s-600x450.jpg 600w, https:\/\/truckle.in-chemnitz.de\/wordpress\/wp-content\/uploads\/2012\/03\/imgp4625-s.jpg 1024w\" sizes=\"auto, (max-width: 270px) 100vw, 270px\" \/><\/a><figcaption id=\"caption-attachment-138\" class=\"wp-caption-text\">Schutzh\u00fctte bei Steinbach<\/figcaption><\/figure><\/p>\n<p>Kurz nach der b\u00f6hmischen Grenze \u00fcberraschten uns dann noch ein umgest\u00fcrzter Baum und 4 ausgewachsene Hirsche, die kurz vor uns den Weg querten.<\/p>\n<p><figure id=\"attachment_144\" aria-describedby=\"caption-attachment-144\" style=\"width: 270px\" class=\"wp-caption alignleft\"><a href=\"http:\/\/truckle.in-chemnitz.de\/wordpress\/radtouren\/kroatien-2010\/kroatien-2010-01-tag\/imgp4627-s\/\" rel=\"attachment wp-att-144\"><img loading=\"lazy\" decoding=\"async\" src=\"http:\/\/truckle.in-chemnitz.de\/wordpress\/wp-content\/uploads\/2012\/03\/imgp4627-s-270x202.jpg\" alt=\"\" title=\"imgp4627-s\" width=\"270\" height=\"202\" class=\"size-medium wp-image-144\" srcset=\"https:\/\/truckle.in-chemnitz.de\/wordpress\/wp-content\/uploads\/2012\/03\/imgp4627-s-270x202.jpg 270w, https:\/\/truckle.in-chemnitz.de\/wordpress\/wp-content\/uploads\/2012\/03\/imgp4627-s-600x450.jpg 600w, https:\/\/truckle.in-chemnitz.de\/wordpress\/wp-content\/uploads\/2012\/03\/imgp4627-s.jpg 1024w\" sizes=\"auto, (max-width: 270px) 100vw, 270px\" \/><\/a><figcaption id=\"caption-attachment-144\" class=\"wp-caption-text\">Umgest\u00fcrzter Baum<\/figcaption><\/figure><figure id=\"attachment_145\" aria-describedby=\"caption-attachment-145\" style=\"width: 270px\" class=\"wp-caption alignleft\"><a href=\"http:\/\/truckle.in-chemnitz.de\/wordpress\/radtouren\/kroatien-2010\/kroatien-2010-01-tag\/imgp4629-s\/\" rel=\"attachment wp-att-145\"><img loading=\"lazy\" decoding=\"async\" src=\"http:\/\/truckle.in-chemnitz.de\/wordpress\/wp-content\/uploads\/2012\/03\/imgp4629-s-270x202.jpg\" alt=\"\" title=\"imgp4629-s\" width=\"270\" height=\"202\" class=\"size-medium wp-image-145\" srcset=\"https:\/\/truckle.in-chemnitz.de\/wordpress\/wp-content\/uploads\/2012\/03\/imgp4629-s-270x202.jpg 270w, https:\/\/truckle.in-chemnitz.de\/wordpress\/wp-content\/uploads\/2012\/03\/imgp4629-s-600x450.jpg 600w, https:\/\/truckle.in-chemnitz.de\/wordpress\/wp-content\/uploads\/2012\/03\/imgp4629-s.jpg 1024w\" sizes=\"auto, (max-width: 270px) 100vw, 270px\" \/><\/a><figcaption id=\"caption-attachment-145\" class=\"wp-caption-text\">Radeln mit Hindernissen<\/figcaption><\/figure><\/p>\n<p>Auch auf b\u00f6hmischer Seite war keine Wetterbesserung in Sicht und so rollten wir v\u00f6llig genussfrei vom Erzgebirgskamm in das Egertal.<\/p>\n<p>Zwischen \u0160indelov\u00e1 und Jind\u0159ichovice war die Stra\u00dfe gesperrt, weil die Br\u00fccke \u00fcber den Bach gebaut wurde. Wir \u00fcberlegten kurz, ob wir das schwere Rad \u00fcber den Bach tragen sollten. Der gewaltige Umweg als Alternative lie\u00df uns dann doch die Bach\u00fcberquerung riskieren. Die umherstehenden Bauarbeiter motivierten uns zus\u00e4tzlich und so sind wir doch heil am anderen Ufer angekommen. <\/p>\n<p>Kurz vor Sokolov lie\u00df so ca. bei km 77 der Regen tats\u00e4chlich nach und es waren sogar hellere Flecken am Himmel zu erkennen. Leider haben wir den wundersch\u00f6n neu errichteten Eger-Radweg auf die Schnelle nicht gefunden. So fuhren wir von Sokolov bis Citice ca. 7 km auf einer ekligen Fernverkehrsstra\u00dfe. Weil diese ziemlich schmal war, bremsten wir die eiligen Brummies mitunter ganz sch\u00f6n aus. Daf\u00fcr wurden wir auch des \u00f6fteren von diesen angehupt. <\/p>\n<p>Der Regen wurde nun doch ertr\u00e4glicher und wir fuhren durch h\u00fcgeliges Gel\u00e4nde bis Kyn\u0161perk (110 km). Dort machten wir Mittag in einer ziemlich heruntergekommenen und verqualmten Kneipe, die uns eher an eine HO-Gastst\u00e4tte aus vergangenen Zeiten erinnerte. <\/p>\n<p>Als wir das Lokal wieder verlie\u00dfen hatte es fast ganz aufgeh\u00f6rt zu regnen und es war auch merklich heller am Himmel. Bei Lidl in Tachov (km 143) verpflegten wir uns nochmals um das letzte Teilst\u00fcck bis B\u011bl\u00e1 nad Radbuzou in Angriff zu nehmen. Dort fanden wir sofort ein Hotel mit einem bescheidenen Zimmer vor. Allerdings war es dort v\u00f6llig ungeheizt und wir konnten uns nur in der Kneipe aufw\u00e4rmen. Auch die Klamotten wurden dadurch nicht unbedingt trocken.<\/p>\n<p><a href=\"\/gps\/GPSDATA-20100603_s-osm.html\" target=\"_blank\" title=\"OSM-Karte\">Karte<\/a><\/p>\n<figure id=\"attachment_176\" aria-describedby=\"caption-attachment-176\" style=\"width: 600px\" class=\"wp-caption alignnone\"><a href=\"http:\/\/truckle.in-chemnitz.de\/wordpress\/wp-content\/uploads\/2012\/03\/GPSDATA-20100603-profile.png\"><img loading=\"lazy\" decoding=\"async\" src=\"http:\/\/truckle.in-chemnitz.de\/wordpress\/wp-content\/uploads\/2012\/03\/GPSDATA-20100603-profile-600x253.png\" alt=\"\" title=\"GPSDATA-20100603-profile\" width=\"600\" height=\"253\" class=\"size-large wp-image-176\" srcset=\"https:\/\/truckle.in-chemnitz.de\/wordpress\/wp-content\/uploads\/2012\/03\/GPSDATA-20100603-profile-600x253.png 600w, https:\/\/truckle.in-chemnitz.de\/wordpress\/wp-content\/uploads\/2012\/03\/GPSDATA-20100603-profile-270x114.png 270w, https:\/\/truckle.in-chemnitz.de\/wordpress\/wp-content\/uploads\/2012\/03\/GPSDATA-20100603-profile.png 900w\" sizes=\"auto, (max-width: 600px) 100vw, 600px\" \/><\/a><figcaption id=\"caption-attachment-176\" class=\"wp-caption-text\">H\u00f6henprofil<\/figcaption><\/figure>\n<p><a href=\"..\/kroatien-2010-2-tag\">Weiter<\/a><\/p>\n","protected":false},"excerpt":{"rendered":"<p>03.06.2010 Dorfchemnitz \u2013 B\u011bl\u00e1 nad Radbuzou (173km) Gesamt: 173km Nachdem unsere letzte Radreise schon zwei Jahre her war, hatten wir uns diesmal wieder f\u00fcr eine gr\u00f6\u00dfere Ferntour entschieden. Beide hatten wir noch alten Urlaub bzw. gen\u00fcgend \u00dcberstunden und so stand einer 14-t\u00e4gigen Tour eigentlich nichts mehr im Wege. W\u00e4re da nicht das nasskalte Fr\u00fchjahr gewesen, &hellip; <a href=\"https:\/\/truckle.in-chemnitz.de\/wordpress\/radtouren\/kroatien-2010\/kroatien-2010-01-tag\/\" class=\"more-link\"><span class=\"screen-reader-text\">Kroatien-2010 1.Tag<\/span> weiterlesen <span class=\"meta-nav\">&rarr;<\/span><\/a><\/p>\n","protected":false},"author":1,"featured_media":0,"parent":150,"menu_order":0,"comment_status":"open","ping_status":"open","template":"","meta":{"footnotes":""},"class_list":["post-98","page","type-page","status-publish","hentry"],"_links":{"self":[{"href":"https:\/\/truckle.in-chemnitz.de\/wordpress\/wp-json\/wp\/v2\/pages\/98","targetHints":{"allow":["GET"]}}],"collection":[{"href":"https:\/\/truckle.in-chemnitz.de\/wordpress\/wp-json\/wp\/v2\/pages"}],"about":[{"href":"https:\/\/truckle.in-chemnitz.de\/wordpress\/wp-json\/wp\/v2\/types\/page"}],"author":[{"embeddable":true,"href":"https:\/\/truckle.in-chemnitz.de\/wordpress\/wp-json\/wp\/v2\/users\/1"}],"replies":[{"embeddable":true,"href":"https:\/\/truckle.in-chemnitz.de\/wordpress\/wp-json\/wp\/v2\/comments?post=98"}],"version-history":[{"count":63,"href":"https:\/\/truckle.in-chemnitz.de\/wordpress\/wp-json\/wp\/v2\/pages\/98\/revisions"}],"predecessor-version":[{"id":633,"href":"https:\/\/truckle.in-chemnitz.de\/wordpress\/wp-json\/wp\/v2\/pages\/98\/revisions\/633"}],"up":[{"embeddable":true,"href":"https:\/\/truckle.in-chemnitz.de\/wordpress\/wp-json\/wp\/v2\/pages\/150"}],"wp:attachment":[{"href":"https:\/\/truckle.in-chemnitz.de\/wordpress\/wp-json\/wp\/v2\/media?parent=98"}],"curies":[{"name":"wp","href":"https:\/\/api.w.org\/{rel}","templated":true}]}}